{"id":46384,"date":"2019-05-03T15:47:21","date_gmt":"2019-05-03T15:47:21","guid":{"rendered":"https:\/\/shop.metal-badge.ch\/?product=rechaud-a-essence-haute-performance"},"modified":"2019-05-03T15:48:49","modified_gmt":"2019-05-03T15:48:49","slug":"rechaud-a-essence-haute-performance","status":"publish","type":"product","link":"https:\/\/metal-badge.ch\/fr\/product\/46384\/rechaud-a-essence-haute-performance\/","title":{"rendered":"R\u00e9chaud \u00e0 essence haute performance"},"content":{"rendered":"<p>Un r\u00e9chaud \u00e0 essence pratique et puissant id\u00e9al pour le camping, la randonn\u00e9e et l&rsquo;ext\u00e9rieur. Ce r\u00e9chaud \u00e0 essence l\u00e9ger de seulement 510 g d&rsquo;une capacit\u00e9 de 450 ml et d&rsquo;une dur\u00e9e de combustion allant jusqu&rsquo;\u00e0 7 heures peut \u00eatre rempli avec de l&rsquo;essence sans plomb ou de l&rsquo;essence pure \/ white spirit. Cela signifie que ce po\u00eale peut \u00eatre utilis\u00e9 partout dans le monde sans aucun probl\u00e8me, car le combustible est disponible partout. Facile \u00e0 manipuler et tr\u00e8s maniable et robuste avec pieds rabattables et repose-tasses. La livraison comprend \u00e9galement le sac de transport \u00e9tanche ainsi qu&rsquo;un petit entonnoir en caoutchouc pour le remplissage et un jeu d&rsquo;outils.<\/p>\n<p><strong>Description du produit :<\/strong><br \/>\nMod\u00e8le : Cuisini\u00e8re \u00e0 essence \u00e0 tr\u00e8s haut rendement calorifique<br \/>\nRemplissage : De l&rsquo;essence sans plomb, de l&rsquo;essence pure ou de l&rsquo;essence blanche peuvent \u00eatre obtenues aupr\u00e8s de n&rsquo;importe quel fournisseur d&rsquo;\u00e9quipement de camping, etc.<br \/>\nPoids : 510 g.<br \/>\nPuissance : 2200 W<br \/>\nR\u00e9servoir de carburant : 450 ml<br \/>\nTaille de l&#8217;emballage : 170 x 140 mm chacune.<br \/>\nEmplacement de la po\u00eale?: 190 mm.<br \/>\nConsommation : env. 153 g\/h<br \/>\nDur\u00e9e de combustion : env. 7 h<br \/>\nTemps d&rsquo;\u00e9bullition : 3 min 55 secondes pour un litre d&rsquo;eau<br \/>\nPieds rabattables et supports de casseroles rabattables<br \/>\nLa livraison comprend \u00e9galement le sac de transport \u00e9tanche avec dragonne, un petit entonnoir en caoutchouc pour le remplissage et un jeu d&rsquo;outils.<\/p>\n","protected":false},"excerpt":{"rendered":"<p>Un r\u00e9chaud \u00e0 essence pratique et puissant id\u00e9al pour le camping, la randonn\u00e9e et l&rsquo;ext\u00e9rieur. Ce r\u00e9chaud \u00e0 essence l\u00e9ger de seulement 510 g d&rsquo;une capacit\u00e9 de 450 ml et d&rsquo;une dur\u00e9e de combustion allant jusqu&rsquo;\u00e0 7 heures peut \u00eatre rempli avec de l&rsquo;essence sans plomb ou de l&rsquo;essence pure \/ white spirit. Cela signifie [&hellip;]<\/p>\n","protected":false},"featured_media":88259,"comment_status":"open","ping_status":"closed","template":"","meta":{"inline_featured_image":false},"product_brand":[],"product_cat":[1347,1435],"product_tag":[1769,1777,1773],"class_list":{"0":"post-46384","1":"product","2":"type-product","3":"status-publish","4":"has-post-thumbnail","6":"product_cat-accessoires-militaires-de-chasse","7":"product_cat-camping-voyage","8":"product_tag-army-survival-fr","9":"product_tag-camping-voyage","10":"product_tag-chasse-peche","12":"first","13":"instock","14":"taxable","15":"shipping-taxable","16":"purchasable","17":"product-type-simple"},"_links":{"self":[{"href":"https:\/\/metal-badge.ch\/fr\/wp-json\/wp\/v2\/product\/46384","targetHints":{"allow":["GET"]}}],"collection":[{"href":"https:\/\/metal-badge.ch\/fr\/wp-json\/wp\/v2\/product"}],"about":[{"href":"https:\/\/metal-badge.ch\/fr\/wp-json\/wp\/v2\/types\/product"}],"replies":[{"embeddable":true,"href":"https:\/\/metal-badge.ch\/fr\/wp-json\/wp\/v2\/comments?post=46384"}],"wp:featuredmedia":[{"embeddable":true,"href":"https:\/\/metal-badge.ch\/fr\/wp-json\/wp\/v2\/media\/88259"}],"wp:attachment":[{"href":"https:\/\/metal-badge.ch\/fr\/wp-json\/wp\/v2\/media?parent=46384"}],"wp:term":[{"taxonomy":"product_brand","embeddable":true,"href":"https:\/\/metal-badge.ch\/fr\/wp-json\/wp\/v2\/product_brand?post=46384"},{"taxonomy":"product_cat","embeddable":true,"href":"https:\/\/metal-badge.ch\/fr\/wp-json\/wp\/v2\/product_cat?post=46384"},{"taxonomy":"product_tag","embeddable":true,"href":"https:\/\/metal-badge.ch\/fr\/wp-json\/wp\/v2\/product_tag?post=46384"}],"curies":[{"name":"wp","href":"https:\/\/api.w.org\/{rel}","templated":true}]}}