{"id":46345,"date":"2019-05-03T09:26:29","date_gmt":"2019-05-03T09:26:29","guid":{"rendered":"https:\/\/shop.metal-badge.ch\/?product=fleches-pour-pistolets-a-larbalete"},"modified":"2020-11-06T11:13:03","modified_gmt":"2020-11-06T10:13:03","slug":"fleches-pour-pistolets-a-larbalete-2","status":"publish","type":"product","link":"https:\/\/metal-badge.ch\/fr\/product\/46345\/fleches-pour-pistolets-a-larbalete-2\/","title":{"rendered":"Fl\u00e8ches pour pistolets \u00e0 l&rsquo;arbal\u00e8te"},"content":{"rendered":"<p>Fl\u00e8ches en plastique \/ pr\u00e9fabriqu\u00e9es pour pistolets \u00e0 arbal\u00e8te avec pointe et crochet en acier.<\/p>\n<p>Longueur: 16,4 cm<br \/>\nPoids: 8 gr.<br \/>\nCouleur: rouge<br \/>\nMat\u00e9riel: plastique<br \/>\nPointe: acier avec crochet<\/p>\n","protected":false},"excerpt":{"rendered":"<p>Fl\u00e8ches en plastique \/ pr\u00e9fabriqu\u00e9es pour pistolets \u00e0 arbal\u00e8te avec pointe et crochet en acier. Longueur: 16,4 cm Poids: 8 gr. Couleur: rouge Mat\u00e9riel: plastique Pointe: acier avec crochet<\/p>\n","protected":false},"featured_media":46343,"comment_status":"open","ping_status":"closed","template":"","meta":{"inline_featured_image":false},"product_brand":[],"product_cat":[1347,1475],"product_tag":[1769,1773,1765],"class_list":{"0":"post-46345","1":"product","2":"type-product","3":"status-publish","4":"has-post-thumbnail","6":"product_cat-accessoires-militaires-de-chasse","7":"product_cat-tir-a-larc-arbalete-sarbacane","8":"product_tag-army-survival-fr","9":"product_tag-chasse-peche","10":"product_tag-sport-outdoor-fr","12":"first","13":"instock","14":"taxable","15":"shipping-taxable","16":"purchasable","17":"product-type-simple"},"_links":{"self":[{"href":"https:\/\/metal-badge.ch\/fr\/wp-json\/wp\/v2\/product\/46345","targetHints":{"allow":["GET"]}}],"collection":[{"href":"https:\/\/metal-badge.ch\/fr\/wp-json\/wp\/v2\/product"}],"about":[{"href":"https:\/\/metal-badge.ch\/fr\/wp-json\/wp\/v2\/types\/product"}],"replies":[{"embeddable":true,"href":"https:\/\/metal-badge.ch\/fr\/wp-json\/wp\/v2\/comments?post=46345"}],"wp:featuredmedia":[{"embeddable":true,"href":"https:\/\/metal-badge.ch\/fr\/wp-json\/wp\/v2\/media\/46343"}],"wp:attachment":[{"href":"https:\/\/metal-badge.ch\/fr\/wp-json\/wp\/v2\/media?parent=46345"}],"wp:term":[{"taxonomy":"product_brand","embeddable":true,"href":"https:\/\/metal-badge.ch\/fr\/wp-json\/wp\/v2\/product_brand?post=46345"},{"taxonomy":"product_cat","embeddable":true,"href":"https:\/\/metal-badge.ch\/fr\/wp-json\/wp\/v2\/product_cat?post=46345"},{"taxonomy":"product_tag","embeddable":true,"href":"https:\/\/metal-badge.ch\/fr\/wp-json\/wp\/v2\/product_tag?post=46345"}],"curies":[{"name":"wp","href":"https:\/\/api.w.org\/{rel}","templated":true}]}}