{"id":46329,"date":"2019-05-03T08:42:14","date_gmt":"2019-05-03T08:42:14","guid":{"rendered":"https:\/\/shop.metal-badge.ch\/?product=arbalete-pistolet-cheetah-25-lbs"},"modified":"2020-08-02T03:52:21","modified_gmt":"2020-08-02T03:52:21","slug":"arbalete-pistolet-cheetah-25-lbs","status":"publish","type":"product","link":"https:\/\/metal-badge.ch\/fr\/product\/46329\/arbalete-pistolet-cheetah-25-lbs\/","title":{"rendered":"Arbal\u00e8te pistolet Cheetah 25 lbs"},"content":{"rendered":"<p>Nouvelle arbal\u00e8te pistole mod. Cheetah avec arc compound 25 lbs (12 kg) L&rsquo;arbal\u00e8te pistolet avec 3 fl\u00e8ches courtes et 3 carreaux. Sont \u00e9galement inclus 3 moulinets de p\u00eache avec les 3 fl\u00e8ches assorties et barbillons. Il dispose \u00e9galement d&rsquo;un magasin de 15 balles pour balles rondes en acier. Le fil est simplement tendu \u00e0 l&rsquo;aide d&rsquo;une tige de traction. Manipulation facile.<\/p>\n<p><strong>Donn\u00e9es techniques :<\/strong><br \/>\nMod\u00e8le : Arbal\u00e8te pistolet Cheetah<br \/>\nPoids : 765 g.<br \/>\nForce de traction : 25 lbs \/ 12 kg<br \/>\nCouleur : noir<br \/>\nMati\u00e8re : M\u00e9tal et fonte<br \/>\nLongueur : 29 cm<br \/>\nLargeur (arc) : 29 cm<br \/>\nPort\u00e9e : jusqu\u2019\u00e0 40 m<br \/>\nCorde : c\u00e2ble en acier<br \/>\nAccessoires : 50x balles en acier, 3x carreaux, 3x fl\u00e8ches et moulinet<\/p>\n","protected":false},"excerpt":{"rendered":"<p>Nouvelle arbal\u00e8te pistole mod. Cheetah avec arc compound 25 lbs (12 kg) L&rsquo;arbal\u00e8te pistolet avec 3 fl\u00e8ches courtes et 3 carreaux. Sont \u00e9galement inclus 3 moulinets de p\u00eache avec les 3 fl\u00e8ches assorties et barbillons. Il dispose \u00e9galement d&rsquo;un magasin de 15 balles pour balles rondes en acier. Le fil est simplement tendu \u00e0 l&rsquo;aide [&hellip;]<\/p>\n","protected":false},"featured_media":88263,"comment_status":"open","ping_status":"closed","template":"","meta":{"inline_featured_image":false},"product_brand":[],"product_cat":[1347,1475],"product_tag":[1769,1773,1765],"class_list":{"0":"post-46329","1":"product","2":"type-product","3":"status-publish","4":"has-post-thumbnail","6":"product_cat-accessoires-militaires-de-chasse","7":"product_cat-tir-a-larc-arbalete-sarbacane","8":"product_tag-army-survival-fr","9":"product_tag-chasse-peche","10":"product_tag-sport-outdoor-fr","12":"first","13":"outofstock","14":"taxable","15":"shipping-taxable","16":"purchasable","17":"product-type-simple"},"_links":{"self":[{"href":"https:\/\/metal-badge.ch\/fr\/wp-json\/wp\/v2\/product\/46329","targetHints":{"allow":["GET"]}}],"collection":[{"href":"https:\/\/metal-badge.ch\/fr\/wp-json\/wp\/v2\/product"}],"about":[{"href":"https:\/\/metal-badge.ch\/fr\/wp-json\/wp\/v2\/types\/product"}],"replies":[{"embeddable":true,"href":"https:\/\/metal-badge.ch\/fr\/wp-json\/wp\/v2\/comments?post=46329"}],"wp:featuredmedia":[{"embeddable":true,"href":"https:\/\/metal-badge.ch\/fr\/wp-json\/wp\/v2\/media\/88263"}],"wp:attachment":[{"href":"https:\/\/metal-badge.ch\/fr\/wp-json\/wp\/v2\/media?parent=46329"}],"wp:term":[{"taxonomy":"product_brand","embeddable":true,"href":"https:\/\/metal-badge.ch\/fr\/wp-json\/wp\/v2\/product_brand?post=46329"},{"taxonomy":"product_cat","embeddable":true,"href":"https:\/\/metal-badge.ch\/fr\/wp-json\/wp\/v2\/product_cat?post=46329"},{"taxonomy":"product_tag","embeddable":true,"href":"https:\/\/metal-badge.ch\/fr\/wp-json\/wp\/v2\/product_tag?post=46329"}],"curies":[{"name":"wp","href":"https:\/\/api.w.org\/{rel}","templated":true}]}}