{"id":46321,"date":"2019-05-03T08:24:11","date_gmt":"2019-05-03T08:24:11","guid":{"rendered":"https:\/\/shop.metal-badge.ch\/?product=arbalete-pistolet-40-lbs-p18"},"modified":"2019-05-03T08:30:50","modified_gmt":"2019-05-03T08:30:50","slug":"arbalete-pistolet-40-lbs-p18","status":"publish","type":"product","link":"https:\/\/metal-badge.ch\/fr\/product\/46321\/arbalete-pistolet-40-lbs-p18\/","title":{"rendered":"Arbal\u00e8te pistolet 40 lbs (P18)"},"content":{"rendered":"<p>Pistolet arbal\u00e8te fonctionnel avec vis\u00e9e r\u00e9glable en hauteur et lat\u00e9ralement. Il est \u00e9galement \u00e9quip\u00e9 d&rsquo;un rail Weaver pour le montage d&rsquo;un Red Dots. Sous le canon se trouve \u00e9galement un rail Weaver pour le montage d&rsquo;accessoires tactiques. Ce mod\u00e8le peut \u00eatre utilis\u00e9 avec des carreaux en plastique de 6,5 cm et des carreaux de 16,5 cm (6,5&Prime;). La livraison comprend au total 6 carreaux. L&rsquo;arbal\u00e8te pistolet tient bien en main et est facile \u00e0 manier.<\/p>\n<p><strong>Donn\u00e9es techniques :<\/strong><br \/>\nMod\u00e8le : Arbal\u00e8te pistolet<br \/>\nCouleur : noir<br \/>\nPoids en traction : env. 40 lbs = 18 kg<br \/>\nPoids : environ 590 g<br \/>\nLongueur : env. 30 cm<br \/>\nLargeur : env. 33 cm.<br \/>\nPowerstroke: env. 5,5&Prime; (env. 14 cm)<br \/>\nFl\u00e8ches \/ carreaux recommand\u00e9es : Carreaux en aluminium 6,5&Prime; (16,50 cm)<br \/>\nCompris dans la livraison :<br \/>\n3 fl\u00e8ches \/ carreaux 6,5 cm<br \/>\n3 fl\u00e8ches \/ carreaux 6,5&Prime; (env. 16,5 cm)<\/p>\n","protected":false},"excerpt":{"rendered":"<p>Pistolet arbal\u00e8te fonctionnel avec vis\u00e9e r\u00e9glable en hauteur et lat\u00e9ralement. Il est \u00e9galement \u00e9quip\u00e9 d&rsquo;un rail Weaver pour le montage d&rsquo;un Red Dots. Sous le canon se trouve \u00e9galement un rail Weaver pour le montage d&rsquo;accessoires tactiques. Ce mod\u00e8le peut \u00eatre utilis\u00e9 avec des carreaux en plastique de 6,5 cm et des carreaux de 16,5 [&hellip;]<\/p>\n","protected":false},"featured_media":88265,"comment_status":"open","ping_status":"closed","template":"","meta":{"inline_featured_image":false},"product_brand":[],"product_cat":[1347,1475],"product_tag":[1769,1773,1765],"class_list":{"0":"post-46321","1":"product","2":"type-product","3":"status-publish","4":"has-post-thumbnail","6":"product_cat-accessoires-militaires-de-chasse","7":"product_cat-tir-a-larc-arbalete-sarbacane","8":"product_tag-army-survival-fr","9":"product_tag-chasse-peche","10":"product_tag-sport-outdoor-fr","12":"first","13":"outofstock","14":"taxable","15":"shipping-taxable","16":"purchasable","17":"product-type-simple"},"_links":{"self":[{"href":"https:\/\/metal-badge.ch\/fr\/wp-json\/wp\/v2\/product\/46321","targetHints":{"allow":["GET"]}}],"collection":[{"href":"https:\/\/metal-badge.ch\/fr\/wp-json\/wp\/v2\/product"}],"about":[{"href":"https:\/\/metal-badge.ch\/fr\/wp-json\/wp\/v2\/types\/product"}],"replies":[{"embeddable":true,"href":"https:\/\/metal-badge.ch\/fr\/wp-json\/wp\/v2\/comments?post=46321"}],"wp:featuredmedia":[{"embeddable":true,"href":"https:\/\/metal-badge.ch\/fr\/wp-json\/wp\/v2\/media\/88265"}],"wp:attachment":[{"href":"https:\/\/metal-badge.ch\/fr\/wp-json\/wp\/v2\/media?parent=46321"}],"wp:term":[{"taxonomy":"product_brand","embeddable":true,"href":"https:\/\/metal-badge.ch\/fr\/wp-json\/wp\/v2\/product_brand?post=46321"},{"taxonomy":"product_cat","embeddable":true,"href":"https:\/\/metal-badge.ch\/fr\/wp-json\/wp\/v2\/product_cat?post=46321"},{"taxonomy":"product_tag","embeddable":true,"href":"https:\/\/metal-badge.ch\/fr\/wp-json\/wp\/v2\/product_tag?post=46321"}],"curies":[{"name":"wp","href":"https:\/\/api.w.org\/{rel}","templated":true}]}}