{"id":46299,"date":"2019-05-03T07:11:34","date_gmt":"2019-05-03T07:11:34","guid":{"rendered":"https:\/\/shop.metal-badge.ch\/?product=bolo-cravate-de-western-paramedical-gravure"},"modified":"2020-12-06T05:10:43","modified_gmt":"2020-12-06T04:10:43","slug":"bolo-cravate-de-western-paramedical-gravure","status":"publish","type":"product","link":"https:\/\/metal-badge.ch\/fr\/product\/46299\/bolo-cravate-de-western-paramedical-gravure\/","title":{"rendered":"Bolo, cravate de Western Param\u00e9dical, gravure"},"content":{"rendered":"<p>Ils ont de nombreux noms et sont utilis\u00e9s depuis longtemps en dehors du Western et\u00a0de la sc\u00e8ne country. Bolo avec extr\u00e9mit\u00e9s d\u00e9coratives \u00e9l\u00e9gantes. Bolo avec badge.\u00a0Le support sur le bolo permet de l&rsquo;ajuster facilement au badge. Le badge peut \u00eatre\u00a0tir\u00e9 facilement avec une poign\u00e9e au-dessus du support. Le bolo est fourni\u00a0avec\u00a0une\u00a0pince.\u00a0Deux\u00a0bolos\u00a0diff\u00e9rents\u00a0sont\u00a0disponibles:\u00a0un\u00a0en\u00a0cuir\u00a0marron\u00a0avec\u00a0des\u00a0extr\u00e9mit\u00e9s\u00a0argent\u00e9es en m\u00e9tal. Et un bolo en nylon noir avec extr\u00e9mit\u00e9s dor\u00e9es en m\u00e9tal.<\/p>\n<p>Peut \u00eatre ajust\u00e9 au porteur.<\/p>\n<p>S&rsquo;il vous pla\u00eet entrez le texte de votre gravure dans commentaires \u00e0 l&rsquo;ordre (voir troisi\u00e8me photo). La longueur maximale du texte est de 10 caract\u00e8res.<\/p>\n<p><span style=\"color: #ff0000\"><strong>Attention: les badges avec gravure sont envoy\u00e9s seulement contre paiement d&rsquo;avance (pas contre-remboursement).<\/strong><\/span><\/p>\n<p>Prix gravure : 1 badge = CHF 30.-<\/p>\n<p>Prix gravure : 2 &#8211; 5 badges = CHF 25.-<\/p>\n<p>Prix gravure : 6 &#8211; 10 badges = CHF 20.-<\/p>\n<p>Prix gravure : d\u00e8s 10 pi\u00e8ces = CHF 15.-<\/p>\n<p>Pour les commandes de \u201ebadges avec gravure\u201c, le d\u00e9lai de livraison est de 3 \u00e0 4 semaines.<\/p>\n","protected":false},"excerpt":{"rendered":"<p>Ils ont de nombreux noms et sont utilis\u00e9s depuis longtemps en dehors du Western et\u00a0de la sc\u00e8ne country. Bolo avec extr\u00e9mit\u00e9s d\u00e9coratives \u00e9l\u00e9gantes. Bolo avec badge.\u00a0Le support sur le bolo permet de l&rsquo;ajuster facilement au badge. Le badge peut \u00eatre\u00a0tir\u00e9 facilement avec une poign\u00e9e au-dessus du support. Le bolo est fourni\u00a0avec\u00a0une\u00a0pince.\u00a0Deux\u00a0bolos\u00a0diff\u00e9rents\u00a0sont\u00a0disponibles:\u00a0un\u00a0en\u00a0cuir\u00a0marron\u00a0avec\u00a0des\u00a0extr\u00e9mit\u00e9s\u00a0argent\u00e9es en m\u00e9tal. Et un [&hellip;]<\/p>\n","protected":false},"featured_media":46295,"comment_status":"open","ping_status":"closed","template":"","meta":{"inline_featured_image":false},"product_brand":[],"product_cat":[1455],"product_tag":[],"class_list":{"0":"post-46299","1":"product","2":"type-product","3":"status-publish","4":"has-post-thumbnail","6":"product_cat-paramedical-gravure","8":"first","9":"instock","10":"taxable","11":"shipping-taxable","12":"purchasable","13":"product-type-simple"},"_links":{"self":[{"href":"https:\/\/metal-badge.ch\/fr\/wp-json\/wp\/v2\/product\/46299","targetHints":{"allow":["GET"]}}],"collection":[{"href":"https:\/\/metal-badge.ch\/fr\/wp-json\/wp\/v2\/product"}],"about":[{"href":"https:\/\/metal-badge.ch\/fr\/wp-json\/wp\/v2\/types\/product"}],"replies":[{"embeddable":true,"href":"https:\/\/metal-badge.ch\/fr\/wp-json\/wp\/v2\/comments?post=46299"}],"wp:featuredmedia":[{"embeddable":true,"href":"https:\/\/metal-badge.ch\/fr\/wp-json\/wp\/v2\/media\/46295"}],"wp:attachment":[{"href":"https:\/\/metal-badge.ch\/fr\/wp-json\/wp\/v2\/media?parent=46299"}],"wp:term":[{"taxonomy":"product_brand","embeddable":true,"href":"https:\/\/metal-badge.ch\/fr\/wp-json\/wp\/v2\/product_brand?post=46299"},{"taxonomy":"product_cat","embeddable":true,"href":"https:\/\/metal-badge.ch\/fr\/wp-json\/wp\/v2\/product_cat?post=46299"},{"taxonomy":"product_tag","embeddable":true,"href":"https:\/\/metal-badge.ch\/fr\/wp-json\/wp\/v2\/product_tag?post=46299"}],"curies":[{"name":"wp","href":"https:\/\/api.w.org\/{rel}","templated":true}]}}