{"id":46187,"date":"2019-05-02T17:12:27","date_gmt":"2019-05-02T17:12:27","guid":{"rendered":"https:\/\/shop.metal-badge.ch\/?product=carreaux-darbalete-fleche-en-carbone-50-mm"},"modified":"2020-08-02T03:50:47","modified_gmt":"2020-08-02T03:50:47","slug":"carreaux-darbalete-fleche-en-carbone-50-mm","status":"publish","type":"product","link":"https:\/\/metal-badge.ch\/fr\/product\/46187\/carreaux-darbalete-fleche-en-carbone-50-mm\/","title":{"rendered":"Carreaux d&rsquo;arbal\u00e8te \/ fl\u00e8che en carbone 5,0 mm"},"content":{"rendered":"<p>Carreaux en carbone \/ fl\u00e8che bon march\u00e9 avec un bon rapport qualit\u00e9-prix.<\/p>\n<p><strong>Donn\u00e9es techniques :<\/strong><br \/>\nPoids : 30 g.<br \/>\nLongueur de la fl\u00e8che : 33,5 cm (13 pouces)<br \/>\nCouleur : noir<br \/>\nEmpennage : jaune\/orange<br \/>\n3 palettes<br \/>\nDiam\u00e8tre : 5 mm.<br \/>\nPointe : pointe en acier fixe<br \/>\nContenu : Lot de 5 pi\u00e8ces<\/p>\n","protected":false},"excerpt":{"rendered":"<p>Carreaux en carbone \/ fl\u00e8che bon march\u00e9 avec un bon rapport qualit\u00e9-prix. Donn\u00e9es techniques : Poids : 30 g. Longueur de la fl\u00e8che : 33,5 cm (13 pouces) Couleur : noir Empennage : jaune\/orange 3 palettes Diam\u00e8tre : 5 mm. Pointe : pointe en acier fixe Contenu : Lot de 5 pi\u00e8ces<\/p>\n","protected":false},"featured_media":88267,"comment_status":"open","ping_status":"closed","template":"","meta":{"inline_featured_image":false},"product_brand":[],"product_cat":[1347,1475],"product_tag":[1769,1773,1765],"class_list":{"0":"post-46187","1":"product","2":"type-product","3":"status-publish","4":"has-post-thumbnail","6":"product_cat-accessoires-militaires-de-chasse","7":"product_cat-tir-a-larc-arbalete-sarbacane","8":"product_tag-army-survival-fr","9":"product_tag-chasse-peche","10":"product_tag-sport-outdoor-fr","12":"first","13":"instock","14":"taxable","15":"shipping-taxable","16":"purchasable","17":"product-type-simple"},"_links":{"self":[{"href":"https:\/\/metal-badge.ch\/fr\/wp-json\/wp\/v2\/product\/46187","targetHints":{"allow":["GET"]}}],"collection":[{"href":"https:\/\/metal-badge.ch\/fr\/wp-json\/wp\/v2\/product"}],"about":[{"href":"https:\/\/metal-badge.ch\/fr\/wp-json\/wp\/v2\/types\/product"}],"replies":[{"embeddable":true,"href":"https:\/\/metal-badge.ch\/fr\/wp-json\/wp\/v2\/comments?post=46187"}],"wp:featuredmedia":[{"embeddable":true,"href":"https:\/\/metal-badge.ch\/fr\/wp-json\/wp\/v2\/media\/88267"}],"wp:attachment":[{"href":"https:\/\/metal-badge.ch\/fr\/wp-json\/wp\/v2\/media?parent=46187"}],"wp:term":[{"taxonomy":"product_brand","embeddable":true,"href":"https:\/\/metal-badge.ch\/fr\/wp-json\/wp\/v2\/product_brand?post=46187"},{"taxonomy":"product_cat","embeddable":true,"href":"https:\/\/metal-badge.ch\/fr\/wp-json\/wp\/v2\/product_cat?post=46187"},{"taxonomy":"product_tag","embeddable":true,"href":"https:\/\/metal-badge.ch\/fr\/wp-json\/wp\/v2\/product_tag?post=46187"}],"curies":[{"name":"wp","href":"https:\/\/api.w.org\/{rel}","templated":true}]}}