{"id":46170,"date":"2019-05-02T16:18:31","date_gmt":"2019-05-02T16:18:31","guid":{"rendered":"https:\/\/shop.metal-badge.ch\/?product=arbalete-composee-scorption-couleur-camouflage-180-lbs"},"modified":"2019-05-02T16:19:42","modified_gmt":"2019-05-02T16:19:42","slug":"arbalete-composee-scorption-couleur-camouflage-180-lbs","status":"publish","type":"product","link":"https:\/\/metal-badge.ch\/fr\/product\/46170\/arbalete-composee-scorption-couleur-camouflage-180-lbs\/","title":{"rendered":"Arbal\u00e8te compos\u00e9e Scorption, couleur camouflage 180 lbs"},"content":{"rendered":"<p>L&rsquo;arbal\u00e8te compos\u00e9e Scorpion est \u00e9quip\u00e9e d&rsquo;un manche camouflage et d&rsquo;un viseur r\u00e9glable en hauteur et lat\u00e9ralement Des aides pour viser suppl\u00e9mentaires peuvent \u00e9galement \u00eatre fix\u00e9es sur le rail Weaver fix\u00e9. Nous vendons \u00e9galement des cibles adapt\u00e9es. Les branches peuvent \u00eatre repli\u00e9es lat\u00e9ralement lors du d\u00e9montage. L&rsquo;arbal\u00e8te est \u00e9quip\u00e9e de tout ce que vous pouvez attendre d&rsquo;une arbal\u00e8te forte, rapide et presque parfaite. \u00c0 commencer par les cames usin\u00e9es CNC de pr\u00e9cision, le canon en aluminium, la crosse en composite l\u00e9ger et les branches en fibre de verre, en passant par le rail Weaver de 22mm pour fixer un fusil-lunette (non inclus). Plaque de rev\u00eatement caoutchout\u00e9e et repose-pieds rabattable. Bien s\u00fbr, les propri\u00e9t\u00e9s techniques ne sont en aucun cas inf\u00e9rieures \u00e0 la perfection. Avec un poids de traction de 180 livres, ce Scorpion atteint des vitesses de carreaux \u00e0 couper le souffle allant jusqu&rsquo;\u00e0 300 fps (environ 330 km\/h) et est donc tr\u00e8s bien not\u00e9 en termes de rapport qualit\u00e9\/prix. Pour la protection n\u00e9cessaire contre les dommages caus\u00e9s par un tir \u00e0 vide, l&rsquo;arbal\u00e8te est naturellement \u00e9quip\u00e9e d&rsquo;un dispositif de s\u00e9curit\u00e9, la technologie Dry-Fire-Inhibitor, qui emp\u00eache que l&rsquo;arbal\u00e8te ne soit utilis\u00e9e sans fl\u00e8ches. Une aide \u00e0 la tension et un lot de 5 fl\u00e8ches sont compris.<\/p>\n<p>\n<strong>Donn\u00e9es techniques :<\/strong><br \/>\nMod\u00e8le : Scorpion M58<br \/>\nMati\u00e8re : plastique, fibre de verre, m\u00e9tal.<br \/>\nCouleur : camouflage<br \/>\nLongueur de l\u2019arc : 33,85 pouces \/ env. 86 cm<br \/>\nLargeur de l\u2019arc : 29,13 pouces \/ env. 74 cm<br \/>\nPoids en traction : 180 lbs \/ env. 90 kg<br \/>\nVitesse de la fl\u00e8che : 300 fps \/ env. 330 km\/h<br \/>\nRappel \/ Power stroke : 13 pouces<br \/>\nPoids : 9 lbs \/ 4,5 kg<br \/>\nCrosse l\u00e9g\u00e8re et de haute qualit\u00e9 en plastique<br \/>\nAide \u00e0 la tension comprise dans la livraison<br \/>\nS\u00e9curit\u00e9 automatique<br \/>\nSupports pour les pieds repliables<br \/>\nPort\u00e9e d&rsquo;env. 200 m\u00e8tres<br \/>\nLot de 5 fl\u00e8ches \/ carreaux compris<\/p>\n","protected":false},"excerpt":{"rendered":"<p>L&rsquo;arbal\u00e8te compos\u00e9e Scorpion est \u00e9quip\u00e9e d&rsquo;un manche camouflage et d&rsquo;un viseur r\u00e9glable en hauteur et lat\u00e9ralement Des aides pour viser suppl\u00e9mentaires peuvent \u00e9galement \u00eatre fix\u00e9es sur le rail Weaver fix\u00e9. Nous vendons \u00e9galement des cibles adapt\u00e9es. Les branches peuvent \u00eatre repli\u00e9es lat\u00e9ralement lors du d\u00e9montage. L&rsquo;arbal\u00e8te est \u00e9quip\u00e9e de tout ce que vous pouvez attendre [&hellip;]<\/p>\n","protected":false},"featured_media":88271,"comment_status":"open","ping_status":"closed","template":"","meta":{"inline_featured_image":false},"product_brand":[],"product_cat":[1347,1475],"product_tag":[1769,1773,1765],"class_list":{"0":"post-46170","1":"product","2":"type-product","3":"status-publish","4":"has-post-thumbnail","6":"product_cat-accessoires-militaires-de-chasse","7":"product_cat-tir-a-larc-arbalete-sarbacane","8":"product_tag-army-survival-fr","9":"product_tag-chasse-peche","10":"product_tag-sport-outdoor-fr","12":"first","13":"instock","14":"taxable","15":"shipping-taxable","16":"purchasable","17":"product-type-simple"},"_links":{"self":[{"href":"https:\/\/metal-badge.ch\/fr\/wp-json\/wp\/v2\/product\/46170","targetHints":{"allow":["GET"]}}],"collection":[{"href":"https:\/\/metal-badge.ch\/fr\/wp-json\/wp\/v2\/product"}],"about":[{"href":"https:\/\/metal-badge.ch\/fr\/wp-json\/wp\/v2\/types\/product"}],"replies":[{"embeddable":true,"href":"https:\/\/metal-badge.ch\/fr\/wp-json\/wp\/v2\/comments?post=46170"}],"wp:featuredmedia":[{"embeddable":true,"href":"https:\/\/metal-badge.ch\/fr\/wp-json\/wp\/v2\/media\/88271"}],"wp:attachment":[{"href":"https:\/\/metal-badge.ch\/fr\/wp-json\/wp\/v2\/media?parent=46170"}],"wp:term":[{"taxonomy":"product_brand","embeddable":true,"href":"https:\/\/metal-badge.ch\/fr\/wp-json\/wp\/v2\/product_brand?post=46170"},{"taxonomy":"product_cat","embeddable":true,"href":"https:\/\/metal-badge.ch\/fr\/wp-json\/wp\/v2\/product_cat?post=46170"},{"taxonomy":"product_tag","embeddable":true,"href":"https:\/\/metal-badge.ch\/fr\/wp-json\/wp\/v2\/product_tag?post=46170"}],"curies":[{"name":"wp","href":"https:\/\/api.w.org\/{rel}","templated":true}]}}