{"id":46090,"date":"2019-05-01T22:46:53","date_gmt":"2019-05-01T22:46:53","guid":{"rendered":"https:\/\/shop.metal-badge.ch\/?product=etui-en-cuir-outstanding-paramedical-gravure"},"modified":"2020-12-06T14:16:48","modified_gmt":"2020-12-06T13:16:48","slug":"etui-en-cuir-outstanding-paramedical-gravure","status":"publish","type":"product","link":"https:\/\/metal-badge.ch\/fr\/product\/46090\/etui-en-cuir-outstanding-paramedical-gravure\/","title":{"rendered":"Etui en cuir \u00ab\u00a0Outstanding\u00a0\u00bb Param\u00e9dical, gravure"},"content":{"rendered":"<p>Ce portefeuille noir est fabriqu\u00e9 en cuir de b\u0153uf d&rsquo;haute qualit\u00e9 et est fourni avec portemonnaie int\u00e9gr\u00e9e avec bouton de pression, ainsi qu\u2019une partie pliable avec deux fen\u00eatres pour cartes d\u2019identit\u00e9. A l\u2019int\u00e9rieur de l\u2019\u00e9tui on trouve une partie avec quatre compartiments\u00a0de rangement\u00a0pour au moins 8 \u00e0 12 cartes de cr\u00e9dit.<\/p>\n<p>En plus, dans l\u2019\u00e9tui on trouve encore deux compartiments pour billets bancaires, l\u2019un avec fermeture \u00e0 glissi\u00e8re. Un avantage en plus de ce joli \u00e9tui est son porte-stylo, on peut simplement ins\u00e9rer le stylo horizontalement dans l\u2019\u00e9lastique \u00e0 l\u2019int\u00e9rieur.<\/p>\n<p>Sur cet \u00e9tui en format vertical, le badge reste visible \u00e0 l&rsquo;ext\u00e9rieur. L\u2019\u00e9tui est ferm\u00e9 avec un bouton pression de s\u00e9curit\u00e9. Ce portefeuille est fourni avec une sangle de transport (amovible) avec fermeture \u00e0 mousqueton. Comme fixation additionnelle, on trouve encore \u00e0 l\u2019ext\u00e9rieur de l\u2019\u00e9tui deux crochets de 5 cm diam\u00e8tre pour portage \u00e0 la ceinture.<\/p>\n<p>Compris d\u2019un exclusif stylo en m\u00e9tal de couleur argent\u00e9e.<\/p>\n<p>Dimensions \/ mesures : hauteur 11 cm \/ largeur 9.5 cm<\/p>\n<p>S&rsquo;il vous pla\u00eet entrez le texte de votre gravure dans commentaires \u00e0 l&rsquo;ordre (voir troisi\u00e8me photo). La longueur maximale du texte est de 10 caract\u00e8res.<\/p>\n<p>Attention: les badges avec gravure sont envoy\u00e9s seulement contre paiement d&rsquo;avance (pas contre-remboursement).<\/p>\n<p>Prix gravure : 1 badge = CHF 30.-<\/p>\n<p>Prix gravure : 2 &#8211; 5 badges = CHF 25.-<\/p>\n<p>Prix gravure : 6 &#8211; 10 badges = CHF 20.-<\/p>\n<p>Prix gravure : d\u00e8s 10 pi\u00e8ces = CHF 15.-<\/p>\n<p>Pour les commandes de \u201ebadges avec gravure\u201c, le d\u00e9lai de livraison est de 3 \u00e0 4 semaines.<\/p>\n","protected":false},"excerpt":{"rendered":"<p>Ce portefeuille noir est fabriqu\u00e9 en cuir de b\u0153uf d&rsquo;haute qualit\u00e9 et est fourni avec portemonnaie int\u00e9gr\u00e9e avec bouton de pression, ainsi qu\u2019une partie pliable avec deux fen\u00eatres pour cartes d\u2019identit\u00e9. A l\u2019int\u00e9rieur de l\u2019\u00e9tui on trouve une partie avec quatre compartiments\u00a0de rangement\u00a0pour au moins 8 \u00e0 12 cartes de cr\u00e9dit. En plus, dans l\u2019\u00e9tui [&hellip;]<\/p>\n","protected":false},"featured_media":46083,"comment_status":"open","ping_status":"closed","template":"","meta":{"inline_featured_image":false},"product_brand":[],"product_cat":[1455],"product_tag":[],"class_list":{"0":"post-46090","1":"product","2":"type-product","3":"status-publish","4":"has-post-thumbnail","6":"product_cat-paramedical-gravure","8":"first","9":"instock","10":"taxable","11":"shipping-taxable","12":"purchasable","13":"product-type-simple"},"_links":{"self":[{"href":"https:\/\/metal-badge.ch\/fr\/wp-json\/wp\/v2\/product\/46090","targetHints":{"allow":["GET"]}}],"collection":[{"href":"https:\/\/metal-badge.ch\/fr\/wp-json\/wp\/v2\/product"}],"about":[{"href":"https:\/\/metal-badge.ch\/fr\/wp-json\/wp\/v2\/types\/product"}],"replies":[{"embeddable":true,"href":"https:\/\/metal-badge.ch\/fr\/wp-json\/wp\/v2\/comments?post=46090"}],"wp:featuredmedia":[{"embeddable":true,"href":"https:\/\/metal-badge.ch\/fr\/wp-json\/wp\/v2\/media\/46083"}],"wp:attachment":[{"href":"https:\/\/metal-badge.ch\/fr\/wp-json\/wp\/v2\/media?parent=46090"}],"wp:term":[{"taxonomy":"product_brand","embeddable":true,"href":"https:\/\/metal-badge.ch\/fr\/wp-json\/wp\/v2\/product_brand?post=46090"},{"taxonomy":"product_cat","embeddable":true,"href":"https:\/\/metal-badge.ch\/fr\/wp-json\/wp\/v2\/product_cat?post=46090"},{"taxonomy":"product_tag","embeddable":true,"href":"https:\/\/metal-badge.ch\/fr\/wp-json\/wp\/v2\/product_tag?post=46090"}],"curies":[{"name":"wp","href":"https:\/\/api.w.org\/{rel}","templated":true}]}}