{"id":46070,"date":"2019-05-01T21:39:24","date_gmt":"2019-05-01T21:39:24","guid":{"rendered":"https:\/\/shop.metal-badge.ch\/?product=etui-en-cuir-liberty-paramedical-gravure"},"modified":"2020-12-06T14:26:26","modified_gmt":"2020-12-06T13:26:26","slug":"etui-en-cuir-liberty-paramedical-gravure","status":"publish","type":"product","link":"https:\/\/metal-badge.ch\/fr\/product\/46070\/etui-en-cuir-liberty-paramedical-gravure\/","title":{"rendered":"Etui en cuir \u00ab\u00a0Liberty\u00a0\u00bb Param\u00e9dical, gravure"},"content":{"rendered":"<p>Petit \u00e9tui de cuir brun, robuste avec une fen\u00eatre pour carte d&rsquo;identit\u00e9 et deux compartiments pour cartes de cr\u00e9dit, pour au moins 4 cartes de cr\u00e9dit. L&rsquo;\u00e9tui est muni d&rsquo;un compartiment pour la monnaie avec un bouton pression. En plus, deux compartiments s\u00e9par\u00e9s pour les billets de banque. Un petit compartiment suppl\u00e9mentaire pour diff\u00e9rentes cartes d&rsquo;identit\u00e9, notices etc., compl\u00e8te cet \u00e9tui. Excellente qualit\u00e9.<\/p>\n<p><strong>Ce cuir r\u00e9sistant souligne la structure naturelle du produit et donne \u00e0 chaque \u00e9tui son caract\u00e8re individuel &#8211; les connaisseurs de cuir estiment le look du cuir port\u00e9 comme un \u00a0\u00bb charme tr\u00e8s particulier \u00ab\u00a0. <\/strong><\/p>\n<p>Veuillez noter !<\/p>\n<p>Chaque \u00e9tui est unique en son genre, c&rsquo;est pourquoi les photos (couleur et structure du cuir) peuvent diff\u00e9rer dans les nuances de la marchandise livr\u00e9e !<\/p>\n<p>Le cuir est une peau animale tann\u00e9e. C&rsquo;est un produit naturel d&rsquo;une beaut\u00e9 exceptionnelle avec toutes ses irr\u00e9gularit\u00e9s typiques, comme les traces et les erreurs de pigment. Chaque pi\u00e8ce a son identit\u00e9 unique.<\/p>\n<p>Dimension de l&rsquo;\u00e9tui : hauteur 8 cm \/ largeur 10 cm<\/p>\n<p>S&rsquo;il vous pla\u00eet entrez le texte de votre gravure dans commentaires \u00e0 l&rsquo;ordre (voir troisi\u00e8me photo). La longueur maximale du texte est de 10 caract\u00e8res.<\/p>\n<p>Attention: les badges avec gravure sont envoy\u00e9s seulement contre paiement d&rsquo;avance (pas contre-remboursement).<\/p>\n<p>Prix gravure : 1 badge = CHF 30.-<\/p>\n<p>Prix gravure : 2 &#8211; 5 badges = CHF 25.-<\/p>\n<p>Prix gravure : 6 &#8211; 10 badges = CHF 20.-<\/p>\n<p>Prix gravure : d\u00e8s 10 pi\u00e8ces = CHF 15.-<\/p>\n<p>Pour les commandes de \u201ebadges avec gravure\u201c, le d\u00e9lai de livraison est de 3 \u00e0 4 semaines.<\/p>\n","protected":false},"excerpt":{"rendered":"<p>Petit \u00e9tui de cuir brun, robuste avec une fen\u00eatre pour carte d&rsquo;identit\u00e9 et deux compartiments pour cartes de cr\u00e9dit, pour au moins 4 cartes de cr\u00e9dit. L&rsquo;\u00e9tui est muni d&rsquo;un compartiment pour la monnaie avec un bouton pression. En plus, deux compartiments s\u00e9par\u00e9s pour les billets de banque. Un petit compartiment suppl\u00e9mentaire pour diff\u00e9rentes cartes [&hellip;]<\/p>\n","protected":false},"featured_media":46063,"comment_status":"open","ping_status":"closed","template":"","meta":{"inline_featured_image":false},"product_brand":[],"product_cat":[1455],"product_tag":[],"class_list":{"0":"post-46070","1":"product","2":"type-product","3":"status-publish","4":"has-post-thumbnail","6":"product_cat-paramedical-gravure","8":"first","9":"instock","10":"taxable","11":"shipping-taxable","12":"purchasable","13":"product-type-simple"},"_links":{"self":[{"href":"https:\/\/metal-badge.ch\/fr\/wp-json\/wp\/v2\/product\/46070","targetHints":{"allow":["GET"]}}],"collection":[{"href":"https:\/\/metal-badge.ch\/fr\/wp-json\/wp\/v2\/product"}],"about":[{"href":"https:\/\/metal-badge.ch\/fr\/wp-json\/wp\/v2\/types\/product"}],"replies":[{"embeddable":true,"href":"https:\/\/metal-badge.ch\/fr\/wp-json\/wp\/v2\/comments?post=46070"}],"wp:featuredmedia":[{"embeddable":true,"href":"https:\/\/metal-badge.ch\/fr\/wp-json\/wp\/v2\/media\/46063"}],"wp:attachment":[{"href":"https:\/\/metal-badge.ch\/fr\/wp-json\/wp\/v2\/media?parent=46070"}],"wp:term":[{"taxonomy":"product_brand","embeddable":true,"href":"https:\/\/metal-badge.ch\/fr\/wp-json\/wp\/v2\/product_brand?post=46070"},{"taxonomy":"product_cat","embeddable":true,"href":"https:\/\/metal-badge.ch\/fr\/wp-json\/wp\/v2\/product_cat?post=46070"},{"taxonomy":"product_tag","embeddable":true,"href":"https:\/\/metal-badge.ch\/fr\/wp-json\/wp\/v2\/product_tag?post=46070"}],"curies":[{"name":"wp","href":"https:\/\/api.w.org\/{rel}","templated":true}]}}