{"id":46019,"date":"2019-04-30T19:00:48","date_gmt":"2019-04-30T19:00:48","guid":{"rendered":"https:\/\/shop.metal-badge.ch\/?product=etui-en-cuir-classic-paramedical-gravure"},"modified":"2020-12-07T00:20:48","modified_gmt":"2020-12-06T23:20:48","slug":"etui-en-cuir-classic-paramedical-gravure","status":"publish","type":"product","link":"https:\/\/metal-badge.ch\/fr\/product\/46019\/etui-en-cuir-classic-paramedical-gravure\/","title":{"rendered":"Etui en cuir \u00ab\u00a0Classic\u00a0\u00bb Param\u00e9dical, gravure"},"content":{"rendered":"<p>Housse en cuir de b\u0153uf noir trait\u00e9 de haute qualit\u00e9 avec beaucoup de d\u00e9tails.<\/p>\n<p>Equip\u00e9 de quatre fen\u00eatres pour cartes d\u2019identit\u00e9 ainsi qu\u2019un compartiment pour au moins trois cartes de cr\u00e9dit. En plus, la housse comprend encore \u00e0 l\u2019int\u00e9rieur un compartiment pour cartes d\u2019identit\u00e9, notes, re\u00e7us, etc. Le verrouillage par cha\u00eene peut \u00eatre facilement ouvert et est s\u00e9curis\u00e9 par un point de rupture.<\/p>\n<p>Cette housse est \u00e9quip\u00e9e de quatre \u0153illets et peut \u00eatre port\u00e9e en format vertical ou horizontal. On peut aussi plier la housse et la s\u00e9curiser avec la fermeture velcro.<\/p>\n<p>Le top absolu de cette housse est son porte-stylo lat\u00e9ral \u00e9lastiqu\u00e9.<br \/>\nCompris d\u2019un exclusif stylo en m\u00e9tal de couleur argent\u00e9e.<\/p>\n<p>Dimensions\/ mesures : Largeur 8.5 cm \/ hauteur 11.0 cm<\/p>\n<p>S&rsquo;il vous pla\u00eet entrez le texte de votre gravure dans commentaires \u00e0 l&rsquo;ordre (voir troisi\u00e8me photo). La longueur maximale du texte est de 10 caract\u00e8res.<\/p>\n<p>Attention: les badges avec gravure sont envoy\u00e9s seulement contre paiement d&rsquo;avance (pas contre-remboursement).<\/p>\n<p>Prix gravure : 1 badge = CHF 30.-<\/p>\n<p>Prix gravure : 2 &#8211; 5 badges = CHF 25.-<\/p>\n<p>Prix gravure : 6 &#8211; 10 badges = CHF 20.-<\/p>\n<p>Prix gravure : d\u00e8s 10 pi\u00e8ces = CHF 15.-<\/p>\n<p>Pour les commandes de \u201ebadges avec gravure\u201c, le d\u00e9lai de livraison est de 3 \u00e0 4 semaines.<\/p>\n","protected":false},"excerpt":{"rendered":"<p>Housse en cuir de b\u0153uf noir trait\u00e9 de haute qualit\u00e9 avec beaucoup de d\u00e9tails. Equip\u00e9 de quatre fen\u00eatres pour cartes d\u2019identit\u00e9 ainsi qu\u2019un compartiment pour au moins trois cartes de cr\u00e9dit. En plus, la housse comprend encore \u00e0 l\u2019int\u00e9rieur un compartiment pour cartes d\u2019identit\u00e9, notes, re\u00e7us, etc. Le verrouillage par cha\u00eene peut \u00eatre facilement ouvert [&hellip;]<\/p>\n","protected":false},"featured_media":46012,"comment_status":"open","ping_status":"closed","template":"","meta":{"inline_featured_image":false},"product_brand":[],"product_cat":[1455],"product_tag":[],"class_list":{"0":"post-46019","1":"product","2":"type-product","3":"status-publish","4":"has-post-thumbnail","6":"product_cat-paramedical-gravure","8":"first","9":"instock","10":"taxable","11":"shipping-taxable","12":"purchasable","13":"product-type-simple"},"_links":{"self":[{"href":"https:\/\/metal-badge.ch\/fr\/wp-json\/wp\/v2\/product\/46019","targetHints":{"allow":["GET"]}}],"collection":[{"href":"https:\/\/metal-badge.ch\/fr\/wp-json\/wp\/v2\/product"}],"about":[{"href":"https:\/\/metal-badge.ch\/fr\/wp-json\/wp\/v2\/types\/product"}],"replies":[{"embeddable":true,"href":"https:\/\/metal-badge.ch\/fr\/wp-json\/wp\/v2\/comments?post=46019"}],"wp:featuredmedia":[{"embeddable":true,"href":"https:\/\/metal-badge.ch\/fr\/wp-json\/wp\/v2\/media\/46012"}],"wp:attachment":[{"href":"https:\/\/metal-badge.ch\/fr\/wp-json\/wp\/v2\/media?parent=46019"}],"wp:term":[{"taxonomy":"product_brand","embeddable":true,"href":"https:\/\/metal-badge.ch\/fr\/wp-json\/wp\/v2\/product_brand?post=46019"},{"taxonomy":"product_cat","embeddable":true,"href":"https:\/\/metal-badge.ch\/fr\/wp-json\/wp\/v2\/product_cat?post=46019"},{"taxonomy":"product_tag","embeddable":true,"href":"https:\/\/metal-badge.ch\/fr\/wp-json\/wp\/v2\/product_tag?post=46019"}],"curies":[{"name":"wp","href":"https:\/\/api.w.org\/{rel}","templated":true}]}}