{"id":46009,"date":"2019-04-30T18:52:33","date_gmt":"2019-04-30T18:52:33","guid":{"rendered":"https:\/\/shop.metal-badge.ch\/?product=etui-en-cuir-casual-paramedical-gravure"},"modified":"2020-12-07T00:25:44","modified_gmt":"2020-12-06T23:25:44","slug":"etui-en-cuir-casual-paramedical-gravure","status":"publish","type":"product","link":"https:\/\/metal-badge.ch\/fr\/product\/46009\/etui-en-cuir-casual-paramedical-gravure\/","title":{"rendered":"Etui en cuir \u00ab\u00a0Casual\u00a0\u00bb  Param\u00e9dical, gravure"},"content":{"rendered":"<p>Etui en cuir noir de haute qualit\u00e9 avec une belle surface structur\u00e9e. L&rsquo;\u00e9tui est \u00e9quip\u00e9 de deux fen\u00eatres pour cartes d&rsquo;identit\u00e9 et de six emplacements pour cartes de cr\u00e9dit et un compartiment s\u00e9par\u00e9 pour billets de banque. L&rsquo;\u00e9tui est d\u00e9cor\u00e9 de deux boutons \u00e0 pression. Connect\u00e9 \u00e0 une cha\u00eene, l&rsquo;\u00e9tui peut facilement \u00eatre attach\u00e9 \u00e0 chaque ceinture et s&rsquo;int\u00e8gre dans n&rsquo;importe quelle poche. Appropri\u00e9 pour les motocyclistes etc. Dimensions: largeur 10 cm \/ hauteur 12 cm. Longueur de la cha\u00eene: 40 cm.<\/p>\n<p>S&rsquo;il vous pla\u00eet entrez le texte de votre gravure dans commentaires \u00e0 l&rsquo;ordre (voir troisi\u00e8me photo). La longueur maximale du texte est de 10 caract\u00e8res.<\/p>\n<p>Attention: les badges avec gravure sont envoy\u00e9s seulement contre paiement d&rsquo;avance (pas contre-remboursement).<\/p>\n<p>Prix gravure : 1 badge = CHF 30.-<\/p>\n<p>Prix gravure : 2 &#8211; 5 badges = CHF 25.-<\/p>\n<p>Prix gravure : 6 &#8211; 10 badges = CHF 20.-<\/p>\n<p>Prix gravure : d\u00e8s 10 pi\u00e8ces = CHF 15.-<\/p>\n<p>Pour les commandes de \u201ebadges avec gravure\u201c, le d\u00e9lai de livraison est de 3 \u00e0 4 semaines.<\/p>\n","protected":false},"excerpt":{"rendered":"<p>Etui en cuir noir de haute qualit\u00e9 avec une belle surface structur\u00e9e. L&rsquo;\u00e9tui est \u00e9quip\u00e9 de deux fen\u00eatres pour cartes d&rsquo;identit\u00e9 et de six emplacements pour cartes de cr\u00e9dit et un compartiment s\u00e9par\u00e9 pour billets de banque. L&rsquo;\u00e9tui est d\u00e9cor\u00e9 de deux boutons \u00e0 pression. Connect\u00e9 \u00e0 une cha\u00eene, l&rsquo;\u00e9tui peut facilement \u00eatre attach\u00e9 \u00e0 [&hellip;]<\/p>\n","protected":false},"featured_media":46004,"comment_status":"open","ping_status":"closed","template":"","meta":{"inline_featured_image":false},"product_brand":[],"product_cat":[1455],"product_tag":[],"class_list":{"0":"post-46009","1":"product","2":"type-product","3":"status-publish","4":"has-post-thumbnail","6":"product_cat-paramedical-gravure","8":"first","9":"instock","10":"taxable","11":"shipping-taxable","12":"purchasable","13":"product-type-simple"},"_links":{"self":[{"href":"https:\/\/metal-badge.ch\/fr\/wp-json\/wp\/v2\/product\/46009","targetHints":{"allow":["GET"]}}],"collection":[{"href":"https:\/\/metal-badge.ch\/fr\/wp-json\/wp\/v2\/product"}],"about":[{"href":"https:\/\/metal-badge.ch\/fr\/wp-json\/wp\/v2\/types\/product"}],"replies":[{"embeddable":true,"href":"https:\/\/metal-badge.ch\/fr\/wp-json\/wp\/v2\/comments?post=46009"}],"wp:featuredmedia":[{"embeddable":true,"href":"https:\/\/metal-badge.ch\/fr\/wp-json\/wp\/v2\/media\/46004"}],"wp:attachment":[{"href":"https:\/\/metal-badge.ch\/fr\/wp-json\/wp\/v2\/media?parent=46009"}],"wp:term":[{"taxonomy":"product_brand","embeddable":true,"href":"https:\/\/metal-badge.ch\/fr\/wp-json\/wp\/v2\/product_brand?post=46009"},{"taxonomy":"product_cat","embeddable":true,"href":"https:\/\/metal-badge.ch\/fr\/wp-json\/wp\/v2\/product_cat?post=46009"},{"taxonomy":"product_tag","embeddable":true,"href":"https:\/\/metal-badge.ch\/fr\/wp-json\/wp\/v2\/product_tag?post=46009"}],"curies":[{"name":"wp","href":"https:\/\/api.w.org\/{rel}","templated":true}]}}