{"id":46001,"date":"2019-04-30T17:24:27","date_gmt":"2019-04-30T17:24:27","guid":{"rendered":"https:\/\/shop.metal-badge.ch\/?product=etui-en-cuir-camouflage-paramedical-gravure"},"modified":"2020-12-17T06:25:04","modified_gmt":"2020-12-17T05:25:04","slug":"etui-en-cuir-camouflage-paramedical-gravure","status":"publish","type":"product","link":"https:\/\/metal-badge.ch\/fr\/product\/46001\/etui-en-cuir-camouflage-paramedical-gravure\/","title":{"rendered":"Etui en cuir \u00ab\u00a0Camouflage\u00a0\u00bb Param\u00e9dical, gravure"},"content":{"rendered":"<p>\u00c9tui de cuir au format vertical de couleur camouflage (rev\u00eatement textile). Fabriqu\u00e9 \u00e0 l\u2019ext\u00e9rieur aussi bien qu&rsquo;\u00e0 l&rsquo;int\u00e9rieur avec une tr\u00e8s belle couture claire. L\u2019int\u00e9rieur de cet \u00e9tui est fabriqu\u00e9 en cuir vachette brun, lisse exclusif. L&rsquo;\u00e9tui est \u00e9quip\u00e9 d\u2019une fen\u00eatre \u00e0 \u00e9cran pour carte d&rsquo;identit\u00e9 ainsi que de trois compartiments pour cartes de cr\u00e9dit, pour au moins 6 \u00e0 9 cartes de cr\u00e9dit.<br \/>\nEn plus, deux compartiments s\u00e9par\u00e9s pour les billets de banque se trouvent dans l\u2019\u00e9tui. L&rsquo;\u00e9l\u00e9gant compartiment \u00e0 monnaie avec bouton \u00e0 pression offre suffisamment de place pour votre monnaie. Un autre petit compartiment pour diff\u00e9rentes notes et cartes d&rsquo;identit\u00e9 se trouve sous le compartiment \u00e0 monnaie.<br \/>\nCet \u00e9tui peut \u00eatre port\u00e9 \u00e0 la ceinture de pantalon et est ainsi parfaitement adapt\u00e9 pour les activit\u00e9s de plein air. Le support pratique peut facilement \u00eatre fix\u00e9 \u00e0 la ceinture avec du velcro et une fermeture \u00e9clair de s\u00e9curit\u00e9 suppl\u00e9mentaire.<\/p>\n<p>Dimension : largeur 9.5 cm\/hauteur 12.5 cm<\/p>\n<p>Le L&rsquo;\u00e9tui est disponible avec et sans support<\/p>\n<p>S&rsquo;il vous pla\u00eet entrez le texte de votre gravure dans commentaires \u00e0 l&rsquo;ordre (voir troisi\u00e8me photo). La longueur maximale du texte est de 10 caract\u00e8res.<\/p>\n<p>Attention: les badges avec gravure sont envoy\u00e9s seulement contre paiement d&rsquo;avance (pas contre-remboursement).<\/p>\n<p>Prix gravure : 1 badge = CHF 30.-<\/p>\n<p>Prix gravure : 2 &#8211; 5 badges = CHF 25.-<\/p>\n<p>Prix gravure : 6 &#8211; 10 badges = CHF 20.-<\/p>\n<p>Prix gravure : d\u00e8s 10 pi\u00e8ces = CHF 15.-<\/p>\n<p>Pour les commandes de \u201ebadges avec gravure\u201c, le d\u00e9lai de livraison est de 3 \u00e0 4 semaines.<\/p>\n","protected":false},"excerpt":{"rendered":"<p>\u00c9tui de cuir au format vertical de couleur camouflage (rev\u00eatement textile). Fabriqu\u00e9 \u00e0 l\u2019ext\u00e9rieur aussi bien qu&rsquo;\u00e0 l&rsquo;int\u00e9rieur avec une tr\u00e8s belle couture claire. L\u2019int\u00e9rieur de cet \u00e9tui est fabriqu\u00e9 en cuir vachette brun, lisse exclusif. L&rsquo;\u00e9tui est \u00e9quip\u00e9 d\u2019une fen\u00eatre \u00e0 \u00e9cran pour carte d&rsquo;identit\u00e9 ainsi que de trois compartiments pour cartes de cr\u00e9dit, [&hellip;]<\/p>\n","protected":false},"featured_media":45994,"comment_status":"open","ping_status":"closed","template":"","meta":{"inline_featured_image":false},"product_brand":[],"product_cat":[1455],"product_tag":[],"class_list":{"0":"post-46001","1":"product","2":"type-product","3":"status-publish","4":"has-post-thumbnail","6":"product_cat-paramedical-gravure","8":"first","9":"instock","10":"taxable","11":"shipping-taxable","12":"purchasable","13":"product-type-simple"},"_links":{"self":[{"href":"https:\/\/metal-badge.ch\/fr\/wp-json\/wp\/v2\/product\/46001","targetHints":{"allow":["GET"]}}],"collection":[{"href":"https:\/\/metal-badge.ch\/fr\/wp-json\/wp\/v2\/product"}],"about":[{"href":"https:\/\/metal-badge.ch\/fr\/wp-json\/wp\/v2\/types\/product"}],"replies":[{"embeddable":true,"href":"https:\/\/metal-badge.ch\/fr\/wp-json\/wp\/v2\/comments?post=46001"}],"wp:featuredmedia":[{"embeddable":true,"href":"https:\/\/metal-badge.ch\/fr\/wp-json\/wp\/v2\/media\/45994"}],"wp:attachment":[{"href":"https:\/\/metal-badge.ch\/fr\/wp-json\/wp\/v2\/media?parent=46001"}],"wp:term":[{"taxonomy":"product_brand","embeddable":true,"href":"https:\/\/metal-badge.ch\/fr\/wp-json\/wp\/v2\/product_brand?post=46001"},{"taxonomy":"product_cat","embeddable":true,"href":"https:\/\/metal-badge.ch\/fr\/wp-json\/wp\/v2\/product_cat?post=46001"},{"taxonomy":"product_tag","embeddable":true,"href":"https:\/\/metal-badge.ch\/fr\/wp-json\/wp\/v2\/product_tag?post=46001"}],"curies":[{"name":"wp","href":"https:\/\/api.w.org\/{rel}","templated":true}]}}