{"id":45974,"date":"2019-04-30T06:37:52","date_gmt":"2019-04-30T06:37:52","guid":{"rendered":"https:\/\/shop.metal-badge.ch\/?product=etui-en-cuir-basic-paramedical-gravure"},"modified":"2020-12-07T01:24:16","modified_gmt":"2020-12-07T00:24:16","slug":"etui-en-cuir-basic-paramedical-gravure","status":"publish","type":"product","link":"https:\/\/metal-badge.ch\/fr\/product\/45974\/etui-en-cuir-basic-paramedical-gravure\/","title":{"rendered":"Etui en cuir \u00ab\u00a0Basic\u00a0\u00bb Param\u00e9dical, gravure"},"content":{"rendered":"<p>Pratique \u00e9tui en cuir noir avec deux compartiments transparents pour cartes d&rsquo;identit\u00e9 et quatre compartiments de rangement pour au moins 8 \u00e0 12 cartes de cr\u00e9dit.<br \/>\nA l\u2019int\u00e9rieur de cet \u00e9tui, un compartiment suppl\u00e9mentaire pour plusieurs cartes d\u2019identit\u00e9, notes et re\u00e7us. L\u2019\u00e9tui peut \u00eatre pli\u00e9 avec le badge \u00e0 l\u2019ext\u00e9rieur ou avec le compartiment ID \u00e0 l\u2019ext\u00e9rieur et le badge \u00e0 l\u2019int\u00e9rieur selon vos souhaits.<br \/>\nCet \u00e9tui est produit en cuir de b\u0153uf d\u2019haute qualit\u00e9. L\u2019\u00e9tui est pliable lat\u00e9ralement.<\/p>\n<p>Dimensions \/ mesures : 8 cm \/ hauteur 11 cm<\/p>\n<p>S&rsquo;il vous pla\u00eet entrez le texte de votre gravure dans commentaires \u00e0 l&rsquo;ordre (voir troisi\u00e8me photo). La longueur maximale du texte est de 10 caract\u00e8res.<\/p>\n<p>Attention: les badges avec gravure sont envoy\u00e9s seulement contre paiement d&rsquo;avance (pas contre-remboursement).<\/p>\n<p>Prix gravure : 1 badge = CHF 30.-<\/p>\n<p>Prix gravure : 2 &#8211; 5 badges = CHF 25.-<\/p>\n<p>Prix gravure : 6 &#8211; 10 badges = CHF 20.-<\/p>\n<p>Prix gravure : d\u00e8s 10 pi\u00e8ces = CHF 15.-<\/p>\n<p>Pour les commandes de \u201ebadges avec gravure\u201c, le d\u00e9lai de livraison est de 3 \u00e0 4 semaines.<\/p>\n","protected":false},"excerpt":{"rendered":"<p>Pratique \u00e9tui en cuir noir avec deux compartiments transparents pour cartes d&rsquo;identit\u00e9 et quatre compartiments de rangement pour au moins 8 \u00e0 12 cartes de cr\u00e9dit. A l\u2019int\u00e9rieur de cet \u00e9tui, un compartiment suppl\u00e9mentaire pour plusieurs cartes d\u2019identit\u00e9, notes et re\u00e7us. L\u2019\u00e9tui peut \u00eatre pli\u00e9 avec le badge \u00e0 l\u2019ext\u00e9rieur ou avec le compartiment ID [&hellip;]<\/p>\n","protected":false},"featured_media":45969,"comment_status":"open","ping_status":"closed","template":"","meta":{"inline_featured_image":false},"product_brand":[],"product_cat":[1455],"product_tag":[],"class_list":{"0":"post-45974","1":"product","2":"type-product","3":"status-publish","4":"has-post-thumbnail","6":"product_cat-paramedical-gravure","8":"first","9":"instock","10":"taxable","11":"shipping-taxable","12":"purchasable","13":"product-type-simple"},"_links":{"self":[{"href":"https:\/\/metal-badge.ch\/fr\/wp-json\/wp\/v2\/product\/45974","targetHints":{"allow":["GET"]}}],"collection":[{"href":"https:\/\/metal-badge.ch\/fr\/wp-json\/wp\/v2\/product"}],"about":[{"href":"https:\/\/metal-badge.ch\/fr\/wp-json\/wp\/v2\/types\/product"}],"replies":[{"embeddable":true,"href":"https:\/\/metal-badge.ch\/fr\/wp-json\/wp\/v2\/comments?post=45974"}],"wp:featuredmedia":[{"embeddable":true,"href":"https:\/\/metal-badge.ch\/fr\/wp-json\/wp\/v2\/media\/45969"}],"wp:attachment":[{"href":"https:\/\/metal-badge.ch\/fr\/wp-json\/wp\/v2\/media?parent=45974"}],"wp:term":[{"taxonomy":"product_brand","embeddable":true,"href":"https:\/\/metal-badge.ch\/fr\/wp-json\/wp\/v2\/product_brand?post=45974"},{"taxonomy":"product_cat","embeddable":true,"href":"https:\/\/metal-badge.ch\/fr\/wp-json\/wp\/v2\/product_cat?post=45974"},{"taxonomy":"product_tag","embeddable":true,"href":"https:\/\/metal-badge.ch\/fr\/wp-json\/wp\/v2\/product_tag?post=45974"}],"curies":[{"name":"wp","href":"https:\/\/api.w.org\/{rel}","templated":true}]}}