{"id":45921,"date":"2019-04-29T13:22:50","date_gmt":"2019-04-29T13:22:50","guid":{"rendered":"https:\/\/shop.metal-badge.ch\/?product=systeme-de-guidage-des-personnes-noir-dans-un-lot-de-2-confortable-extensible"},"modified":"2019-04-29T13:24:16","modified_gmt":"2019-04-29T13:24:16","slug":"systeme-de-guidage-des-personnes-noir-dans-un-lot-de-2-confortable-extensible","status":"publish","type":"product","link":"https:\/\/metal-badge.ch\/fr\/product\/45921\/systeme-de-guidage-des-personnes-noir-dans-un-lot-de-2-confortable-extensible\/","title":{"rendered":"Syst\u00e8me de guidage des personnes noir dans un lot de 2, confortable, extensible"},"content":{"rendered":"<p>Un outil de pr\u00e9paration des chemins astucieux pour des organisateurs intelligents ! Le ruban barri\u00e8re est parfait pour guider les personnes !<br \/>\nLes supports de d\u00e9marcation pratiques avec ceinture extensible sont des aides portables pour de nombreuses situations. La bande rouge, r\u00e9sistante \u00e0 l&rsquo;usure, a un effet de signal et cr\u00e9e une barri\u00e8re optique efficace dans sa fonction de ruban de barri\u00e8re. D&rsquo;autre part, les piliers marqueurs peuvent bien entendu \u00e9galement servir de syst\u00e8me de guidage et, dans l&rsquo;environnement appropri\u00e9, \u00e9voquer le fameux tapis rouge d&rsquo;\u00e9v\u00e9nements pro\u00e9minents.<\/p>\n<p>Les tr\u00e9pieds intelligents conviennent \u00e0 de nombreuses applications diff\u00e9rentes. Combin\u00e9s par plusieurs unit\u00e9s pour former des lignes d&rsquo;orientation plus longues, ils permettent, par exemple, de se rendre aux guichets des concerts et des th\u00e9\u00e2tres, devant les discoth\u00e8ques, aux comptoirs des a\u00e9roports, etc. &#8211; fiable pour guider de grandes quantit\u00e9s de personnes dans la bonne direction d&rsquo;une mani\u00e8re conviviale mais efficaces. Alternativement, les tr\u00e9pieds peuvent bien s\u00fbr \u00eatre utilis\u00e9s pour marquer des zones dans lesquels ils ne faut pas entrer, comme certains couloirs dans des b\u00e2timents d&rsquo;\u00e9v\u00e9nements, des zones de discr\u00e9tion dans des environnements de conseil ou des zones sp\u00e9ciales dans des expositions. &#8211; Une autre utilisation possible : cr\u00e9er rapidement et facilement des zones d&rsquo;entr\u00e9e sophistiqu\u00e9es et accueillantes. Il n&rsquo;y a pas de limites \u00e0 votre cr\u00e9ativit\u00e9 en ce qui concerne les possibilit\u00e9s d&rsquo;utilisation de ces supports \u00e0 bandes.<\/p>\n<p><strong>Simple et pratique<\/strong><br \/>\nComprend deux piliers, chacun avec une sangle coulissante et trois dispositifs de fixation. Le maniement de ces accessoires polyvalents est simple tout en permettant un r\u00e9glage en continu : La sangle d&rsquo;un tr\u00e9pied est tir\u00e9e \u00e0 la longueur souhait\u00e9e et accroch\u00e9e \u00e0 l&rsquo;un des supports d&rsquo;un autre tr\u00e9pied. Comme il existe plusieurs options de montage pour chaque tr\u00e9pied, vous pouvez combiner les unit\u00e9s du syst\u00e8me de contr\u00f4le comme vous le souhaitez. Le poids propre des piliers de support en acier inoxydable et la face inf\u00e9rieure caoutchout\u00e9e de la base assurent une bonne stabilit\u00e9 des poteaux de marquage. Nous proposons diff\u00e9rentes couleurs de piliers tels que dor\u00e9 brillant, argent\u00e9 brillant, noir, etc. Les bandes sont disponibles en diff\u00e9rentes couleurs et avec logo. La version standard est un ruban rouge avec pilier noir.<\/p>\n<p><strong>Description du produit :<\/strong><br \/>\nSyst\u00e8me de guidage des personnes, marquer les chemins, concerts, mus\u00e9es, h\u00f4tels, a\u00e9roports, expositions<br \/>\nPlac\u00e9 rapidement<br \/>\nCouleur : Ruban rouge<br \/>\nCouleur pilier : noir mat<br \/>\nMati\u00e8re : Acier avec ruban en nylon extractible rouge<br \/>\nPoids : par poteau, 10 kg<br \/>\nHauteur poteau : 98 cm<br \/>\nDiam\u00e8tre socle poteau : 35 cm<br \/>\nLargeur ruban : 5 cm<br \/>\nLongueur par ruban : 5 m\u00e8tres<br \/>\nAdapt\u00e9s pour l\u2019int\u00e9rieur et l&rsquo;ext\u00e9rieur<br \/>\nPeut \u00eatre combin\u00e9 \u00e0 volont\u00e9 avec d\u2019autres unit\u00e9s<br \/>\nLot d\u2019une paire (= 2 poteaux) compris<br \/>\nBonne r\u00e9sistance<br \/>\nT\u00eate \u00e0 4 chemins avec triple possibilit\u00e9 de fixation dans un angle \u00e0 90<br \/>\nAvec 3 supports de fixation par poteau<\/p>\n","protected":false},"excerpt":{"rendered":"<p>Un outil de pr\u00e9paration des chemins astucieux pour des organisateurs intelligents ! Le ruban barri\u00e8re est parfait pour guider les personnes ! Les supports de d\u00e9marcation pratiques avec ceinture extensible sont des aides portables pour de nombreuses situations. La bande rouge, r\u00e9sistante \u00e0 l&rsquo;usure, a un effet de signal et cr\u00e9e une barri\u00e8re optique efficace [&hellip;]<\/p>\n","protected":false},"featured_media":88273,"comment_status":"open","ping_status":"closed","template":"","meta":{"inline_featured_image":false},"product_brand":[],"product_cat":[1459],"product_tag":[1781,1793],"class_list":{"0":"post-45921","1":"product","2":"type-product","3":"status-publish","4":"has-post-thumbnail","6":"product_cat-barrieres","7":"product_tag-police-securite","8":"product_tag-vehicule-route","10":"first","11":"instock","12":"taxable","13":"shipping-taxable","14":"purchasable","15":"product-type-simple"},"_links":{"self":[{"href":"https:\/\/metal-badge.ch\/fr\/wp-json\/wp\/v2\/product\/45921","targetHints":{"allow":["GET"]}}],"collection":[{"href":"https:\/\/metal-badge.ch\/fr\/wp-json\/wp\/v2\/product"}],"about":[{"href":"https:\/\/metal-badge.ch\/fr\/wp-json\/wp\/v2\/types\/product"}],"replies":[{"embeddable":true,"href":"https:\/\/metal-badge.ch\/fr\/wp-json\/wp\/v2\/comments?post=45921"}],"wp:featuredmedia":[{"embeddable":true,"href":"https:\/\/metal-badge.ch\/fr\/wp-json\/wp\/v2\/media\/88273"}],"wp:attachment":[{"href":"https:\/\/metal-badge.ch\/fr\/wp-json\/wp\/v2\/media?parent=45921"}],"wp:term":[{"taxonomy":"product_brand","embeddable":true,"href":"https:\/\/metal-badge.ch\/fr\/wp-json\/wp\/v2\/product_brand?post=45921"},{"taxonomy":"product_cat","embeddable":true,"href":"https:\/\/metal-badge.ch\/fr\/wp-json\/wp\/v2\/product_cat?post=45921"},{"taxonomy":"product_tag","embeddable":true,"href":"https:\/\/metal-badge.ch\/fr\/wp-json\/wp\/v2\/product_tag?post=45921"}],"curies":[{"name":"wp","href":"https:\/\/api.w.org\/{rel}","templated":true}]}}