{"id":45913,"date":"2019-04-28T17:10:13","date_gmt":"2019-04-28T17:10:13","guid":{"rendered":"https:\/\/shop.metal-badge.ch\/?product=grillage-barriere-extensible-metallique"},"modified":"2019-05-09T13:39:08","modified_gmt":"2019-05-09T13:39:08","slug":"grillage-barriere-extensible-metallique","status":"publish","type":"product","link":"https:\/\/metal-badge.ch\/fr\/product\/45913\/grillage-barriere-extensible-metallique\/","title":{"rendered":"Grillage \/ barri\u00e8re extensible m\u00e9tallique"},"content":{"rendered":"<p>Grillage \/ barri\u00e8re extensible m\u00e9tallique Cette barri\u00e8re extensible l\u00e9g\u00e8re en acier est utile pour s\u00e9curiser des zones rapidement. Grillage de cl\u00f4ture extensible jusqu&rsquo;\u00e0 2,70 m. Peut \u00eatre rang\u00e9 en position pli\u00e9e pour gagner de la place. Pli\u00e9, ce grillage ne mesure que 26 cm de large. Durable et stable gr\u00e2ce \u00e0 l&rsquo;acier de haute qualit\u00e9. Plusieurs barri\u00e8res peuvent \u00eatre mont\u00e9es l&rsquo;une \u00e0 c\u00f4t\u00e9 de l&rsquo;autre \u00e0 l&rsquo;aide de supports de connexion.<br \/>\nAvec cette barri\u00e8re, vous pouvez s\u00e9curiser en quelques secondes les zones dangereuses, les routes d&rsquo;acc\u00e8s et les chantiers de construction. La barri\u00e8re est extensible afin que vous puissiez r\u00e9agir de mani\u00e8re flexible aux conditions respectives. Vous pouvez \u00e9galement l&rsquo;utiliser pour bloquer de grandes surfaces en reliant plusieurs grillages \u00e0 l&rsquo;aide de supports de connexion. Gr\u00e2ce \u00e0 la construction intelligente de la barri\u00e8re, elle ne p\u00e8se que 9,5 kg. Transportez et installez des barri\u00e8res individuelles sans l&rsquo;aide d&rsquo;une autre personne. La hauteur de la barri\u00e8re est de 1 m avec une largeur maximale de 2,70 m. La peinture jaune et noire assure une bonne visibilit\u00e9 du grillage de la barri\u00e8re. Les pieds mesurent 46 cm de large &#8211; la barri\u00e8re est donc bien stable.<\/p>\n<p><strong>Description du produit :<\/strong><br \/>\nBloquer les lieux dangereux de mani\u00e8re rapide et efficace<br \/>\nConstruction stable et robuste en acier<br \/>\nCouleur : jaune \/ noir<br \/>\nMati\u00e8re : Acier, peint et inoxydable<br \/>\nTiges : acier plate<br \/>\nPliable pour n\u2019occuper que 26 cm rapidement<br \/>\nExtensible jusqu\u2019\u00e0 max. 2,70 m<br \/>\nPoids : 9,5 kg<br \/>\nHauteur : 100 cm<\/p>\n","protected":false},"excerpt":{"rendered":"<p>Grillage \/ barri\u00e8re extensible m\u00e9tallique Cette barri\u00e8re extensible l\u00e9g\u00e8re en acier est utile pour s\u00e9curiser des zones rapidement. Grillage de cl\u00f4ture extensible jusqu&rsquo;\u00e0 2,70 m. Peut \u00eatre rang\u00e9 en position pli\u00e9e pour gagner de la place. Pli\u00e9, ce grillage ne mesure que 26 cm de large. Durable et stable gr\u00e2ce \u00e0 l&rsquo;acier de haute qualit\u00e9. [&hellip;]<\/p>\n","protected":false},"featured_media":88275,"comment_status":"open","ping_status":"closed","template":"","meta":{"inline_featured_image":false},"product_brand":[],"product_cat":[1459],"product_tag":[1781,1793],"class_list":{"0":"post-45913","1":"product","2":"type-product","3":"status-publish","4":"has-post-thumbnail","6":"product_cat-barrieres","7":"product_tag-police-securite","8":"product_tag-vehicule-route","10":"first","11":"instock","12":"taxable","13":"shipping-taxable","14":"purchasable","15":"product-type-simple"},"_links":{"self":[{"href":"https:\/\/metal-badge.ch\/fr\/wp-json\/wp\/v2\/product\/45913","targetHints":{"allow":["GET"]}}],"collection":[{"href":"https:\/\/metal-badge.ch\/fr\/wp-json\/wp\/v2\/product"}],"about":[{"href":"https:\/\/metal-badge.ch\/fr\/wp-json\/wp\/v2\/types\/product"}],"replies":[{"embeddable":true,"href":"https:\/\/metal-badge.ch\/fr\/wp-json\/wp\/v2\/comments?post=45913"}],"wp:featuredmedia":[{"embeddable":true,"href":"https:\/\/metal-badge.ch\/fr\/wp-json\/wp\/v2\/media\/88275"}],"wp:attachment":[{"href":"https:\/\/metal-badge.ch\/fr\/wp-json\/wp\/v2\/media?parent=45913"}],"wp:term":[{"taxonomy":"product_brand","embeddable":true,"href":"https:\/\/metal-badge.ch\/fr\/wp-json\/wp\/v2\/product_brand?post=45913"},{"taxonomy":"product_cat","embeddable":true,"href":"https:\/\/metal-badge.ch\/fr\/wp-json\/wp\/v2\/product_cat?post=45913"},{"taxonomy":"product_tag","embeddable":true,"href":"https:\/\/metal-badge.ch\/fr\/wp-json\/wp\/v2\/product_tag?post=45913"}],"curies":[{"name":"wp","href":"https:\/\/api.w.org\/{rel}","templated":true}]}}