{"id":45898,"date":"2019-04-28T16:26:30","date_gmt":"2019-04-28T16:26:30","guid":{"rendered":"https:\/\/shop.metal-badge.ch\/?product=grillage-extensible-plastique-rouge"},"modified":"2019-04-28T16:27:15","modified_gmt":"2019-04-28T16:27:15","slug":"grillage-extensible-plastique-rouge","status":"publish","type":"product","link":"https:\/\/metal-badge.ch\/fr\/product\/45898\/grillage-extensible-plastique-rouge\/","title":{"rendered":"Grillage extensible plastique rouge"},"content":{"rendered":"<p>Fabriqu\u00e9 en PVC rouge r\u00e9sistant aux UV et aux chocs avec bandes r\u00e9fl\u00e9chissantes pour une meilleure visibilit\u00e9, m\u00eame la nuit. Les poteaux ext\u00e9rieurs peuvent \u00eatre remplis d&rsquo;eau ou de sable pour assurer une plus grande stabilit\u00e9. Avec un poids de 2,5 kg (non rempli), ce grillage est facile \u00e0 transporter et peut \u00e9galement \u00eatre mont\u00e9 individuellement sans grand effort. Pli\u00e9, le grillage extensible ne n\u00e9cessite qu&rsquo;une longueur de 29 cm et peut \u00eatre transport\u00e9 et stock\u00e9 de mani\u00e8re peu encombrante. Le grillage peut \u00eatre rallong\u00e9 en continu jusqu&rsquo;\u00e0 2,40 m.<\/p>\n<p><strong>Description du produit :<\/strong><br \/>\nCouleur : rouge avec des bandes r\u00e9fl\u00e9chissantes<br \/>\nMati\u00e8re : PVC<br \/>\nPoids : 2,5 kg non rempli<br \/>\nHauteur : 1,1 m.<br \/>\nLargeur pieds : 39 cm.<br \/>\nAgrandissable en continu jusqu\u2019\u00e0 2,40 m<br \/>\nMontage rapide<br \/>\nFacile \u00e0 transporter<br \/>\nLes poteaux peuvent \u00eatre remplis d\u2019eau ou de sable.<\/p>\n","protected":false},"excerpt":{"rendered":"<p>Fabriqu\u00e9 en PVC rouge r\u00e9sistant aux UV et aux chocs avec bandes r\u00e9fl\u00e9chissantes pour une meilleure visibilit\u00e9, m\u00eame la nuit. Les poteaux ext\u00e9rieurs peuvent \u00eatre remplis d&rsquo;eau ou de sable pour assurer une plus grande stabilit\u00e9. Avec un poids de 2,5 kg (non rempli), ce grillage est facile \u00e0 transporter et peut \u00e9galement \u00eatre mont\u00e9 [&hellip;]<\/p>\n","protected":false},"featured_media":88277,"comment_status":"open","ping_status":"closed","template":"","meta":{"inline_featured_image":false},"product_brand":[],"product_cat":[1459],"product_tag":[1781,1793],"class_list":{"0":"post-45898","1":"product","2":"type-product","3":"status-publish","4":"has-post-thumbnail","6":"product_cat-barrieres","7":"product_tag-police-securite","8":"product_tag-vehicule-route","10":"first","11":"instock","12":"taxable","13":"shipping-taxable","14":"purchasable","15":"product-type-simple"},"_links":{"self":[{"href":"https:\/\/metal-badge.ch\/fr\/wp-json\/wp\/v2\/product\/45898","targetHints":{"allow":["GET"]}}],"collection":[{"href":"https:\/\/metal-badge.ch\/fr\/wp-json\/wp\/v2\/product"}],"about":[{"href":"https:\/\/metal-badge.ch\/fr\/wp-json\/wp\/v2\/types\/product"}],"replies":[{"embeddable":true,"href":"https:\/\/metal-badge.ch\/fr\/wp-json\/wp\/v2\/comments?post=45898"}],"wp:featuredmedia":[{"embeddable":true,"href":"https:\/\/metal-badge.ch\/fr\/wp-json\/wp\/v2\/media\/88277"}],"wp:attachment":[{"href":"https:\/\/metal-badge.ch\/fr\/wp-json\/wp\/v2\/media?parent=45898"}],"wp:term":[{"taxonomy":"product_brand","embeddable":true,"href":"https:\/\/metal-badge.ch\/fr\/wp-json\/wp\/v2\/product_brand?post=45898"},{"taxonomy":"product_cat","embeddable":true,"href":"https:\/\/metal-badge.ch\/fr\/wp-json\/wp\/v2\/product_cat?post=45898"},{"taxonomy":"product_tag","embeddable":true,"href":"https:\/\/metal-badge.ch\/fr\/wp-json\/wp\/v2\/product_tag?post=45898"}],"curies":[{"name":"wp","href":"https:\/\/api.w.org\/{rel}","templated":true}]}}