{"id":45891,"date":"2019-04-27T06:32:17","date_gmt":"2019-04-27T06:32:17","guid":{"rendered":"https:\/\/shop.metal-badge.ch\/?product=etui-en-cuir-passion-paramedical-gravure"},"modified":"2020-12-07T05:30:19","modified_gmt":"2020-12-07T04:30:19","slug":"etui-en-cuir-passion-paramedical-gravure","status":"publish","type":"product","link":"https:\/\/metal-badge.ch\/fr\/product\/45891\/etui-en-cuir-passion-paramedical-gravure\/","title":{"rendered":"Etui en cuir \u00ab\u00a0Passion\u00a0\u00bb Param\u00e9dical, gravure"},"content":{"rendered":"<p>Etui en cuir vachette rouge de grande qualit\u00e9 avec un beau motif brod\u00e9 \u00e0 la mode. L&rsquo;\u00e9tui pratique au format vertical contient une fen\u00eatre pour carte d&rsquo;identit\u00e9 et 3 compartiments pour cartes de cr\u00e9dit, pour 6 \u00e0 9 cartes de cr\u00e9dit. L&rsquo;\u00e9tui a \u00e9galement deux compartiments \u00e0 billets de banque s\u00e9par\u00e9s ainsi qu&rsquo;un grand compartiment pour la monnaie avec fermeture \u00e0 pression. L&rsquo;\u00e9tui est \u00e9quip\u00e9 \u00e0 l&rsquo;ext\u00e9rieur d&rsquo;une fermeture de s\u00e9curit\u00e9 \u00e0 pression.<\/p>\n<p>Dimensions: hauteur 12 cm \/ largeurs 8.5 cm<\/p>\n<p>S&rsquo;il vous pla\u00eet entrez le texte de votre gravure dans commentaires \u00e0 l&rsquo;ordre (voir troisi\u00e8me photo). La longueur maximale du texte est de 10 caract\u00e8res.<\/p>\n<p>Attention: les badges avec gravure sont envoy\u00e9s seulement contre paiement d&rsquo;avance (pas contre-remboursement).<\/p>\n<p>Prix gravure : 1 badge = CHF 30.-<\/p>\n<p>Prix gravure : 2 &#8211; 5 badges = CHF 25.-<\/p>\n<p>Prix gravure : 6 &#8211; 10 badges = CHF 20.-<\/p>\n<p>Prix gravure : d\u00e8s 10 pi\u00e8ces = CHF 15.-<\/p>\n<p>Pour les commandes de \u201ebadges avec gravure\u201c, le d\u00e9lai de livraison est de 3 \u00e0 4 semaines.<\/p>\n","protected":false},"excerpt":{"rendered":"<p>Etui en cuir vachette rouge de grande qualit\u00e9 avec un beau motif brod\u00e9 \u00e0 la mode. L&rsquo;\u00e9tui pratique au format vertical contient une fen\u00eatre pour carte d&rsquo;identit\u00e9 et 3 compartiments pour cartes de cr\u00e9dit, pour 6 \u00e0 9 cartes de cr\u00e9dit. L&rsquo;\u00e9tui a \u00e9galement deux compartiments \u00e0 billets de banque s\u00e9par\u00e9s ainsi qu&rsquo;un grand compartiment [&hellip;]<\/p>\n","protected":false},"featured_media":45886,"comment_status":"open","ping_status":"closed","template":"","meta":{"inline_featured_image":false},"product_brand":[],"product_cat":[1455],"product_tag":[],"class_list":{"0":"post-45891","1":"product","2":"type-product","3":"status-publish","4":"has-post-thumbnail","6":"product_cat-paramedical-gravure","8":"first","9":"instock","10":"taxable","11":"shipping-taxable","12":"purchasable","13":"product-type-simple"},"_links":{"self":[{"href":"https:\/\/metal-badge.ch\/fr\/wp-json\/wp\/v2\/product\/45891","targetHints":{"allow":["GET"]}}],"collection":[{"href":"https:\/\/metal-badge.ch\/fr\/wp-json\/wp\/v2\/product"}],"about":[{"href":"https:\/\/metal-badge.ch\/fr\/wp-json\/wp\/v2\/types\/product"}],"replies":[{"embeddable":true,"href":"https:\/\/metal-badge.ch\/fr\/wp-json\/wp\/v2\/comments?post=45891"}],"wp:featuredmedia":[{"embeddable":true,"href":"https:\/\/metal-badge.ch\/fr\/wp-json\/wp\/v2\/media\/45886"}],"wp:attachment":[{"href":"https:\/\/metal-badge.ch\/fr\/wp-json\/wp\/v2\/media?parent=45891"}],"wp:term":[{"taxonomy":"product_brand","embeddable":true,"href":"https:\/\/metal-badge.ch\/fr\/wp-json\/wp\/v2\/product_brand?post=45891"},{"taxonomy":"product_cat","embeddable":true,"href":"https:\/\/metal-badge.ch\/fr\/wp-json\/wp\/v2\/product_cat?post=45891"},{"taxonomy":"product_tag","embeddable":true,"href":"https:\/\/metal-badge.ch\/fr\/wp-json\/wp\/v2\/product_tag?post=45891"}],"curies":[{"name":"wp","href":"https:\/\/api.w.org\/{rel}","templated":true}]}}