{"id":45883,"date":"2019-03-20T15:36:53","date_gmt":"2019-03-20T15:36:53","guid":{"rendered":"https:\/\/shop.metal-badge.ch\/?product=badge-police-militaire-sans-etui"},"modified":"2019-03-20T15:44:10","modified_gmt":"2019-03-20T15:44:10","slug":"badge-police-militaire-sans-etui","status":"publish","type":"product","link":"https:\/\/metal-badge.ch\/fr\/product\/45883\/badge-police-militaire-sans-etui\/","title":{"rendered":"Badge Police Militaire (sans \u00e9tui)"},"content":{"rendered":"<p>Badge Police Militaire sans \u00e9tui ou en bois. Au choix, argent ou or.<br \/>\nGrand badge : 82,5 mm x 55,5 mm \/ badge, poids avec la pince : 58 g<\/p>\n<p>Une grande gamme d&rsquo;\u00e9tuis en cuir est assortie aux badges. Cliquez sur <a href=\"https:\/\/metal-badge.ch\/fr\/product-category\/metal-badge-fr\/etuis-en-cuir-sans-badge\/\">le lien<\/a> et commandez votre \u00e9tui personnel.<\/p>\n<p>Id\u00e9al \u00e0 offrir ou pour d\u00e9corer: vous trouverez <a href=\"https:\/\/metal-badge.ch\/fr\/product-category\/metal-badge-fr\/bois-place-of-honour\/\">ici<\/a> nos \u00e9l\u00e9gantes variantes en bois et en acrylique \u00e0 poser ou suspendre.<\/p>\n<p>Cette jolie bo\u00eete cadeau en alu argent\u00e9 avec fen\u00eatre est comprise dans le prix.<\/p>\n<p><span style=\"color:#ff0000\"><strong>Attention: Uniquement disponible pour les collaborateurs<\/strong><\/span><\/p>\n","protected":false},"excerpt":{"rendered":"<p>Badge Police Militaire sans \u00e9tui ou en bois. Au choix, argent ou or. Grand badge : 82,5 mm x 55,5 mm \/ badge, poids avec la pince : 58 g Une grande gamme d&rsquo;\u00e9tuis en cuir est assortie aux badges. Cliquez sur le lien et commandez votre \u00e9tui personnel. Id\u00e9al \u00e0 offrir ou pour d\u00e9corer: [&hellip;]<\/p>\n","protected":false},"featured_media":54956,"comment_status":"open","ping_status":"closed","template":"","meta":{"inline_featured_image":false},"product_brand":[],"product_cat":[1111,1451],"product_tag":[],"class_list":{"0":"post-45883","1":"product","2":"type-product","3":"status-publish","4":"has-post-thumbnail","6":"product_cat-armee-suisse","7":"product_cat-police-militaire","9":"first","10":"instock","11":"taxable","12":"shipping-taxable","13":"purchasable","14":"product-type-simple"},"_links":{"self":[{"href":"https:\/\/metal-badge.ch\/fr\/wp-json\/wp\/v2\/product\/45883","targetHints":{"allow":["GET"]}}],"collection":[{"href":"https:\/\/metal-badge.ch\/fr\/wp-json\/wp\/v2\/product"}],"about":[{"href":"https:\/\/metal-badge.ch\/fr\/wp-json\/wp\/v2\/types\/product"}],"replies":[{"embeddable":true,"href":"https:\/\/metal-badge.ch\/fr\/wp-json\/wp\/v2\/comments?post=45883"}],"wp:featuredmedia":[{"embeddable":true,"href":"https:\/\/metal-badge.ch\/fr\/wp-json\/wp\/v2\/media\/54956"}],"wp:attachment":[{"href":"https:\/\/metal-badge.ch\/fr\/wp-json\/wp\/v2\/media?parent=45883"}],"wp:term":[{"taxonomy":"product_brand","embeddable":true,"href":"https:\/\/metal-badge.ch\/fr\/wp-json\/wp\/v2\/product_brand?post=45883"},{"taxonomy":"product_cat","embeddable":true,"href":"https:\/\/metal-badge.ch\/fr\/wp-json\/wp\/v2\/product_cat?post=45883"},{"taxonomy":"product_tag","embeddable":true,"href":"https:\/\/metal-badge.ch\/fr\/wp-json\/wp\/v2\/product_tag?post=45883"}],"curies":[{"name":"wp","href":"https:\/\/api.w.org\/{rel}","templated":true}]}}