{"id":45622,"date":"2018-11-16T18:05:12","date_gmt":"2018-11-16T18:05:12","guid":{"rendered":"https:\/\/shop.metal-badge.ch\/?product=lot-de-cinq-etuis-en-cuir-versatile-sapeurs-pompiers-gravure"},"modified":"2020-12-10T13:53:05","modified_gmt":"2020-12-10T12:53:05","slug":"lot-de-cinq-etuis-en-cuir-versatile-sapeurs-pompiers-gravure","status":"publish","type":"product","link":"https:\/\/metal-badge.ch\/fr\/product\/45622\/lot-de-cinq-etuis-en-cuir-versatile-sapeurs-pompiers-gravure\/","title":{"rendered":"Lot de cinq \u00e9tuis en cuir \u00ab Versatile \u00bb Sapeurs-Pompiers, gravure"},"content":{"rendered":"<p>\u00c9tui combin\u00e9 sophistiqu\u00e9 en cuir de vachette souple noir. Cet ensemble de 5 pi\u00e8ces peut \u00eatre achet\u00e9 individuellement ou comme ensemble complet. Ces 5 \u00e9tuis, compos\u00e9s de la partie principale V1 avec badge et cha\u00eene \u00e0 billes en acier inoxydable \u00e0 suspendre, sont captivants et uniques. La cha\u00eene est \u00e9quip\u00e9e d&rsquo;une fixation rapide. La partie principale\u00a0V1\u00a0est recouverte d&rsquo;un velcro \u00e0 l&rsquo;arri\u00e8re (partie souple en velcro).<\/p>\n<p>Sur le devant, en dessous et au-dessus de l&rsquo;insigne, se trouve une bande velcro souple pour les badges nominatifs ou diverses autres inscriptions, par exemple : POLICE, POLIZEI, SECURITY, SICHERHEIT, SECURITE, SWITZERLAND, etc. La taille de la partie principale de l&rsquo;\u00e9tui\u00a0<strong><span style=\"color: #e74c3c\">V1<\/span><\/strong>\u00a0est de 13 cm de hauteur et 8 cm de largeur. Le badge peut \u00eatre ins\u00e9r\u00e9 dans le bo\u00eetier par le haut pour cette pi\u00e8ce principale. La partie principale V1 peut \u00eatre combin\u00e9e avec les 4 autres cas au choix.<\/p>\n<p><strong><span style=\"color: #e74c3c\">V2\u00a0:\u00a0<\/span><\/strong>L&rsquo;\u00e9tui\u00a0V2, avec compartiment \u00e0 monnaie et bouton pression \u00e0 d\u00e9plier dans les dimensions : hauteur 6,5 cm x largeur 6,5 cm x socle profond 2 cm en bas et 4 cm en haut.\u00a0V2\u00a0est \u00e9galement \u00e9quip\u00e9 de 6 compartiments pour cartes de cr\u00e9dit qui offrent de la place pour au moins 12 cartes de cr\u00e9dit. L&rsquo;\u00e9tui peut \u00eatre facilement fix\u00e9 \u00e0 la partie principale N1 au moyen d&rsquo;un velcro.<\/p>\n<p><strong><span style=\"color: #e74c3c\">V3\u00a0:<\/span><\/strong>\u00a0L&rsquo;\u00e9tui\u00a0V3, \u00e9quip\u00e9 d&rsquo;une housse pour t\u00e9l\u00e9phone portable, avec couvercle et fermeture velcro. Un porte-stylo \u00e9lastique est fix\u00e9 sur le c\u00f4t\u00e9. Un velcro souple de 5 x 2,5 cm pour diff\u00e9rents lettrages se trouve \u00e0 l&rsquo;ext\u00e9rieur de la housse, par exemple : \u00a0POLICE, POLIZEI, SECURITY, SECURITE, SICHERHEIT,\u00a0SWITZERLAND \u00a0etc.\u00a0Dimensions de la housse pour t\u00e9l\u00e9phone portable, largeur 7,5 cm \u00e9lastique x 14,5 cm. \u00a0Un \u00e9lastique est attach\u00e9 \u00e0 l&rsquo;ext\u00e9rieur du bo\u00eetier. Peut \u00eatre utilis\u00e9 comme porte-badge, etc. \u00a0Le bo\u00eetier peut \u00eatre facilement fix\u00e9 \u00e0 la partie principale V1 \u00e0 l&rsquo;aide d&rsquo;un velcro.<\/p>\n<p><strong><span style=\"color: #e74c3c\">V4\u00a0:<\/span><\/strong>\u00a0L&rsquo;\u00e9tui V4, con\u00e7u comme un porte-cl\u00e9s, est \u00e9galement \u00e9quip\u00e9 de 4 compartiments pour cartes de cr\u00e9dit pour au moins 8 cartes de cr\u00e9dit. Un porte-stylo \u00e9lastique est fix\u00e9 sur le c\u00f4t\u00e9. Sur le dessus de l&rsquo;\u00e9tui se trouve une bande de cuir \/ velcro avec fermoir mousqueton qui peut \u00eatre r\u00e9gl\u00e9e en longueur. Un trousseau de cl\u00e9s d&rsquo;au moins 7 \u00e0 8 cl\u00e9s peut \u00eatre facilement fix\u00e9 \u00e0 la fermeture mousqueton et plac\u00e9 sous l&rsquo;\u00e9lastique inf\u00e9rieur large. Ainsi, vous avez toujours vos cl\u00e9s \u00e0 port\u00e9e de main, et le cliquetis constant des cl\u00e9s appartient maintenant au pass\u00e9. L&rsquo;\u00e9lastique est ouvert en bas et mesure 8 cm de haut. Le bo\u00eetier peut \u00eatre facilement fix\u00e9 \u00e0 la partie principale V1 \u00e0 l&rsquo;aide d&rsquo;un velcro.<\/p>\n<p><strong><span style=\"color: #e74c3c\">V5\u00a0:<\/span><\/strong>\u00a0L&rsquo;\u00e9tui V5, \u00e9quip\u00e9 d&rsquo;une fen\u00eatre pour document d&rsquo;identit\u00e9, de 9,0 cm de hauteur contre 6,0 cm de largeur et d&rsquo;un porte-stylo \u00e9lastique ainsi que d&rsquo;une bande velcro pour inscription de 3,0 cm x 6,0 cm. Le bo\u00eetier peut \u00eatre facilement fix\u00e9 \u00e0 la partie principale V1 \u00e0 l&rsquo;aide d&rsquo;un velcro.<\/p>\n","protected":false},"excerpt":{"rendered":"<p>\u00c9tui combin\u00e9 sophistiqu\u00e9 en cuir de vachette souple noir. Cet ensemble de 5 pi\u00e8ces peut \u00eatre achet\u00e9 individuellement ou comme ensemble complet. Ces 5 \u00e9tuis, compos\u00e9s de la partie principale V1 avec badge et cha\u00eene \u00e0 billes en acier inoxydable \u00e0 suspendre, sont captivants et uniques. La cha\u00eene est \u00e9quip\u00e9e d&rsquo;une fixation rapide. La partie [&hellip;]<\/p>\n","protected":false},"featured_media":86021,"comment_status":"open","ping_status":"closed","template":"","meta":{"inline_featured_image":false},"product_brand":[],"product_cat":[1019],"product_tag":[],"class_list":{"0":"post-45622","1":"product","2":"type-product","3":"status-publish","4":"has-post-thumbnail","6":"product_cat-sapeurs-pompiers-gravures","8":"first","9":"instock","10":"taxable","11":"shipping-taxable","12":"purchasable","13":"product-type-simple"},"_links":{"self":[{"href":"https:\/\/metal-badge.ch\/fr\/wp-json\/wp\/v2\/product\/45622","targetHints":{"allow":["GET"]}}],"collection":[{"href":"https:\/\/metal-badge.ch\/fr\/wp-json\/wp\/v2\/product"}],"about":[{"href":"https:\/\/metal-badge.ch\/fr\/wp-json\/wp\/v2\/types\/product"}],"replies":[{"embeddable":true,"href":"https:\/\/metal-badge.ch\/fr\/wp-json\/wp\/v2\/comments?post=45622"}],"wp:featuredmedia":[{"embeddable":true,"href":"https:\/\/metal-badge.ch\/fr\/wp-json\/wp\/v2\/media\/86021"}],"wp:attachment":[{"href":"https:\/\/metal-badge.ch\/fr\/wp-json\/wp\/v2\/media?parent=45622"}],"wp:term":[{"taxonomy":"product_brand","embeddable":true,"href":"https:\/\/metal-badge.ch\/fr\/wp-json\/wp\/v2\/product_brand?post=45622"},{"taxonomy":"product_cat","embeddable":true,"href":"https:\/\/metal-badge.ch\/fr\/wp-json\/wp\/v2\/product_cat?post=45622"},{"taxonomy":"product_tag","embeddable":true,"href":"https:\/\/metal-badge.ch\/fr\/wp-json\/wp\/v2\/product_tag?post=45622"}],"curies":[{"name":"wp","href":"https:\/\/api.w.org\/{rel}","templated":true}]}}