{"id":45021,"date":"2018-09-27T09:07:48","date_gmt":"2018-09-27T09:07:48","guid":{"rendered":"https:\/\/shop.metal-badge.ch\/?product=boite-pour-carte-de-credit-en-aluminium-the-black-box-sans-badge"},"modified":"2021-01-21T08:38:03","modified_gmt":"2021-01-21T07:38:03","slug":"boite-pour-carte-de-credit-en-aluminium-the-black-box-sans-badge","status":"publish","type":"product","link":"https:\/\/metal-badge.ch\/fr\/product\/45021\/boite-pour-carte-de-credit-en-aluminium-the-black-box-sans-badge\/","title":{"rendered":"Bo\u00eete pour carte de cr\u00e9dit en aluminium \u00ab\u00a0The Black Box\u00a0\u00bb (sans badge)"},"content":{"rendered":"<p><strong>Utile, fonctionnel et \u00e9l\u00e9gant, la bo\u00eete pour carte de cr\u00e9dit en aluminium<\/strong><\/p>\n<p>Cette bo\u00eete en aluminium avec \u00e9tui recouvert de PVC noir vous offre un acc\u00e8s rapide \u00e0 vos 7 cartes de cr\u00e9dit les plus utilis\u00e9es.<br \/>\nAvec l&rsquo;\u00e9tui de carte de cr\u00e9dit, il est facile de choisir la carte dont vous avez besoin. Une simple pression sur le bouton permet la pr\u00e9sentation pratique des cartes sous la forme d&rsquo;un \u00e9ventail. La recherche fastidieuse de la bonne carte dans votre portefeuille n&rsquo;est plus n\u00e9cessaire. Permet de ranger au moins 7 cartes de cr\u00e9dit.<br \/>\nGr\u00e2ce \u00e0 ses dimensions compactes, le porte-cartes avec badge se range facilement dans une poche de pantalon ou de veste.<br \/>\nCet \u00e9tui avec bo\u00eete prot\u00e8ge \u00e9galement vos cartes de cr\u00e9dit contre la casse ou l&rsquo;endommagement de la puce ou de la bande magn\u00e9tique, et les cartes sont \u00e9galement prot\u00e9g\u00e9es dans la bo\u00eete en aluminium RFID.<\/p>\n<p>La bo\u00eete a un clip pour les billets \u00e0 l&rsquo;arri\u00e8re qui peut aussi \u00eatre utilis\u00e9 comme clip ceinture. Le clip est fait d&rsquo;acier \u00e0 ressort robuste.<br \/>\nCette bo\u00eete peut \u00eatre achet\u00e9e avec ou sans badge.<\/p>\n<p><strong>Taille \/ Dimensions\u00a0:<\/strong>\u00a0<br \/>\nHauteur 9,5 cm \/ Largeur\u00a0: 6,5 cm \/ \u00c9paisseur 1,2 cm<br \/>\n<strong>Poids avec badge\u00a0:<\/strong> 150 g.\u00a0<br \/>\nAdapt\u00e9 pour au moins 7 cartes de cr\u00e9dit.<br \/>\n<strong>Couleur\u00a0:<\/strong> noir mat\u00a0<br \/>\n<strong>Bo\u00eete\u00a0:<\/strong> aluminium\u00a0<br \/>\n<strong>Vos cartes y sont prot\u00e9g\u00e9es\u00a0:<\/strong>\u00a0<br \/>\n&#8211; de la flexion et de la rupture &#8211; lors du scanning RFID<br \/>\n&#8211; avec clip en acier \u00e0 ressort \u00e0 l&rsquo;arri\u00e8re pour les billets ou la fixation \u00e0 la ceinture ou \u00e0 une poche de poitrine, etc.<\/p>\n","protected":false},"excerpt":{"rendered":"<p>Utile, fonctionnel et \u00e9l\u00e9gant, la bo\u00eete pour carte de cr\u00e9dit en aluminium Cette bo\u00eete en aluminium avec \u00e9tui recouvert de PVC noir vous offre un acc\u00e8s rapide \u00e0 vos 7 cartes de cr\u00e9dit les plus utilis\u00e9es. Avec l&rsquo;\u00e9tui de carte de cr\u00e9dit, il est facile de choisir la carte dont vous avez besoin. Une simple [&hellip;]<\/p>\n","protected":false},"featured_media":88383,"comment_status":"open","ping_status":"closed","template":"","meta":{"inline_featured_image":false},"product_brand":[],"product_cat":[907,947],"product_tag":[],"class_list":{"0":"post-45021","1":"product","2":"type-product","3":"status-publish","4":"has-post-thumbnail","6":"product_cat-etuis-en-cuir-sans-badge","7":"product_cat-portemonnaies-etuis-en-cuir","9":"first","10":"instock","11":"taxable","12":"shipping-taxable","13":"purchasable","14":"product-type-simple"},"_links":{"self":[{"href":"https:\/\/metal-badge.ch\/fr\/wp-json\/wp\/v2\/product\/45021","targetHints":{"allow":["GET"]}}],"collection":[{"href":"https:\/\/metal-badge.ch\/fr\/wp-json\/wp\/v2\/product"}],"about":[{"href":"https:\/\/metal-badge.ch\/fr\/wp-json\/wp\/v2\/types\/product"}],"replies":[{"embeddable":true,"href":"https:\/\/metal-badge.ch\/fr\/wp-json\/wp\/v2\/comments?post=45021"}],"wp:featuredmedia":[{"embeddable":true,"href":"https:\/\/metal-badge.ch\/fr\/wp-json\/wp\/v2\/media\/88383"}],"wp:attachment":[{"href":"https:\/\/metal-badge.ch\/fr\/wp-json\/wp\/v2\/media?parent=45021"}],"wp:term":[{"taxonomy":"product_brand","embeddable":true,"href":"https:\/\/metal-badge.ch\/fr\/wp-json\/wp\/v2\/product_brand?post=45021"},{"taxonomy":"product_cat","embeddable":true,"href":"https:\/\/metal-badge.ch\/fr\/wp-json\/wp\/v2\/product_cat?post=45021"},{"taxonomy":"product_tag","embeddable":true,"href":"https:\/\/metal-badge.ch\/fr\/wp-json\/wp\/v2\/product_tag?post=45021"}],"curies":[{"name":"wp","href":"https:\/\/api.w.org\/{rel}","templated":true}]}}