{"id":44601,"date":"2018-08-31T05:16:27","date_gmt":"2018-08-31T05:16:27","guid":{"rendered":"https:\/\/shop.metal-badge.ch\/?product=etui-en-cuir-priority-gestionnaire-chien"},"modified":"2020-12-09T03:59:29","modified_gmt":"2020-12-09T02:59:29","slug":"etui-en-cuir-priority-gestionnaire-chien","status":"publish","type":"product","link":"https:\/\/metal-badge.ch\/fr\/product\/44601\/etui-en-cuir-priority-gestionnaire-chien\/","title":{"rendered":"\u00c9tui en cuir \u00ab\u00a0Priority\u00a0\u00bb Gestionnaire chien"},"content":{"rendered":"<p><strong>Utile, fonctionnel et \u00e9l\u00e9gant, l\u2019\u00e9tui pour carte de cr\u00e9dit avec de nombreux extras.<\/strong><\/p>\n<p>L&rsquo;\u00e9tui est compos\u00e9 \u00e0 100% de cuir de vachette de couleur gris chaleureux, avec fermeture \u00e0 bouton et bo\u00eetier de protection en aluminium.<\/p>\n<p>Acc\u00e8s rapide \u00e0 vos 7 cartes de cr\u00e9dit les plus utilis\u00e9es, 1x fen\u00eatre d&rsquo;identification pour les papiers d&rsquo;identit\u00e9, 1x compartiment inf\u00e9rieur pour les billets, etc.<\/p>\n<p>L\u2019ouverture pour le badge se trouve \u00e0 l\u2019int\u00e9rieur. Le badge peut \u00eatre facilement ins\u00e9r\u00e9 par le haut.<\/p>\n<p>Avec l&rsquo;\u00e9tui de carte de cr\u00e9dit, il est facile de choisir la carte dont vous avez besoin. Une simple pression sur le bouton permet la pr\u00e9sentation pratique des cartes sous la forme d&rsquo;un \u00e9ventail. La recherche fastidieuse de la bonne carte dans votre portefeuille n&rsquo;est plus n\u00e9cessaire. Permet de ranger au moins 7 cartes de cr\u00e9dit.<\/p>\n<p>Gr\u00e2ce \u00e0 ses dimensions compactes, le porte-cartes avec badge se range facilement dans une poche de pantalon ou de veste.<\/p>\n<p>Cet \u00e9tui avec bo\u00eete prot\u00e8ge \u00e9galement vos cartes de cr\u00e9dit contre la casse ou l&rsquo;endommagement de la puce ou de la bande magn\u00e9tique, et les cartes sont \u00e9galement prot\u00e9g\u00e9es dans la bo\u00eete en aluminium RFID.<\/p>\n<p><strong>Taille \/ Dimensions de l&rsquo;\u00e9tui :<\/strong><br \/>\nHauteur 11,0 cm \/ Largeur\u00a0: 8,0 cm \/ \u00c9paisseur 2,1 cm<br \/>\n<strong>Poids avec badge\u00a0:<\/strong> 150 g.<\/p>\n<p>Adapt\u00e9 pour au moins 7 cartes de cr\u00e9dit.<br \/>\n<strong>Couleur\u00a0:<\/strong> ton gris chaleureux<br \/>\n<strong>\u00c9tui\u00a0:<\/strong> Bo\u00eete en cuir de vachette\u00a0: aluminium<\/p>\n<p><strong>Vos cartes y sont prot\u00e9g\u00e9es\u00a0:<\/strong><\/p>\n<p>&#8211; de la flexion et de la rupture &#8211; lors du scanning RFID<\/p>\n","protected":false},"excerpt":{"rendered":"<p>Utile, fonctionnel et \u00e9l\u00e9gant, l\u2019\u00e9tui pour carte de cr\u00e9dit avec de nombreux extras. L&rsquo;\u00e9tui est compos\u00e9 \u00e0 100% de cuir de vachette de couleur gris chaleureux, avec fermeture \u00e0 bouton et bo\u00eetier de protection en aluminium. Acc\u00e8s rapide \u00e0 vos 7 cartes de cr\u00e9dit les plus utilis\u00e9es, 1x fen\u00eatre d&rsquo;identification pour les papiers d&rsquo;identit\u00e9, 1x [&hellip;]<\/p>\n","protected":false},"featured_media":44593,"comment_status":"open","ping_status":"closed","template":"","meta":{"inline_featured_image":false},"product_brand":[],"product_cat":[1403,2339],"product_tag":[],"class_list":{"0":"post-44601","1":"product","2":"type-product","3":"status-publish","4":"has-post-thumbnail","6":"product_cat-gestionnaire-chien","7":"product_cat-gestionnaire-chien-fr","9":"first","10":"instock","11":"taxable","12":"shipping-taxable","13":"purchasable","14":"product-type-simple"},"_links":{"self":[{"href":"https:\/\/metal-badge.ch\/fr\/wp-json\/wp\/v2\/product\/44601","targetHints":{"allow":["GET"]}}],"collection":[{"href":"https:\/\/metal-badge.ch\/fr\/wp-json\/wp\/v2\/product"}],"about":[{"href":"https:\/\/metal-badge.ch\/fr\/wp-json\/wp\/v2\/types\/product"}],"replies":[{"embeddable":true,"href":"https:\/\/metal-badge.ch\/fr\/wp-json\/wp\/v2\/comments?post=44601"}],"wp:featuredmedia":[{"embeddable":true,"href":"https:\/\/metal-badge.ch\/fr\/wp-json\/wp\/v2\/media\/44593"}],"wp:attachment":[{"href":"https:\/\/metal-badge.ch\/fr\/wp-json\/wp\/v2\/media?parent=44601"}],"wp:term":[{"taxonomy":"product_brand","embeddable":true,"href":"https:\/\/metal-badge.ch\/fr\/wp-json\/wp\/v2\/product_brand?post=44601"},{"taxonomy":"product_cat","embeddable":true,"href":"https:\/\/metal-badge.ch\/fr\/wp-json\/wp\/v2\/product_cat?post=44601"},{"taxonomy":"product_tag","embeddable":true,"href":"https:\/\/metal-badge.ch\/fr\/wp-json\/wp\/v2\/product_tag?post=44601"}],"curies":[{"name":"wp","href":"https:\/\/api.w.org\/{rel}","templated":true}]}}