{"id":43953,"date":"2018-06-25T12:23:44","date_gmt":"2018-06-25T12:23:44","guid":{"rendered":"https:\/\/shop.metal-badge.ch\/?product=embleme-de-grille-de-radiateur-en-argente-brillant-avec-inscription-a-lexterieur-international-police-association-et-badge-ipa"},"modified":"2018-06-25T12:26:33","modified_gmt":"2018-06-25T12:26:33","slug":"embleme-de-grille-de-radiateur-en-argente-brillant-avec-inscription-a-lexterieur-international-police-association-et-badge-ipa","status":"publish","type":"product","link":"https:\/\/metal-badge.ch\/fr\/product\/43953\/embleme-de-grille-de-radiateur-en-argente-brillant-avec-inscription-a-lexterieur-international-police-association-et-badge-ipa\/","title":{"rendered":"Embl\u00e8me de grille de radiateur en argent\u00e9 brillant avec inscription \u00e0 l&rsquo;ext\u00e9rieur.  INTERNATIONAL POLICE ASSOCIATION et badge IPA"},"content":{"rendered":"<p>Embl\u00e8me grille de radiateur IPA en argent\u00e9 brillant, badge embl\u00e8me central IPA Suisse en 3D.<\/p>\n<p>Facile \u00e0 monter, convient \u00e0 toutes les grilles de radiateur conventionnelles. Cette plaque ronde et l\u00e9g\u00e8rement incurv\u00e9e est livr\u00e9e avec un kit de montage et peut \u00eatre fix\u00e9e de deux fa\u00e7ons diff\u00e9rentes. Voir les deux options dans les photos.<\/p>\n<p><strong>Description du produit\u00a0:<\/strong><br \/>\nEmbl\u00e8me de grille de radiateur en argent\u00e9 brillant avec inscription \u00e0 l&rsquo;ext\u00e9rieur.<br \/>\n<strong>INTERNATIONAL POLICE ASSOCIATION<\/strong><br \/>\nBadge suisse IPA en cercle, en 3D<br \/>\nCouleur : argent\u00e9 brillant<br \/>\nForme : Rond et l\u00e9g\u00e8rement incurv\u00e9<br \/>\nDiam\u00e8tre\u00a0: 8 cm.<br \/>\nR\u00e9sistant aux intemp\u00e9ries et inoxydable<br \/>\nPoids : 65 g.<br \/>\nMat\u00e9riau : m\u00e9tal, zingu\u00e9, laqu\u00e9<br \/>\nKit de montage avec : 2x \u00e9crous \u00e0 oreilles avec rondelles, 2x embases de montage, 2x goupilles filet\u00e9es<\/p>\n","protected":false},"excerpt":{"rendered":"<p>Embl\u00e8me grille de radiateur IPA en argent\u00e9 brillant, badge embl\u00e8me central IPA Suisse en 3D. Facile \u00e0 monter, convient \u00e0 toutes les grilles de radiateur conventionnelles. Cette plaque ronde et l\u00e9g\u00e8rement incurv\u00e9e est livr\u00e9e avec un kit de montage et peut \u00eatre fix\u00e9e de deux fa\u00e7ons diff\u00e9rentes. Voir les deux options dans les photos. Description [&hellip;]<\/p>\n","protected":false},"featured_media":88547,"comment_status":"open","ping_status":"closed","template":"","meta":{"inline_featured_image":false},"product_brand":[],"product_cat":[1536],"product_tag":[1761],"class_list":{"0":"post-43953","1":"product","2":"type-product","3":"status-publish","4":"has-post-thumbnail","6":"product_cat-ipa-gadgets-fr","7":"product_tag-ipa-casual-wear-gadgets-fr","9":"first","10":"instock","11":"taxable","12":"shipping-taxable","13":"purchasable","14":"product-type-simple"},"_links":{"self":[{"href":"https:\/\/metal-badge.ch\/fr\/wp-json\/wp\/v2\/product\/43953","targetHints":{"allow":["GET"]}}],"collection":[{"href":"https:\/\/metal-badge.ch\/fr\/wp-json\/wp\/v2\/product"}],"about":[{"href":"https:\/\/metal-badge.ch\/fr\/wp-json\/wp\/v2\/types\/product"}],"replies":[{"embeddable":true,"href":"https:\/\/metal-badge.ch\/fr\/wp-json\/wp\/v2\/comments?post=43953"}],"wp:featuredmedia":[{"embeddable":true,"href":"https:\/\/metal-badge.ch\/fr\/wp-json\/wp\/v2\/media\/88547"}],"wp:attachment":[{"href":"https:\/\/metal-badge.ch\/fr\/wp-json\/wp\/v2\/media?parent=43953"}],"wp:term":[{"taxonomy":"product_brand","embeddable":true,"href":"https:\/\/metal-badge.ch\/fr\/wp-json\/wp\/v2\/product_brand?post=43953"},{"taxonomy":"product_cat","embeddable":true,"href":"https:\/\/metal-badge.ch\/fr\/wp-json\/wp\/v2\/product_cat?post=43953"},{"taxonomy":"product_tag","embeddable":true,"href":"https:\/\/metal-badge.ch\/fr\/wp-json\/wp\/v2\/product_tag?post=43953"}],"curies":[{"name":"wp","href":"https:\/\/api.w.org\/{rel}","templated":true}]}}