{"id":43921,"date":"2018-06-25T10:50:45","date_gmt":"2018-06-25T10:50:45","guid":{"rendered":"https:\/\/shop.metal-badge.ch\/?product=collier-en-inox-avec-pendentif-ipa-argente-mat"},"modified":"2020-11-10T22:26:55","modified_gmt":"2020-11-10T21:26:55","slug":"collier-en-inox-avec-pendentif-ipa-argente-mat","status":"publish","type":"product","link":"https:\/\/metal-badge.ch\/fr\/product\/43921\/collier-en-inox-avec-pendentif-ipa-argente-mat\/","title":{"rendered":"Collier en inox avec pendentif IPA argent\u00e9 mat"},"content":{"rendered":"<p>Joli collier avec pendentif design \u00ab\u00a0badge IPA\u00a0\u00bb argent\u00e9 mat.<br \/>\nLe collier en inox avec un pendentif est livr\u00e9 dans une jolie bo\u00eete cadeau.<br \/>\nLe pendentif ovale peut \u00eatre grav\u00e9 \u00e0 l&rsquo;arri\u00e8re sur demande.<\/p>\n<p>Gravure : 1 ligne de 20 caract\u00e8res maximum \/ prix : 23.-<br \/>\nGravure : 2 lignes de 20 caract\u00e8res maximum par ligne \/ prix : 30.-<\/p>\n<p>Exemple: Nom, pr\u00e9nom<br \/>\nExemple: groupe sanguin, etc.<\/p>\n<p>Poids : Cha\u00eene avec pendentif, 16 g<br \/>\nDimensions pendentif : Hauteur : 4 cm Largeur : env, 2,7 cm.<br \/>\nForme : ovale<\/p>\n","protected":false},"excerpt":{"rendered":"<p>Joli collier avec pendentif design \u00ab\u00a0badge IPA\u00a0\u00bb argent\u00e9 mat. Le collier en inox avec un pendentif est livr\u00e9 dans une jolie bo\u00eete cadeau. Le pendentif ovale peut \u00eatre grav\u00e9 \u00e0 l&rsquo;arri\u00e8re sur demande. Gravure : 1 ligne de 20 caract\u00e8res maximum \/ prix : 23.- Gravure : 2 lignes de 20 caract\u00e8res maximum par ligne [&hellip;]<\/p>\n","protected":false},"featured_media":43913,"comment_status":"open","ping_status":"closed","template":"","meta":{"inline_featured_image":false},"product_brand":[],"product_cat":[1536],"product_tag":[1761],"class_list":{"0":"post-43921","1":"product","2":"type-product","3":"status-publish","4":"has-post-thumbnail","6":"product_cat-ipa-gadgets-fr","7":"product_tag-ipa-casual-wear-gadgets-fr","9":"first","10":"instock","11":"taxable","12":"shipping-taxable","13":"purchasable","14":"product-type-simple"},"_links":{"self":[{"href":"https:\/\/metal-badge.ch\/fr\/wp-json\/wp\/v2\/product\/43921","targetHints":{"allow":["GET"]}}],"collection":[{"href":"https:\/\/metal-badge.ch\/fr\/wp-json\/wp\/v2\/product"}],"about":[{"href":"https:\/\/metal-badge.ch\/fr\/wp-json\/wp\/v2\/types\/product"}],"replies":[{"embeddable":true,"href":"https:\/\/metal-badge.ch\/fr\/wp-json\/wp\/v2\/comments?post=43921"}],"wp:featuredmedia":[{"embeddable":true,"href":"https:\/\/metal-badge.ch\/fr\/wp-json\/wp\/v2\/media\/43913"}],"wp:attachment":[{"href":"https:\/\/metal-badge.ch\/fr\/wp-json\/wp\/v2\/media?parent=43921"}],"wp:term":[{"taxonomy":"product_brand","embeddable":true,"href":"https:\/\/metal-badge.ch\/fr\/wp-json\/wp\/v2\/product_brand?post=43921"},{"taxonomy":"product_cat","embeddable":true,"href":"https:\/\/metal-badge.ch\/fr\/wp-json\/wp\/v2\/product_cat?post=43921"},{"taxonomy":"product_tag","embeddable":true,"href":"https:\/\/metal-badge.ch\/fr\/wp-json\/wp\/v2\/product_tag?post=43921"}],"curies":[{"name":"wp","href":"https:\/\/api.w.org\/{rel}","templated":true}]}}