{"id":43910,"date":"2018-06-25T10:40:10","date_gmt":"2018-06-25T10:40:10","guid":{"rendered":"https:\/\/shop.metal-badge.ch\/?product=dog-tag-avec-embleme-badge-ipa-suisse-mat-argente"},"modified":"2018-06-25T10:52:48","modified_gmt":"2018-06-25T10:52:48","slug":"dog-tag-avec-embleme-badge-ipa-suisse-mat-argente","status":"publish","type":"product","link":"https:\/\/metal-badge.ch\/fr\/product\/43910\/dog-tag-avec-embleme-badge-ipa-suisse-mat-argente\/","title":{"rendered":"\u00ab Dog Tag \u00bb avec embl\u00e8me badge IPA Suisse, mat argent\u00e9"},"content":{"rendered":"<p>Cha\u00eenette en acier (inoxydable) avec fermeture de s\u00e9curit\u00e9 anti-arrachage et pendentif \u00ab\u00a0Dog Tag\u00a0\u00bb. Estampage en 3D avec embl\u00e8me du badge de l\u2019IPA en dor\u00e9 et dos avec les armes de la <strong>Suisse<\/strong> et <strong>inscription<\/strong>.<\/p>\n<p><strong>SWITZERLAND \u2013 SUISSE<br \/>\nSVIZZERA \u2013 SCHWEIZ<\/strong><\/p>\n<p>Poids : Cha\u00eene avec pendentif, 30 g<br \/>\nDimensions pendentif : Hauteur : 5,5 cm, largeur : 3,5 cm.<br \/>\nPendentif mat argent\u00e9<\/p>\n<p>\u00a0<\/p>\n","protected":false},"excerpt":{"rendered":"<p>Cha\u00eenette en acier (inoxydable) avec fermeture de s\u00e9curit\u00e9 anti-arrachage et pendentif \u00ab\u00a0Dog Tag\u00a0\u00bb. Estampage en 3D avec embl\u00e8me du badge de l\u2019IPA en dor\u00e9 et dos avec les armes de la Suisse et inscription. SWITZERLAND \u2013 SUISSE SVIZZERA \u2013 SCHWEIZ Poids : Cha\u00eene avec pendentif, 30 g Dimensions pendentif : Hauteur : 5,5 cm, largeur [&hellip;]<\/p>\n","protected":false},"featured_media":88553,"comment_status":"open","ping_status":"closed","template":"","meta":{"inline_featured_image":false},"product_brand":[],"product_cat":[1263,1536],"product_tag":[1761],"class_list":{"0":"post-43910","1":"product","2":"type-product","3":"status-publish","4":"has-post-thumbnail","6":"product_cat-ipa-casual-wear-fr","7":"product_cat-ipa-gadgets-fr","8":"product_tag-ipa-casual-wear-gadgets-fr","10":"first","11":"instock","12":"taxable","13":"shipping-taxable","14":"purchasable","15":"product-type-simple"},"_links":{"self":[{"href":"https:\/\/metal-badge.ch\/fr\/wp-json\/wp\/v2\/product\/43910","targetHints":{"allow":["GET"]}}],"collection":[{"href":"https:\/\/metal-badge.ch\/fr\/wp-json\/wp\/v2\/product"}],"about":[{"href":"https:\/\/metal-badge.ch\/fr\/wp-json\/wp\/v2\/types\/product"}],"replies":[{"embeddable":true,"href":"https:\/\/metal-badge.ch\/fr\/wp-json\/wp\/v2\/comments?post=43910"}],"wp:featuredmedia":[{"embeddable":true,"href":"https:\/\/metal-badge.ch\/fr\/wp-json\/wp\/v2\/media\/88553"}],"wp:attachment":[{"href":"https:\/\/metal-badge.ch\/fr\/wp-json\/wp\/v2\/media?parent=43910"}],"wp:term":[{"taxonomy":"product_brand","embeddable":true,"href":"https:\/\/metal-badge.ch\/fr\/wp-json\/wp\/v2\/product_brand?post=43910"},{"taxonomy":"product_cat","embeddable":true,"href":"https:\/\/metal-badge.ch\/fr\/wp-json\/wp\/v2\/product_cat?post=43910"},{"taxonomy":"product_tag","embeddable":true,"href":"https:\/\/metal-badge.ch\/fr\/wp-json\/wp\/v2\/product_tag?post=43910"}],"curies":[{"name":"wp","href":"https:\/\/api.w.org\/{rel}","templated":true}]}}