{"id":43903,"date":"2018-06-25T10:28:54","date_gmt":"2018-06-25T10:28:54","guid":{"rendered":"https:\/\/shop.metal-badge.ch\/?product=ouvre-lettres-mat-argente"},"modified":"2020-08-02T03:30:26","modified_gmt":"2020-08-02T03:30:26","slug":"ouvre-lettres-mat-argente","status":"publish","type":"product","link":"https:\/\/metal-badge.ch\/fr\/product\/43903\/ouvre-lettres-mat-argente\/","title":{"rendered":"Ouvre-lettres mat argent\u00e9"},"content":{"rendered":"<p>Ouvre-lettres avec design de badge de l\u2019IPA en argent\u00e9 mat. M\u00e9tal, alliage de zinc. Tr\u00e8s solide.<\/p>\n<p>Description du produit\u00a0:<br \/>\nPoids : 24 g.<br \/>\nLongueur : 16 cm.<\/p>\n","protected":false},"excerpt":{"rendered":"<p>Ouvre-lettres avec design de badge de l\u2019IPA en argent\u00e9 mat. M\u00e9tal, alliage de zinc. Tr\u00e8s solide. Description du produit\u00a0: Poids : 24 g. Longueur : 16 cm.<\/p>\n","protected":false},"featured_media":88555,"comment_status":"open","ping_status":"closed","template":"","meta":{"inline_featured_image":false},"product_brand":[],"product_cat":[1536],"product_tag":[1761],"class_list":{"0":"post-43903","1":"product","2":"type-product","3":"status-publish","4":"has-post-thumbnail","6":"product_cat-ipa-gadgets-fr","7":"product_tag-ipa-casual-wear-gadgets-fr","9":"first","10":"instock","11":"taxable","12":"shipping-taxable","13":"purchasable","14":"product-type-simple"},"_links":{"self":[{"href":"https:\/\/metal-badge.ch\/fr\/wp-json\/wp\/v2\/product\/43903","targetHints":{"allow":["GET"]}}],"collection":[{"href":"https:\/\/metal-badge.ch\/fr\/wp-json\/wp\/v2\/product"}],"about":[{"href":"https:\/\/metal-badge.ch\/fr\/wp-json\/wp\/v2\/types\/product"}],"replies":[{"embeddable":true,"href":"https:\/\/metal-badge.ch\/fr\/wp-json\/wp\/v2\/comments?post=43903"}],"wp:featuredmedia":[{"embeddable":true,"href":"https:\/\/metal-badge.ch\/fr\/wp-json\/wp\/v2\/media\/88555"}],"wp:attachment":[{"href":"https:\/\/metal-badge.ch\/fr\/wp-json\/wp\/v2\/media?parent=43903"}],"wp:term":[{"taxonomy":"product_brand","embeddable":true,"href":"https:\/\/metal-badge.ch\/fr\/wp-json\/wp\/v2\/product_brand?post=43903"},{"taxonomy":"product_cat","embeddable":true,"href":"https:\/\/metal-badge.ch\/fr\/wp-json\/wp\/v2\/product_cat?post=43903"},{"taxonomy":"product_tag","embeddable":true,"href":"https:\/\/metal-badge.ch\/fr\/wp-json\/wp\/v2\/product_tag?post=43903"}],"curies":[{"name":"wp","href":"https:\/\/api.w.org\/{rel}","templated":true}]}}