{"id":43897,"date":"2018-06-22T16:51:24","date_gmt":"2018-06-22T16:51:24","guid":{"rendered":"https:\/\/shop.metal-badge.ch\/?product=veste-tactique-orange-bleu"},"modified":"2024-08-03T05:40:15","modified_gmt":"2024-08-03T03:40:15","slug":"veste-tactique-orange-bleu","status":"publish","type":"product","link":"https:\/\/metal-badge.ch\/fr\/product\/43897\/veste-tactique-orange-bleu\/","title":{"rendered":"Veste tactique orange \/ bleu"},"content":{"rendered":"<p>Veste tactique orange \/ bleu en maille polyester robuste 425 GSM, mat\u00e9riau basique en nylon 1000 deniers avec un rev\u00eatement en PU hydrophobe. La veste est disponible en diff\u00e9rentes tailles et se ferme \u00e0 l&rsquo;avant avec une fermeture \u00e9clair YKK.<\/p>\n<p>\u00c0 l&rsquo;arri\u00e8re, un grand emplacement est pr\u00e9vu pour pouvoir ajouter et retirer facilement l&rsquo;inscription plastifi\u00e9e et r\u00e9fl\u00e9chissante <strong>SECURITY \/ POLICE \/ PARAMEDIC \/ FEUERWEHR \/ Rettungsdienst \/ Notarzt, <\/strong>etc. Les dimensions de l&rsquo;inscription \u00e0 l&rsquo;arri\u00e8re sont de 29 cm x 10cm. \u00c0 l&rsquo;avant, sur le c\u00f4t\u00e9 gauche de la poitrine, se trouve un emplacement avec l&rsquo;inscription r\u00e9fl\u00e9chissante <strong>SECURITY \/ POLICE \/ PARAMEDIC \/&nbsp; FEUERWEHR \/ Rettungsdienst \/ Notarzt,<\/strong> etc. Panneau d\u2019inscription \/ velcro mesurant 12 cm x 4 cm. Une fen\u00eatre transparente pour document d\u2019identit\u00e9 se trouve \u00e0 droite \u00e0 la hauteur de la poitrine.<\/p>\n<p>La veste est \u00e9quip\u00e9e de diff\u00e9rentes poches dans la partie inf\u00e9rieure. En tout, la veste est \u00e9quip\u00e9e de 4 poches multifonctionnelle \u00e0 l&rsquo;avant. Plus une poche radio universelle qui peut \u00eatre r\u00e9gl\u00e9e individuellement pour votre appareil de radio avec des velcros, un bouton pression et des rubans \u00e9lastiques. De plus, une poche appos\u00e9e comporte un dispositif avec une boucle, un support et un bouton pression pour une lampe de poche ou d&rsquo;autres outils d&rsquo;aide. Les deux poches appos\u00e9es inf\u00e9rieures sont munies de fermetures \u00e9clair sur le pourtour. Les deux poches sont con\u00e7ues en tant que poches pour m\u00e9dicaments, etc., et comportent de nombreux supports \u00e9lastiques et compartiments.<\/p>\n<p>De plus, chaque poche comporte deux poches. \u00c0 l\u2019ext\u00e9rieur, une poche appos\u00e9e est munie d\u2019une poche velcro suppl\u00e9mentaire. Deux grands compartiments des deux c\u00f4t\u00e9s, pour droitiers et gauches, sont appos\u00e9s sous les poches \u00e0 l&rsquo;avant avec fermeture \u00e9clair ; ils sont faciles d&rsquo;acc\u00e8s. Des boucles Molle sont appliqu\u00e9es des deux c\u00f4t\u00e9s \u00e0 l&rsquo;avant des \u00e9paules. \u00c0 l&rsquo;avant, 4 anneaux en forme de D solides sont appos\u00e9s en suppl\u00e9ment.<\/p>\n<p>La taille de la veste peut \u00eatre ajust\u00e9e \u00e0 l&rsquo;\u00e9paule ainsi que sur le c\u00f4t\u00e9 de la hanche \u00e0 l&rsquo;aide d&rsquo;une fermeture Velcro. Il peut \u00eatre ouvert sur les c\u00f4t\u00e9s et en haut de l&rsquo;\u00e9paule \u00e0 l&rsquo;aide d&rsquo;une fermeture velcro et s&rsquo;adapte ainsi encore mieux \u00e0 l&rsquo;utilisateur. Avec le velcro attach\u00e9 sur le c\u00f4t\u00e9, il y a deux poches&nbsp;suppl\u00e9mentaires \u00e0 l&rsquo;ext\u00e9rieur qui sont munis d&rsquo;une fermeture \u00e9clair YKK.<\/p>\n<p>La veste est aussi munie d\u2019une poign\u00e9e de transport en haut. Des bandes r\u00e9fl\u00e9chissantes conformes \u00e0 la norme EN 471 sont cousues \u00e0 l&rsquo;avant et \u00e0 l&rsquo;arri\u00e8re sur la veste. Il est ainsi possible de voir son porteur m\u00eame dans l\u2019obscurit\u00e9.<\/p>\n<p><strong>Informations du produit :<\/strong><\/p>\n<ul>\n<li>Mat\u00e9riaux&nbsp;: maille polyester robuste 425 GSM, mat\u00e9riau basique comme le nylon \u00e0 1000 deniers avec un rev\u00eatement en PU hydrophobe<\/li>\n<li>La veste peut \u00eatre ouverte en haut au niveau des \u00e9paules par une fermeture \u00e9clair et en bas sur le c\u00f4t\u00e9 avec un velcro, et donc s&rsquo;adapter encore mieux au porteur.<\/li>\n<li>Fen\u00eatre transparente pour document d\u2019identit\u00e9<\/li>\n<li>Poign\u00e9e de transport<\/li>\n<li>4x anneaux en D solides \/ supports \/ anneaux<\/li>\n<li>Diff\u00e9rents \u0153illets en m\u00e9tal et \u00e9querres de fixation<\/li>\n<li>Boucles Molle \u00e0 l&rsquo;avant en haut, sur l\u2019\u00e9paule<\/li>\n<li>Avec des bandes de s\u00e9curit\u00e9 vertes \/ argent\u00e9es r\u00e9fl\u00e9chissantes<\/li>\n<li>Inscription : Velcro rempla\u00e7able<\/li>\n<li>1 poche radio universelle<\/li>\n<li>Poches avant :&nbsp; 4x poches multifonctionnelles<\/li>\n<li>2x Poches&nbsp;avec fermeture \u00e9clair sur le velcro lat\u00e9ral.<\/li>\n<li>Couleur : orange \/ bleu<\/li>\n<li>Taille : S, M, L, XL, 2XL<\/li>\n<li>Poids : 840 g.<\/li>\n<li>Dimensions 2x poches ext\u00e9rieurs avant avec fermeture velcro : Largeur 12,5 cm \/ Hauteur 13 cm \/ Profondeur 4 cm<\/li>\n<li>Dimensions 1x poche ext\u00e9rieure avant avec fermeture \u00e9clair&nbsp;: Largeur 13cm \/ Hauteur 22cm \/ Profondeur 4 cm<\/li>\n<li>Dimensions 1x poche ext\u00e9rieure avant avec fermeture \u00e9clair&nbsp;: largeur 17cm \/ hauteur 22 cm \/ profondeur 7 cm<\/li>\n<\/ul>\n<p><strong>Pour les commandes \u00e0 partir de 20 pi\u00e8ces, inscription personnalis\u00e9e sur demande et prix r\u00e9duit garanti, contactez-nous. Si n\u00e9cessaire, la veste est aussi disponible dans d\u2019autres tailles \u00e0 partir de 10 pi\u00e8ces.<\/strong><\/p>\n","protected":false},"excerpt":{"rendered":"<p>Veste tactique orange \/bleu en maille polyester robuste 425 GSM, mat\u00e9riau basique en nylon 1000 deniers avec un rev\u00eatement en PU hydrophobe : la veste avec beaucoup d&rsquo;avantages. La veste est disponible en diff\u00e9rentes tailles et se ferme \u00e0 l&rsquo;avant avec une fermeture \u00e9clair YKK.<\/p>\n","protected":false},"featured_media":43889,"comment_status":"open","ping_status":"closed","template":"","meta":{"inline_featured_image":false},"product_brand":[],"product_cat":[2215,1606],"product_tag":[1765],"class_list":{"0":"post-43897","1":"product","2":"type-product","3":"status-publish","4":"has-post-thumbnail","6":"product_cat-vestes_tactiques","7":"product_cat-vetements-haute-visibilite-et-lumineux","8":"product_tag-sport-outdoor-fr","10":"first","11":"instock","12":"taxable","13":"shipping-taxable","14":"purchasable","15":"product-type-simple"},"_links":{"self":[{"href":"https:\/\/metal-badge.ch\/fr\/wp-json\/wp\/v2\/product\/43897","targetHints":{"allow":["GET"]}}],"collection":[{"href":"https:\/\/metal-badge.ch\/fr\/wp-json\/wp\/v2\/product"}],"about":[{"href":"https:\/\/metal-badge.ch\/fr\/wp-json\/wp\/v2\/types\/product"}],"replies":[{"embeddable":true,"href":"https:\/\/metal-badge.ch\/fr\/wp-json\/wp\/v2\/comments?post=43897"}],"wp:featuredmedia":[{"embeddable":true,"href":"https:\/\/metal-badge.ch\/fr\/wp-json\/wp\/v2\/media\/43889"}],"wp:attachment":[{"href":"https:\/\/metal-badge.ch\/fr\/wp-json\/wp\/v2\/media?parent=43897"}],"wp:term":[{"taxonomy":"product_brand","embeddable":true,"href":"https:\/\/metal-badge.ch\/fr\/wp-json\/wp\/v2\/product_brand?post=43897"},{"taxonomy":"product_cat","embeddable":true,"href":"https:\/\/metal-badge.ch\/fr\/wp-json\/wp\/v2\/product_cat?post=43897"},{"taxonomy":"product_tag","embeddable":true,"href":"https:\/\/metal-badge.ch\/fr\/wp-json\/wp\/v2\/product_tag?post=43897"}],"curies":[{"name":"wp","href":"https:\/\/api.w.org\/{rel}","templated":true}]}}