{"id":43886,"date":"2018-06-21T16:16:59","date_gmt":"2018-06-21T16:16:59","guid":{"rendered":"https:\/\/shop.metal-badge.ch\/?product=veste-tactique-security-et-police"},"modified":"2018-06-23T13:47:17","modified_gmt":"2018-06-23T13:47:17","slug":"veste-tactique-security-et-police","status":"publish","type":"product","link":"https:\/\/metal-badge.ch\/fr\/product\/43886\/veste-tactique-security-et-police\/","title":{"rendered":"Veste tactique \u00ab SECURITY \u00bb et \u00ab POLICE \u00bb"},"content":{"rendered":"<p>Veste tactique noire en maille de polyester solide, tissu en nylon de 600 deniers et rev\u00eatement en PU hydrofuge. Avec porte-stylos, anneau porte-cl\u00e9s et supports Molle, une veste avec de nombreux extras. La taille de cette veste \u00e0 taille unique peut \u00eatre adapt\u00e9e sur le c\u00f4t\u00e9 et en haut. La veste est confortable \u00e0 porter et rev\u00eatue \u00e0 l\u2019int\u00e9rieur.<\/p>\n<p>\u00c0 l&rsquo;arri\u00e8re se trouve un grand compartiment zipp\u00e9 de 25 cm x 14 cm avec beaucoup d&rsquo;espace de rangement et un compartiment pour les menottes avec fermeture par velcro. \u00c0 l&rsquo;arri\u00e8re, un grand emplacement est pr\u00e9vu pour pouvoir ajouter et retirer facilement l&rsquo;inscription plastifi\u00e9e et r\u00e9fl\u00e9chissante <strong>SECURITY \/ SECURITE \/ SICHERHEIT \/ POLICE \/ POLIZEI \/ POLIZIA.<\/strong><\/p>\n<p>\u00c0 l&rsquo;avant, il y a 4 poches appos\u00e9es sur le c\u00f4t\u00e9 droit, qui ont toutes un bouton pression et une fermeture velcro. Les poches sont de diff\u00e9rentes tailles et offrent beaucoup d&rsquo;espace de rangement. La poche appos\u00e9e sup\u00e9rieure a \u00e9galement un velcro pour placer une inscription r\u00e9fl\u00e9chissante<strong> SECURITY \/ SECURITE \/ SICHERHEIT \/ POLICE \/ POLIZEI \/ POLIZIA<\/strong> de dimensions 12,5 cm x 5 cm.<\/p>\n<p>4x poches appos\u00e9es se trouvent \u00e9galement \u00e0 l&rsquo;avant. 1x fixation d\u2019\u00e9tui d\u2019arme peut \u00eatre adapt\u00e9e \u00e0 l&rsquo;arme avec les sangles de fermeture velcro. La veste peut \u00eatre encore mieux ajust\u00e9e au porteur avec les trois bandes en nylon et la fermeture rapide sur le c\u00f4t\u00e9. La veste peut \u00eatre ouverte en haut au niveau des \u00e9paules par une fermeture \u00e9clair et avec un velcro, et donc s&rsquo;ajuster encore mieux au porteur.<\/p>\n<p>Mat\u00e9riau\u00a0:<br \/>\nEn maille de polyester robuste et tissu de nylon 600 deniers avec rev\u00eatement en PU hydrofuge<br \/>\nCouleur noire<br \/>\nInscription : Velcro amovible\u00a0\u00a0\u00a0\u00a0\u00a0\u00a0\u00a0\u00a0\u00a0\u00a0\u00a0\u00a0\u00a0\u00a0\u00a0\u00a0\u00a0\u00a0\u00a0\u00a0\u00a0\u00a0\u00a0\u00a0\u00a0\u00a0\u00a0\u00a0\u00a0\u00a0\u00a0\u00a0\u00a0\u00a0\u00a0\u00a0\u00a0\u00a0\u00a0\u00a0\u00a0\u00a0\u00a0\u00a0\u00a0\u00a0\u00a0 \u00a0\u00a0\u00a0\u00a0\u00a0\u00a0\u00a0\u00a0\u00a0\u00a0\u00a0\u00a0\u00a0\u00a0\u00a0\u00a0<br \/>\nCouleur de l\u2019inscription : noir<br \/>\nTailles : Taille unique r\u00e9glable lat\u00e9ralement et en hauteur aux \u00e9paules<br \/>\nPoids : 1100 g<br \/>\nPoches pour pistolet, lampe de poche, poches pour chargeur, radios et autres petits \u00e9l\u00e9ments<br \/>\n\u00a0<\/p>\n","protected":false},"excerpt":{"rendered":"<p>Veste tactique noire en maille de polyester solide, tissu en nylon de 600 deniers et rev\u00eatement en PU hydrofuge. Avec porte-stylos, anneau porte-cl\u00e9s et supports Molle, une veste avec de nombreux extras. La taille de cette veste \u00e0 taille unique peut \u00eatre adapt\u00e9e sur le c\u00f4t\u00e9 et en haut. La veste est confortable \u00e0 porter [&hellip;]<\/p>\n","protected":false},"featured_media":88557,"comment_status":"open","ping_status":"closed","template":"","meta":{"inline_featured_image":false},"product_brand":[],"product_cat":[2215,1606],"product_tag":[1765],"class_list":{"0":"post-43886","1":"product","2":"type-product","3":"status-publish","4":"has-post-thumbnail","6":"product_cat-vestes_tactiques","7":"product_cat-vetements-haute-visibilite-et-lumineux","8":"product_tag-sport-outdoor-fr","10":"first","11":"instock","12":"taxable","13":"shipping-taxable","14":"purchasable","15":"product-type-simple"},"_links":{"self":[{"href":"https:\/\/metal-badge.ch\/fr\/wp-json\/wp\/v2\/product\/43886","targetHints":{"allow":["GET"]}}],"collection":[{"href":"https:\/\/metal-badge.ch\/fr\/wp-json\/wp\/v2\/product"}],"about":[{"href":"https:\/\/metal-badge.ch\/fr\/wp-json\/wp\/v2\/types\/product"}],"replies":[{"embeddable":true,"href":"https:\/\/metal-badge.ch\/fr\/wp-json\/wp\/v2\/comments?post=43886"}],"wp:featuredmedia":[{"embeddable":true,"href":"https:\/\/metal-badge.ch\/fr\/wp-json\/wp\/v2\/media\/88557"}],"wp:attachment":[{"href":"https:\/\/metal-badge.ch\/fr\/wp-json\/wp\/v2\/media?parent=43886"}],"wp:term":[{"taxonomy":"product_brand","embeddable":true,"href":"https:\/\/metal-badge.ch\/fr\/wp-json\/wp\/v2\/product_brand?post=43886"},{"taxonomy":"product_cat","embeddable":true,"href":"https:\/\/metal-badge.ch\/fr\/wp-json\/wp\/v2\/product_cat?post=43886"},{"taxonomy":"product_tag","embeddable":true,"href":"https:\/\/metal-badge.ch\/fr\/wp-json\/wp\/v2\/product_tag?post=43886"}],"curies":[{"name":"wp","href":"https:\/\/api.w.org\/{rel}","templated":true}]}}