{"id":43864,"date":"2018-06-21T14:46:14","date_gmt":"2018-06-21T14:46:14","guid":{"rendered":"https:\/\/shop.metal-badge.ch\/?product=veste-dintervention-en-softshell-jaune-vifverte"},"modified":"2021-01-15T10:58:28","modified_gmt":"2021-01-15T09:58:28","slug":"veste-dintervention-en-softshell-jaune-vifverte","status":"publish","type":"product","link":"https:\/\/metal-badge.ch\/fr\/product\/43864\/veste-dintervention-en-softshell-jaune-vifverte\/","title":{"rendered":"Veste d\u2019intervention en softshell jaune vif\/verte"},"content":{"rendered":"<p>Cette veste d\u2019intervention en softshell comporte des bandes r\u00e9fl\u00e9chissantes de s\u00e9curit\u00e9 aux manches, aux \u00e9paules et au bas conform\u00e9ment \u00e0 la norme EN 471. Une fen\u00eatre transparente pour document d\u2019identit\u00e9 est appos\u00e9e \u00e0 droite \u00e0 l&rsquo;avant. Veste 100 % polyester avec doublure int\u00e9rieure \u00e9galement adapt\u00e9e pour la saison froide. Grande poche int\u00e9rieure avec fermeture \u00e9clair et deux grandes poches \u00e0 fermeture \u00e9clair droite, gauche, offrent un grand espace de stockage. De plus, vous trouverez une poche lat\u00e9rale sur la droite sur le bras. Poignets r\u00e9glables avec une fermeture velcro. Un velcro rond de 8 cm se trouve sur le bras droit pour y fixer un patch. Cette veste a des rabats d&rsquo;\u00e9paule avec des boutons-pression des deux c\u00f4t\u00e9s.<\/p>\n<p>Cette veste est munie de velcro pour marquages \u00e0 l\u2019arri\u00e8re et \u00e0 l&rsquo;avant.<\/p>\n<p>Dimensions du panneau velcro avant : 12 cm x 4 cm<br \/>\nDimensions du panneau velcro arri\u00e8re : 29 cm x 10 cm<\/p>\n<p><strong>Sp\u00e9cification \/ mat\u00e9riau :<\/strong><br \/>\n100 % polyester avec une excellente isolation contre le froid gr\u00e2ce au rembourrage en microfibres de 4 couches thermoactif<br \/>\nCoupe-vent et \u00e9tanche<br \/>\nCol montant de 9 cm<br \/>\nRespirable<br \/>\nPoignet r\u00e9glable \u00e0 fermeture velcro<br \/>\nGrand confort de port<br \/>\n4 poches avec beaucoup d&rsquo;espace de rangement et \u00e0 fermeture \u00e9clair<br \/>\nDoublure : 100\u00a0% polyester<br \/>\nCertifi\u00e9 selon EN 471, (v\u00eatements de signalisation)<br \/>\nPoids de la mati\u00e8re : 330 GSM<br \/>\nPartie int\u00e9rieure en microfibres avec du TPU enduit thermoactif<br \/>\nCouleur : Jaune vif, vert<br \/>\nTailles : S, M, L, XL<br \/>\nInscriptions :\u00a0 <strong>POLICE, POLIZEI, Rettungsdienst, PARAMEDIC, Notarzt, SECURITY, SECURITE, Feuerwehr<\/strong><\/p>\n<p>Nous produisons d&rsquo;autres inscriptions velcro sur demande. Contactez-nous !<\/p>\n<p>Prix r\u00e9duit pour des commandes de plus de 20 pi\u00e8ces. Nous pouvons \u00e9galement adapter la veste \u00e0 vos souhaits en r\u00e9alisant diff\u00e9rentes modifications. Contactez-nous.<\/p>\n","protected":false},"excerpt":{"rendered":"<p>Cette veste d\u2019intervention en softshell comporte des bandes r\u00e9fl\u00e9chissantes de s\u00e9curit\u00e9 aux manches, aux \u00e9paules et au bas conform\u00e9ment \u00e0 la norme EN 471. Une fen\u00eatre transparente pour document d\u2019identit\u00e9 est appos\u00e9e \u00e0 droite \u00e0 l&rsquo;avant. Veste 100 % polyester avec doublure int\u00e9rieure \u00e9galement adapt\u00e9e pour la saison froide. Grande poche int\u00e9rieure avec fermeture \u00e9clair [&hellip;]<\/p>\n","protected":false},"featured_media":43856,"comment_status":"open","ping_status":"closed","template":"","meta":{"inline_featured_image":false},"product_brand":[],"product_cat":[1606,1602],"product_tag":[1765],"class_list":{"0":"post-43864","1":"product","2":"type-product","3":"status-publish","4":"has-post-thumbnail","6":"product_cat-vetements-haute-visibilite-et-lumineux","7":"product_cat-vestes-en-softshell-pantalons-et-vetements-haute-visibilite","8":"product_tag-sport-outdoor-fr","10":"first","11":"instock","12":"taxable","13":"shipping-taxable","14":"purchasable","15":"product-type-simple"},"_links":{"self":[{"href":"https:\/\/metal-badge.ch\/fr\/wp-json\/wp\/v2\/product\/43864","targetHints":{"allow":["GET"]}}],"collection":[{"href":"https:\/\/metal-badge.ch\/fr\/wp-json\/wp\/v2\/product"}],"about":[{"href":"https:\/\/metal-badge.ch\/fr\/wp-json\/wp\/v2\/types\/product"}],"replies":[{"embeddable":true,"href":"https:\/\/metal-badge.ch\/fr\/wp-json\/wp\/v2\/comments?post=43864"}],"wp:featuredmedia":[{"embeddable":true,"href":"https:\/\/metal-badge.ch\/fr\/wp-json\/wp\/v2\/media\/43856"}],"wp:attachment":[{"href":"https:\/\/metal-badge.ch\/fr\/wp-json\/wp\/v2\/media?parent=43864"}],"wp:term":[{"taxonomy":"product_brand","embeddable":true,"href":"https:\/\/metal-badge.ch\/fr\/wp-json\/wp\/v2\/product_brand?post=43864"},{"taxonomy":"product_cat","embeddable":true,"href":"https:\/\/metal-badge.ch\/fr\/wp-json\/wp\/v2\/product_cat?post=43864"},{"taxonomy":"product_tag","embeddable":true,"href":"https:\/\/metal-badge.ch\/fr\/wp-json\/wp\/v2\/product_tag?post=43864"}],"curies":[{"name":"wp","href":"https:\/\/api.w.org\/{rel}","templated":true}]}}