{"id":43793,"date":"2018-06-18T13:39:18","date_gmt":"2018-06-18T13:39:18","guid":{"rendered":"https:\/\/shop.metal-badge.ch\/?product=veste-tactique-jaune-fluo"},"modified":"2024-08-03T00:19:09","modified_gmt":"2024-08-02T22:19:09","slug":"veste-tactique-jaune-fluo","status":"publish","type":"product","link":"https:\/\/metal-badge.ch\/fr\/product\/43793\/veste-tactique-jaune-fluo\/","title":{"rendered":"Veste tactique jaune fluo"},"content":{"rendered":"<p>Veste tactique jaune fluo en maille polyester robuste 220 GSM, mat\u00e9riau basique en nylon 600 deniers avec un rev\u00eatement en PU hydrophobe. La veste est disponible en diff\u00e9rentes tailles et se ferme \u00e0 l&rsquo;avant avec une fermeture \u00e9clair YKK.<\/p>\n<p>\u00c0 l&rsquo;arri\u00e8re, un grand emplacement est pr\u00e9vu pour pouvoir ajouter et retirer facilement l&rsquo;inscription plastifi\u00e9e et r\u00e9fl\u00e9chissante <strong>SECURITY \/ POLICE \/ PARAMEDIC \/ Rettungsdienst \/ FEUERWEHR \/ Notarzt<\/strong><strong>, etc.<\/strong> Les dimensions de l&rsquo;inscription \u00e0 l\u2019arri\u00e8re sont : 29 cm x 10 cm. \u00c0 l&rsquo;avant \u00e0 droite se trouve un emplacement avec l&rsquo;inscription r\u00e9fl\u00e9chissante<strong> SECURITY \/ POLICE \/ PARAMEDIC \/ Rettungsdienst&nbsp; \/ FEUERWEHR \/ Notarzt<\/strong>, etc. Panneau d\u2019inscription \/ velcro mesurant 12cm x 4 cm.<\/p>\n<p>La veste est \u00e9quip\u00e9e de diff\u00e9rentes poches dans la partie inf\u00e9rieure. En tout, la veste est \u00e9quip\u00e9e \u00e0 l&rsquo;avant de 5 poches multifonctionelles et d\u2019un poche radio universelle qui peut \u00eatre r\u00e9gl\u00e9e individuellement par velcro ainsi par un ruban \u00e9lastique avec votre appareil de radio. Les deux poches appos\u00e9es inf\u00e9rieures sont munies de fermetures \u00e9clair sur le pourtour. Les deux poches sont con\u00e7ues en tant que poches pour m\u00e9dicaments et comportent de nombreux supports \u00e9lastiques et compartiments. Les 3x poches ext\u00e9rieures avec fermeture velcro offrent beaucoup d&rsquo;espace de stockage pour d\u2019autres \u00e9l\u00e9ments. De plus, il y a deux poches filets \u00e0 l\u2019int\u00e9rieur pour des gants, etc.<\/p>\n<p>Deux grands compartiments \u00e0 fermeture \u00e9clair sur tout la longueur des deux c\u00f4t\u00e9s sont accessibles lat\u00e9ralement pour gauchers et droitiers. La veste peut \u00eatre ajust\u00e9e \u00e0 votre taille \u00e0 l&rsquo;\u00e9paule ainsi que sur le c\u00f4t\u00e9 de la hanche \u00e0 l&rsquo;aide d&rsquo;une fermeture Velcro. Il peut \u00eatre ouvert sur les c\u00f4t\u00e9s et en haut de l&rsquo;\u00e9paule \u00e0 l&rsquo;aide d&rsquo;une fermeture velcro et s&rsquo;adapte ainsi encore mieux \u00e0 l&rsquo;utilisateur.<\/p>\n<p>Des bandes r\u00e9fl\u00e9chissantes jaunes et argent\u00e9es conformes \u00e0 la norme EN 471 sont cousues \u00e0 l&rsquo;avant et \u00e0 l&rsquo;arri\u00e8re sur la veste. Il est ainsi possible de voir son porteur m\u00eame dans l\u2019obscurit\u00e9.<\/p>\n<p><strong>Informations du produit :<\/strong><\/p>\n<ul>\n<li>Mat\u00e9riau&nbsp;: maille polyester robuste 220 GSM, mat\u00e9riau basique comme le nylon \u00e0 600 deniers avec un rev\u00eatement en PU hydrophobe<\/li>\n<li>La veste peut \u00eatre ouverte en haut au niveau des \u00e9paules par une fermeture \u00e9clair et sur le c\u00f4t\u00e9 avec un velcro, et donc s&rsquo;adapter encore mieux au porteur.<\/li>\n<li>Avec des bandes de s\u00e9curit\u00e9 argent\u00e9es \/ jaunes r\u00e9fl\u00e9chissantes cousues<\/li>\n<li>Inscription : Velcro rempla\u00e7able<\/li>\n<li>1 poche radio universelle<\/li>\n<li>Poches avant :&nbsp; 5 poches multifonctionnelles<\/li>\n<li>2 poches \u00e0 filet int\u00e9rieures<\/li>\n<li>2 poches accessibles lat\u00e9ralement avec une fermeture \u00e9clair.<\/li>\n<li>Couleur : jaune<\/li>\n<li>Taille : S, M, L , Xl, 2XL<\/li>\n<li>Poids : 640 gDimensions 2x poches ext\u00e9rieurs avant avec fermeture velcro :&nbsp;Largeur 16 cm \/ Hauteur 13 cm \/ Profondeur 4 cm<\/li>\n<li>Dimensions 1x poche ext\u00e9rieure avant avec fermeture velcro&nbsp;:&nbsp;Largeur 14 cm \/ Hauteur 13 cm \/ Profondeur 5 cm<\/li>\n<li>Dimensions 1x poche ext\u00e9rieure avant avec fermeture \u00e9clair sur le pourtour&nbsp;:&nbsp;Largeur 21 cm \/ hauteur 15 cm \/ profondeur 4,5 cm<\/li>\n<\/ul>\n<p><strong>Pour les commandes \u00e0 partir de 20 pi\u00e8ces, inscription personnalis\u00e9e sur demande et prix r\u00e9duit garanti, contactez-nous. Si n\u00e9cessaire, la veste est aussi disponible dans d\u2019autres tailles \u00e0 partir de 10 pi\u00e8ces.<\/strong><\/p>\n","protected":false},"excerpt":{"rendered":"<p>Veste tactique jaune fluo en maille polyester robuste 220 GSM, mat\u00e9riau basique en nylon 600 deniers avec un rev\u00eatement en PU hydrophobe : la veste avec beaucoup d&rsquo;avantages. La veste est disponible en diff\u00e9rentes tailles et se ferme \u00e0 l&rsquo;avant avec une fermeture \u00e9clair YKK.<\/p>\n","protected":false},"featured_media":88565,"comment_status":"open","ping_status":"closed","template":"","meta":{"inline_featured_image":false},"product_brand":[],"product_cat":[2215,1606],"product_tag":[1765],"class_list":{"0":"post-43793","1":"product","2":"type-product","3":"status-publish","4":"has-post-thumbnail","6":"product_cat-vestes_tactiques","7":"product_cat-vetements-haute-visibilite-et-lumineux","8":"product_tag-sport-outdoor-fr","10":"first","11":"instock","12":"taxable","13":"shipping-taxable","14":"purchasable","15":"product-type-simple"},"_links":{"self":[{"href":"https:\/\/metal-badge.ch\/fr\/wp-json\/wp\/v2\/product\/43793","targetHints":{"allow":["GET"]}}],"collection":[{"href":"https:\/\/metal-badge.ch\/fr\/wp-json\/wp\/v2\/product"}],"about":[{"href":"https:\/\/metal-badge.ch\/fr\/wp-json\/wp\/v2\/types\/product"}],"replies":[{"embeddable":true,"href":"https:\/\/metal-badge.ch\/fr\/wp-json\/wp\/v2\/comments?post=43793"}],"wp:featuredmedia":[{"embeddable":true,"href":"https:\/\/metal-badge.ch\/fr\/wp-json\/wp\/v2\/media\/88565"}],"wp:attachment":[{"href":"https:\/\/metal-badge.ch\/fr\/wp-json\/wp\/v2\/media?parent=43793"}],"wp:term":[{"taxonomy":"product_brand","embeddable":true,"href":"https:\/\/metal-badge.ch\/fr\/wp-json\/wp\/v2\/product_brand?post=43793"},{"taxonomy":"product_cat","embeddable":true,"href":"https:\/\/metal-badge.ch\/fr\/wp-json\/wp\/v2\/product_cat?post=43793"},{"taxonomy":"product_tag","embeddable":true,"href":"https:\/\/metal-badge.ch\/fr\/wp-json\/wp\/v2\/product_tag?post=43793"}],"curies":[{"name":"wp","href":"https:\/\/api.w.org\/{rel}","templated":true}]}}