{"id":43761,"date":"2018-02-17T15:26:17","date_gmt":"2018-02-17T15:26:17","guid":{"rendered":"https:\/\/shop.metal-badge.ch\/?product=sac-navette-noir"},"modified":"2021-07-14T18:43:48","modified_gmt":"2021-07-14T16:43:48","slug":"sac-navette-noir","status":"publish","type":"product","link":"https:\/\/metal-badge.ch\/fr\/product\/43761\/sac-navette-noir\/","title":{"rendered":"Sac navette noir"},"content":{"rendered":"<p>En plus de cette <span style=\"color: #ff6600;\"><strong><a style=\"color: #ff6600;\" href=\"https:\/\/metal-badge.ch\/fr\/product\/38998\/gilet-pour-chien-tactique-systeme-molle-2\/\">veste pour chien<\/a><\/strong><\/span>, nous r\u00e9alisons 3 sacs Molle diff\u00e9rents qui peuvent \u00eatre fix\u00e9s \u00e0 la veste individuellement en quelques gestes. Nous r\u00e9alisons ces sacs en noir et en couleur camouflage, comme les vestes.<\/p>\n<ul>\n<li>Mati\u00e8re : nylon et polyester<\/li>\n<li>Poids : 90 g.<\/li>\n<li>Dimensions : Largeur 12 cm \/ Hauteur 17 cm \/ Profondeur 6 cm<\/li>\n<li>Avec double fermeture \u00e9clair sur le pourtour<\/li>\n<li>Velcro pour marquage \u00e0 l&rsquo;avant et supports Molle<\/li>\n<\/ul>\n<p><strong><span style=\"color: #ff6600;\"><a style=\"color: #ff6600;\" href=\"https:\/\/metal-badge.ch\/fr\/product\/43752\/sac-boite-a-outils-noir\/\">Sac bo\u00eete \u00e0 outils noir<\/a><\/span><br \/>\n<span style=\"color: #ff6600;\"><a style=\"color: #ff6600;\" href=\"https:\/\/metal-badge.ch\/fr\/product\/43761\/sac-navette-noir\/\">Sac navette noir<\/a><\/span><br \/>\n<span style=\"color: #ff6600;\"><a style=\"color: #ff6600;\" href=\"https:\/\/metal-badge.ch\/fr\/product\/43772\/sac-medical-noir\/\">Sac m\u00e9dical noir<\/a><\/span><\/strong><\/p>\n","protected":false},"excerpt":{"rendered":"<p>En plus de cette <span style=\"color: #ff6600;\"><strong><a style=\"color: #ff6600;\" href=\"https:\/\/metal-badge.ch\/fr\/product\/38998\/gilet-pour-chien-tactique-systeme-molle-2\/\">veste pour chien<\/a><\/strong><\/span>, nous r\u00e9alisons 3 sacs Molle diff\u00e9rents qui peuvent \u00eatre fix\u00e9s \u00e0 la veste individuellement en quelques gestes. Nous r\u00e9alisons ces sacs en noir et en couleur camouflage, comme les vestes.<\/p>\n","protected":false},"featured_media":84854,"comment_status":"open","ping_status":"closed","template":"","meta":{"inline_featured_image":false},"product_brand":[],"product_cat":[1371],"product_tag":[1773,1781,1765],"class_list":{"0":"post-43761","1":"product","2":"type-product","3":"status-publish","4":"has-post-thumbnail","6":"product_cat-accessoires-pour-chien","7":"product_tag-chasse-peche","8":"product_tag-police-securite","9":"product_tag-sport-outdoor-fr","11":"first","12":"instock","13":"taxable","14":"shipping-taxable","15":"purchasable","16":"product-type-simple"},"_links":{"self":[{"href":"https:\/\/metal-badge.ch\/fr\/wp-json\/wp\/v2\/product\/43761","targetHints":{"allow":["GET"]}}],"collection":[{"href":"https:\/\/metal-badge.ch\/fr\/wp-json\/wp\/v2\/product"}],"about":[{"href":"https:\/\/metal-badge.ch\/fr\/wp-json\/wp\/v2\/types\/product"}],"replies":[{"embeddable":true,"href":"https:\/\/metal-badge.ch\/fr\/wp-json\/wp\/v2\/comments?post=43761"}],"wp:featuredmedia":[{"embeddable":true,"href":"https:\/\/metal-badge.ch\/fr\/wp-json\/wp\/v2\/media\/84854"}],"wp:attachment":[{"href":"https:\/\/metal-badge.ch\/fr\/wp-json\/wp\/v2\/media?parent=43761"}],"wp:term":[{"taxonomy":"product_brand","embeddable":true,"href":"https:\/\/metal-badge.ch\/fr\/wp-json\/wp\/v2\/product_brand?post=43761"},{"taxonomy":"product_cat","embeddable":true,"href":"https:\/\/metal-badge.ch\/fr\/wp-json\/wp\/v2\/product_cat?post=43761"},{"taxonomy":"product_tag","embeddable":true,"href":"https:\/\/metal-badge.ch\/fr\/wp-json\/wp\/v2\/product_tag?post=43761"}],"curies":[{"name":"wp","href":"https:\/\/api.w.org\/{rel}","templated":true}]}}