{"id":43752,"date":"2018-02-17T14:58:16","date_gmt":"2018-02-17T14:58:16","guid":{"rendered":"https:\/\/shop.metal-badge.ch\/?product=sac-boite-a-outils-noir"},"modified":"2021-07-14T18:17:07","modified_gmt":"2021-07-14T16:17:07","slug":"sac-boite-a-outils-noir","status":"publish","type":"product","link":"https:\/\/metal-badge.ch\/fr\/product\/43752\/sac-boite-a-outils-noir\/","title":{"rendered":"Sac bo\u00eete \u00e0 outils noir"},"content":{"rendered":"<p>En plus de cette <span style=\"color: #ff6600;\"><strong><a style=\"color: #ff6600;\" href=\"https:\/\/metal-badge.ch\/fr\/product\/38998\/gilet-pour-chien-tactique-systeme-molle-2\/\">veste pour chien<\/a><\/strong><\/span>, nous r\u00e9alisons 3 sacs Molle diff\u00e9rents qui peuvent \u00eatre fix\u00e9s \u00e0 la veste individuellement en quelques gestes. Nous r\u00e9alisons ces sacs en noir et en couleur camouflage, comme les vestes.&nbsp;<\/p>\n<ul>\n<li>Mati\u00e8re : nylon et polyester<\/li>\n<li>Poids : 100 g.<\/li>\n<li>Dimensions : largeur 16 cm \/ hauteur 17 cm \/ profondeur 6 cm<\/li>\n<li>grand velcro \u00e0 l&rsquo;avant pour marquage 5 x 16 cm&nbsp;<\/li>\n<\/ul>\n<p><strong><span style=\"color: #ff6600;\"><a style=\"color: #ff6600;\" href=\"https:\/\/metal-badge.ch\/fr\/product\/43752\/sac-boite-a-outils-noir\/\">Sac bo\u00eete \u00e0 outils noir<\/a><\/span><br \/>\n<span style=\"color: #ff6600;\">Sac navette noir<\/span><br \/>\n<span style=\"color: #ff6600;\">Sac m\u00e9dical noir<\/span><\/strong><\/p>\n","protected":false},"excerpt":{"rendered":"<p>En plus de cette <span style=\"color: #ff6600;\"><strong><a style=\"color: #ff6600;\" href=\"https:\/\/metal-badge.ch\/fr\/product\/38998\/gilet-pour-chien-tactique-systeme-molle-2\/\">veste pour chien<\/a><\/strong><\/span>, nous r\u00e9alisons 3 sacs Molle diff\u00e9rents qui peuvent \u00eatre fix\u00e9s \u00e0 la veste individuellement en quelques gestes. Nous r\u00e9alisons ces sacs en noir et en couleur camouflage, comme les vestes.&nbsp;<\/p>\n","protected":false},"featured_media":88569,"comment_status":"open","ping_status":"closed","template":"","meta":{"inline_featured_image":false},"product_brand":[],"product_cat":[1371],"product_tag":[1773,1781,1765],"class_list":{"0":"post-43752","1":"product","2":"type-product","3":"status-publish","4":"has-post-thumbnail","6":"product_cat-accessoires-pour-chien","7":"product_tag-chasse-peche","8":"product_tag-police-securite","9":"product_tag-sport-outdoor-fr","11":"first","12":"instock","13":"taxable","14":"shipping-taxable","15":"purchasable","16":"product-type-simple"},"_links":{"self":[{"href":"https:\/\/metal-badge.ch\/fr\/wp-json\/wp\/v2\/product\/43752","targetHints":{"allow":["GET"]}}],"collection":[{"href":"https:\/\/metal-badge.ch\/fr\/wp-json\/wp\/v2\/product"}],"about":[{"href":"https:\/\/metal-badge.ch\/fr\/wp-json\/wp\/v2\/types\/product"}],"replies":[{"embeddable":true,"href":"https:\/\/metal-badge.ch\/fr\/wp-json\/wp\/v2\/comments?post=43752"}],"wp:featuredmedia":[{"embeddable":true,"href":"https:\/\/metal-badge.ch\/fr\/wp-json\/wp\/v2\/media\/88569"}],"wp:attachment":[{"href":"https:\/\/metal-badge.ch\/fr\/wp-json\/wp\/v2\/media?parent=43752"}],"wp:term":[{"taxonomy":"product_brand","embeddable":true,"href":"https:\/\/metal-badge.ch\/fr\/wp-json\/wp\/v2\/product_brand?post=43752"},{"taxonomy":"product_cat","embeddable":true,"href":"https:\/\/metal-badge.ch\/fr\/wp-json\/wp\/v2\/product_cat?post=43752"},{"taxonomy":"product_tag","embeddable":true,"href":"https:\/\/metal-badge.ch\/fr\/wp-json\/wp\/v2\/product_tag?post=43752"}],"curies":[{"name":"wp","href":"https:\/\/api.w.org\/{rel}","templated":true}]}}