{"id":43722,"date":"2018-02-17T11:10:57","date_gmt":"2018-02-17T11:10:57","guid":{"rendered":"https:\/\/shop.metal-badge.ch\/?product=sac-boite-a-outils-camouflage"},"modified":"2021-07-14T07:40:05","modified_gmt":"2021-07-14T05:40:05","slug":"sac-boite-a-outils-camouflage","status":"publish","type":"product","link":"https:\/\/metal-badge.ch\/fr\/product\/43722\/sac-boite-a-outils-camouflage\/","title":{"rendered":"Sac bo\u00eete \u00e0 outils camouflage \u00a0\u00a0\u00a0\u00a0\u00a0\u00a0\u00a0\u00a0\u00a0\u00a0\u00a0\u00a0\u00a0\u00a0\u00a0\u00a0\u00a0\u00a0"},"content":{"rendered":"<p>En plus de cette <a href=\"https:\/\/metal-badge.ch\/fr\/product\/39009\/gilet-pour-chien-tactique-systeme-molle\/\"><span style=\"color: #ff6600;\"><strong>veste pour chien<\/strong><\/span><\/a>, nous r\u00e9alisons 3 sacs Molle diff\u00e9rents qui peuvent \u00eatre fix\u00e9s \u00e0 la veste individuellement en quelques gestes. Nous r\u00e9alisons ces sacs en noir et en couleur camouflage, comme les vestes.<\/p>\n<ul>\n<li>Mati\u00e8re : nylon et polyester<\/li>\n<li>Poids : 100 g.<\/li>\n<li>Dimensions : largeur 16 cm \/ hauteur 17 cm \/ profondeur 6 cm&nbsp;grand velcro \u00e0 l&rsquo;avant pour marquage 5 x 16 cm&nbsp;<\/li>\n<\/ul>\n<p><strong><span style=\"color: #ff6600;\"><a style=\"color: #ff6600;\" href=\"https:\/\/metal-badge.ch\/fr\/product\/43722\/sac-boite-a-outils-camouflage\/\">Sac bo\u00eete \u00e0 outils camouflage<\/a><\/span><br \/>\n<span style=\"color: #ff6600;\"><a style=\"color: #ff6600;\" href=\"https:\/\/metal-badge.ch\/fr\/product\/43732\/sac-navette-camouflage\/\">Sac navette camouflag<\/a><\/span><br \/>\n<span style=\"color: #ff6600;\"><a style=\"color: #ff6600;\" href=\"https:\/\/metal-badge.ch\/fr\/product\/43743\/sac-medical-camouflage\/\">Sac m\u00e9dical camouflage<\/a><\/span><\/strong><\/p>\n","protected":false},"excerpt":{"rendered":"<p>En plus de cette <a href=\"https:\/\/metal-badge.ch\/fr\/product\/39009\/gilet-pour-chien-tactique-systeme-molle\/\"><span style=\"color: #ff6600;\"><strong>veste pour chien<\/strong><\/span><\/a>, nous r\u00e9alisons 3 sacs Molle diff\u00e9rents qui peuvent \u00eatre fix\u00e9s \u00e0 la veste individuellement en quelques gestes. Nous r\u00e9alisons ces sacs en noir et en couleur camouflage, comme les vestes.<\/p>\n","protected":false},"featured_media":88575,"comment_status":"open","ping_status":"closed","template":"","meta":{"inline_featured_image":false},"product_brand":[],"product_cat":[1371],"product_tag":[1773,1781,1765],"class_list":{"0":"post-43722","1":"product","2":"type-product","3":"status-publish","4":"has-post-thumbnail","6":"product_cat-accessoires-pour-chien","7":"product_tag-chasse-peche","8":"product_tag-police-securite","9":"product_tag-sport-outdoor-fr","11":"first","12":"instock","13":"taxable","14":"shipping-taxable","15":"purchasable","16":"product-type-simple"},"_links":{"self":[{"href":"https:\/\/metal-badge.ch\/fr\/wp-json\/wp\/v2\/product\/43722","targetHints":{"allow":["GET"]}}],"collection":[{"href":"https:\/\/metal-badge.ch\/fr\/wp-json\/wp\/v2\/product"}],"about":[{"href":"https:\/\/metal-badge.ch\/fr\/wp-json\/wp\/v2\/types\/product"}],"replies":[{"embeddable":true,"href":"https:\/\/metal-badge.ch\/fr\/wp-json\/wp\/v2\/comments?post=43722"}],"wp:featuredmedia":[{"embeddable":true,"href":"https:\/\/metal-badge.ch\/fr\/wp-json\/wp\/v2\/media\/88575"}],"wp:attachment":[{"href":"https:\/\/metal-badge.ch\/fr\/wp-json\/wp\/v2\/media?parent=43722"}],"wp:term":[{"taxonomy":"product_brand","embeddable":true,"href":"https:\/\/metal-badge.ch\/fr\/wp-json\/wp\/v2\/product_brand?post=43722"},{"taxonomy":"product_cat","embeddable":true,"href":"https:\/\/metal-badge.ch\/fr\/wp-json\/wp\/v2\/product_cat?post=43722"},{"taxonomy":"product_tag","embeddable":true,"href":"https:\/\/metal-badge.ch\/fr\/wp-json\/wp\/v2\/product_tag?post=43722"}],"curies":[{"name":"wp","href":"https:\/\/api.w.org\/{rel}","templated":true}]}}