{"id":43711,"date":"2018-02-17T09:56:36","date_gmt":"2018-02-17T09:56:36","guid":{"rendered":"https:\/\/shop.metal-badge.ch\/?product=veste-davertissement-pour-chien-police-avec-bandes-de-securite-reflechissantes-lvh-15002"},"modified":"2020-08-02T03:28:31","modified_gmt":"2020-08-02T03:28:31","slug":"veste-davertissement-pour-chien-police-avec-bandes-de-securite-reflechissantes-lvh-15002","status":"publish","type":"product","link":"https:\/\/metal-badge.ch\/fr\/product\/43711\/veste-davertissement-pour-chien-police-avec-bandes-de-securite-reflechissantes-lvh-15002\/","title":{"rendered":"Veste d&rsquo;avertissement pour chien \u00ab POLICE \u00bb avec bandes de s\u00e9curit\u00e9 r\u00e9fl\u00e9chissantes LVH 15002"},"content":{"rendered":"<p>Cette veste d&rsquo;avertissement pour chien offre plus de s\u00e9curit\u00e9 pour votre chien avec bandes r\u00e9fl\u00e9chissantes appos\u00e9es. Cette veste noire en tissu polyester maill\u00e9 facile d&rsquo;entretien peut \u00eatre lav\u00e9e \u00e0 40 degr\u00e9s. La veste avec l\u2019inscription POLICE est disponible dans les tailles S-XL.\u00a0<\/p>\n<p>La veste peut \u00eatre ajust\u00e9e et r\u00e9gl\u00e9e au ventre et \u00e0 la t\u00eate avec une fermeture velcro pratique et r\u00e9sistante, de mani\u00e8re \u00e9lastique.\u00a0<\/p>\n<p>\u00a0<\/p>\n<p><strong>Description du produit\u00a0:<\/strong><br \/>\nCouleur : noir avec bandes r\u00e9fl\u00e9chissantes haute visibilit\u00e9<br \/>\nInscription : POLICE<br \/>\nLavable : 40 degr\u00e9s<br \/>\nMati\u00e8re : Tissu maille-polyester<br \/>\nBandeau \u00e9lastique r\u00e9glable sur la t\u00eate et le ventre<br \/>\nPoids : 140 g<br \/>\nVelcros larges et pratiques<br \/>\nSyst\u00e8me de velcro solide<br \/>\nTailles : S, M, L, XL<\/p>\n<p>\u00a0<\/p>\n<p><strong>Tableau des tailles de la veste :<\/strong><br \/>\nS\u00a0 =\u00a0\u00a0 Tronc\/dos 38 cm<br \/>\nM\u00a0 =\u00a0\u00a0 Tronc\/dos 47 cm<br \/>\nL\u00a0 =\u00a0\u00a0 Tronc\/dos 52 cm<br \/>\nXL\u00a0 =\u00a0\u00a0 Tronc\/dos 60 cm<\/p>\n","protected":false},"excerpt":{"rendered":"<p>Cette veste d&rsquo;avertissement pour chien offre plus de s\u00e9curit\u00e9 pour votre chien avec bandes r\u00e9fl\u00e9chissantes appos\u00e9es. Cette veste noire en tissu polyester maill\u00e9 facile d&rsquo;entretien peut \u00eatre lav\u00e9e \u00e0 40 degr\u00e9s. La veste avec l\u2019inscription POLICE est disponible dans les tailles S-XL.\u00a0 La veste peut \u00eatre ajust\u00e9e et r\u00e9gl\u00e9e au ventre et \u00e0 la t\u00eate [&hellip;]<\/p>\n","protected":false},"featured_media":88577,"comment_status":"open","ping_status":"closed","template":"","meta":{"inline_featured_image":false},"product_brand":[],"product_cat":[1371],"product_tag":[1773,1781,1765],"class_list":{"0":"post-43711","1":"product","2":"type-product","3":"status-publish","4":"has-post-thumbnail","6":"product_cat-accessoires-pour-chien","7":"product_tag-chasse-peche","8":"product_tag-police-securite","9":"product_tag-sport-outdoor-fr","11":"first","12":"instock","13":"taxable","14":"shipping-taxable","15":"purchasable","16":"product-type-simple"},"_links":{"self":[{"href":"https:\/\/metal-badge.ch\/fr\/wp-json\/wp\/v2\/product\/43711","targetHints":{"allow":["GET"]}}],"collection":[{"href":"https:\/\/metal-badge.ch\/fr\/wp-json\/wp\/v2\/product"}],"about":[{"href":"https:\/\/metal-badge.ch\/fr\/wp-json\/wp\/v2\/types\/product"}],"replies":[{"embeddable":true,"href":"https:\/\/metal-badge.ch\/fr\/wp-json\/wp\/v2\/comments?post=43711"}],"wp:featuredmedia":[{"embeddable":true,"href":"https:\/\/metal-badge.ch\/fr\/wp-json\/wp\/v2\/media\/88577"}],"wp:attachment":[{"href":"https:\/\/metal-badge.ch\/fr\/wp-json\/wp\/v2\/media?parent=43711"}],"wp:term":[{"taxonomy":"product_brand","embeddable":true,"href":"https:\/\/metal-badge.ch\/fr\/wp-json\/wp\/v2\/product_brand?post=43711"},{"taxonomy":"product_cat","embeddable":true,"href":"https:\/\/metal-badge.ch\/fr\/wp-json\/wp\/v2\/product_cat?post=43711"},{"taxonomy":"product_tag","embeddable":true,"href":"https:\/\/metal-badge.ch\/fr\/wp-json\/wp\/v2\/product_tag?post=43711"}],"curies":[{"name":"wp","href":"https:\/\/api.w.org\/{rel}","templated":true}]}}