{"id":43704,"date":"2018-02-17T09:44:23","date_gmt":"2018-02-17T09:44:23","guid":{"rendered":"https:\/\/shop.metal-badge.ch\/?product=veste-davertissement-pour-chien-avec-bandes-de-securite-reflechissantes-lvfc-16001"},"modified":"2020-08-02T03:28:26","modified_gmt":"2020-08-02T03:28:26","slug":"veste-davertissement-pour-chien-avec-bandes-de-securite-reflechissantes-lvfc-16001","status":"publish","type":"product","link":"https:\/\/metal-badge.ch\/fr\/product\/43704\/veste-davertissement-pour-chien-avec-bandes-de-securite-reflechissantes-lvfc-16001\/","title":{"rendered":"Veste d&rsquo;avertissement pour chien avec bandes de s\u00e9curit\u00e9 r\u00e9fl\u00e9chissantes LVFC 16001"},"content":{"rendered":"<p>Cette veste d&rsquo;avertissement pour chien offre plus de s\u00e9curit\u00e9 pour votre chien avec 2 bandes r\u00e9fl\u00e9chissantes appos\u00e9es des deux c\u00f4t\u00e9s. Cette veste lumineuse jaune n\u00e9on fabriqu\u00e9e en tissu polyester facile d&rsquo;entretien peut \u00eatre lav\u00e9e \u00e0 40 degr\u00e9s. La veste est absolument hydrofuge. Nous r\u00e9alisons toutes les tailles de S \u00e0 XL.<\/p>\n<p>Cette veste pour \u00eatre ajust\u00e9e au ventre avec une fermeture rapide et un \u00e9lastique. La bande \u00e9lastique \u00e0 la gorge peut \u00eatre facilement recouverte.<\/p>\n<p>\u00a0<\/p>\n<p><strong>Description du produit\u00a0:<\/strong><br \/>\nCouleur\u00a0: Jaune n\u00e9on avec deux bandes r\u00e9fl\u00e9chissantes lat\u00e9rales<br \/>\nLavable : 40 degr\u00e9s<br \/>\nMati\u00e8re : Tissu polyester<br \/>\nCeinture \u00e9lastique et r\u00e9glable avec fermeture rapide<br \/>\nPoids : 140 g<br \/>\nTailles : S, M, L, XL<\/p>\n<p>\n<strong>Tableau des tailles de la veste :<\/strong><br \/>\nS\u00a0 =\u00a0\u00a0 Tronc\/dos 35 cm<br \/>\nM\u00a0 =\u00a0 \u00a0Tronc\/dos 43 cm<br \/>\nL\u00a0 =\u00a0\u00a0 Tronc\/dos 52 cm\u00a0<br \/>\nXL\u00a0 =\u00a0\u00a0 Tronc\/dos 58 cm<\/p>\n","protected":false},"excerpt":{"rendered":"<p>Cette veste d&rsquo;avertissement pour chien offre plus de s\u00e9curit\u00e9 pour votre chien avec 2 bandes r\u00e9fl\u00e9chissantes appos\u00e9es des deux c\u00f4t\u00e9s. Cette veste lumineuse jaune n\u00e9on fabriqu\u00e9e en tissu polyester facile d&rsquo;entretien peut \u00eatre lav\u00e9e \u00e0 40 degr\u00e9s. La veste est absolument hydrofuge. Nous r\u00e9alisons toutes les tailles de S \u00e0 XL. Cette veste pour \u00eatre [&hellip;]<\/p>\n","protected":false},"featured_media":88579,"comment_status":"open","ping_status":"closed","template":"","meta":{"inline_featured_image":false},"product_brand":[],"product_cat":[1371],"product_tag":[1773,1781,1765],"class_list":{"0":"post-43704","1":"product","2":"type-product","3":"status-publish","4":"has-post-thumbnail","6":"product_cat-accessoires-pour-chien","7":"product_tag-chasse-peche","8":"product_tag-police-securite","9":"product_tag-sport-outdoor-fr","11":"first","12":"instock","13":"taxable","14":"shipping-taxable","15":"purchasable","16":"product-type-simple"},"_links":{"self":[{"href":"https:\/\/metal-badge.ch\/fr\/wp-json\/wp\/v2\/product\/43704","targetHints":{"allow":["GET"]}}],"collection":[{"href":"https:\/\/metal-badge.ch\/fr\/wp-json\/wp\/v2\/product"}],"about":[{"href":"https:\/\/metal-badge.ch\/fr\/wp-json\/wp\/v2\/types\/product"}],"replies":[{"embeddable":true,"href":"https:\/\/metal-badge.ch\/fr\/wp-json\/wp\/v2\/comments?post=43704"}],"wp:featuredmedia":[{"embeddable":true,"href":"https:\/\/metal-badge.ch\/fr\/wp-json\/wp\/v2\/media\/88579"}],"wp:attachment":[{"href":"https:\/\/metal-badge.ch\/fr\/wp-json\/wp\/v2\/media?parent=43704"}],"wp:term":[{"taxonomy":"product_brand","embeddable":true,"href":"https:\/\/metal-badge.ch\/fr\/wp-json\/wp\/v2\/product_brand?post=43704"},{"taxonomy":"product_cat","embeddable":true,"href":"https:\/\/metal-badge.ch\/fr\/wp-json\/wp\/v2\/product_cat?post=43704"},{"taxonomy":"product_tag","embeddable":true,"href":"https:\/\/metal-badge.ch\/fr\/wp-json\/wp\/v2\/product_tag?post=43704"}],"curies":[{"name":"wp","href":"https:\/\/api.w.org\/{rel}","templated":true}]}}