{"id":43696,"date":"2018-02-17T09:25:38","date_gmt":"2018-02-17T09:25:38","guid":{"rendered":"https:\/\/shop.metal-badge.ch\/?product=laisse-en-nylon-avec-collier-pour-chien-l-01"},"modified":"2020-08-02T03:28:21","modified_gmt":"2020-08-02T03:28:21","slug":"laisse-en-nylon-avec-collier-pour-chien-l-01","status":"publish","type":"product","link":"https:\/\/metal-badge.ch\/fr\/product\/43696\/laisse-en-nylon-avec-collier-pour-chien-l-01\/","title":{"rendered":"Laisse en nylon avec collier pour chien L-01"},"content":{"rendered":"<p style=\"margin-left:1.2pt\">Laisse en nylon r\u00e9sistant \u00e0 l\u2019abrasion et tr\u00e8s solide. Cette laisse avec collier pour chien et cha\u00eene \u00e0 tirer est adapt\u00e9e pour le contr\u00f4le, la promenade et le dressage de chien de moyenne \u00e0 grande taille. La circonf\u00e9rence du collier peut \u00eatre r\u00e9gl\u00e9 en continu, par exemple : de 46 \u00e0 58 cm, la largeur du collier est de 26 mm. Nous r\u00e9alisons diff\u00e9rentes tailles dans notre s\u00e9lection. Le collier et la laisse comportent des \u00e9cussons jaunes r\u00e9fl\u00e9chissants avec l\u2019inscription \u00ab<strong>\u00a0DOG SQUAD K-9 Unit<\/strong>\u00a0\u00bb Un \u00e9l\u00e9ment indispensable pour l\u2019\u00e9quipement de la police, de l\u2019arm\u00e9e, de la s\u00e9curit\u00e9 ou des chiens de chasse. La laisse mesure 120 cm de long et comporte un mousqueton massif argent\u00e9 en laiton. La boucle pour la main et la partie inf\u00e9rieure de la laisse comportent deux anneaux suppl\u00e9mentaires.<br \/>\n\u00a0\u00a0<\/p>\n<p style=\"margin-left:1.2pt\"><strong>Informations du produit :<\/strong><br \/>\nCoutures de s\u00e9curit\u00e9 soud\u00e9es<br \/>\nTaille du collier : 46 &#8211; 58 cm r\u00e9glables en continu, et autres, voir tableau<br \/>\nR\u00e9sistance extr\u00eame \u00e0 la d\u00e9chirure et longue durabilit\u00e9<br \/>\nLa laisse est lavable<br \/>\nUtilisation simple et pratique<br \/>\n\u00c9cusson jaune r\u00e9fl\u00e9chissant avec inscription : <strong>DOG SQUAD K-9 UNIT<\/strong><br \/>\nPoids:\u00a0190 g<br \/>\nLargeur: 26 mm<br \/>\nLongueur de la laisse: 120 cm<br \/>\nCouleur:\u00a0 noir<br \/>\nTailles: Collier en nylon, voir tableau :<br \/>\nGrande circonf\u00e9rence : 46 \u2013 58 cm r\u00e9glable en continu<br \/>\nGrande circonf\u00e9rence : 59 \u2013 70 cm r\u00e9glable en continu<br \/>\nAutres tailles sur demande<\/p>\n<p>La laisse pour chien et le collier en nylon sont compris dans la livraison.<\/p>\n","protected":false},"excerpt":{"rendered":"<p>Laisse en nylon r\u00e9sistant \u00e0 l\u2019abrasion et tr\u00e8s solide. Cette laisse avec collier pour chien et cha\u00eene \u00e0 tirer est adapt\u00e9e pour le contr\u00f4le, la promenade et le dressage de chien de moyenne \u00e0 grande taille. La circonf\u00e9rence du collier peut \u00eatre r\u00e9gl\u00e9 en continu, par exemple : de 46 \u00e0 58 cm, la largeur [&hellip;]<\/p>\n","protected":false},"featured_media":88581,"comment_status":"open","ping_status":"closed","template":"","meta":{"inline_featured_image":false},"product_brand":[],"product_cat":[1371],"product_tag":[1773,1781,1765],"class_list":{"0":"post-43696","1":"product","2":"type-product","3":"status-publish","4":"has-post-thumbnail","6":"product_cat-accessoires-pour-chien","7":"product_tag-chasse-peche","8":"product_tag-police-securite","9":"product_tag-sport-outdoor-fr","11":"first","12":"instock","13":"taxable","14":"shipping-taxable","15":"purchasable","16":"product-type-simple"},"_links":{"self":[{"href":"https:\/\/metal-badge.ch\/fr\/wp-json\/wp\/v2\/product\/43696","targetHints":{"allow":["GET"]}}],"collection":[{"href":"https:\/\/metal-badge.ch\/fr\/wp-json\/wp\/v2\/product"}],"about":[{"href":"https:\/\/metal-badge.ch\/fr\/wp-json\/wp\/v2\/types\/product"}],"replies":[{"embeddable":true,"href":"https:\/\/metal-badge.ch\/fr\/wp-json\/wp\/v2\/comments?post=43696"}],"wp:featuredmedia":[{"embeddable":true,"href":"https:\/\/metal-badge.ch\/fr\/wp-json\/wp\/v2\/media\/88581"}],"wp:attachment":[{"href":"https:\/\/metal-badge.ch\/fr\/wp-json\/wp\/v2\/media?parent=43696"}],"wp:term":[{"taxonomy":"product_brand","embeddable":true,"href":"https:\/\/metal-badge.ch\/fr\/wp-json\/wp\/v2\/product_brand?post=43696"},{"taxonomy":"product_cat","embeddable":true,"href":"https:\/\/metal-badge.ch\/fr\/wp-json\/wp\/v2\/product_cat?post=43696"},{"taxonomy":"product_tag","embeddable":true,"href":"https:\/\/metal-badge.ch\/fr\/wp-json\/wp\/v2\/product_tag?post=43696"}],"curies":[{"name":"wp","href":"https:\/\/api.w.org\/{rel}","templated":true}]}}