{"id":43681,"date":"2018-02-16T15:28:51","date_gmt":"2018-02-16T15:28:51","guid":{"rendered":"https:\/\/shop.metal-badge.ch\/?product=tiges-de-tente-en-aluminium-eloxe"},"modified":"2023-09-20T01:35:17","modified_gmt":"2023-09-19T23:35:17","slug":"tiges-de-tente-en-aluminium-eloxe-2","status":"publish","type":"product","link":"https:\/\/metal-badge.ch\/fr\/product\/43681\/tiges-de-tente-en-aluminium-eloxe-2\/","title":{"rendered":"Tiges de tente en aluminium \u00e9lox\u00e9"},"content":{"rendered":"<p>Tiges de tente solides et r\u00e9sistants pour auvents, toits de protection, tente de cuisine, etc.<\/p>\n<p>Tiges de tente de grande qualit\u00e9 en aluminium \u00e9lox\u00e9. Disponibles avec diff\u00e9rents diam\u00e8tres et longueurs. Les \u00e9l\u00e9ments de tiges de tente sont jointes avec un ruban en caoutchouc interne et sont simplement raccord\u00e9s. Les tiges peuvent \u00eatre raccourcies de 38 cm par un arr\u00eat dans la hauteur, \u00e0 distance d\u2019env. 7 cm. La longueur totale des tiges jointes est de 2,60 m et de 2,22 m raccourcie. Une pointe en acier est viss\u00e9e en bas de la tige et tient m\u00eame sur un sol dur. Une pointe de 5 cm de longue est appos\u00e9e en haut. La pointe peut donc \u00eatre introduite facilement dans une b\u00e2che de tente. Nous r\u00e9alisons deux dimensions diff\u00e9rentes.<\/p>\n<p><strong>Informations du produit : <\/strong><\/p>\n<ul>\n<li>Tiges de tente en aluminium \u00e9lox\u00e9<\/li>\n<li>Sac de transport de 77 cm avec bandouli\u00e8re r\u00e9glable compris dans la livraison<\/li>\n<li>2 ensemble de tiges de tente en aluminium de 260 cm par sac de transport<\/li>\n<li>Longueur des tiges : 260 cm r\u00e9glables, 4 tiges de 66 cm li\u00e9es par un ruban \u00e9lastique \u00e0 l\u2019int\u00e9rieur<\/li>\n<li>Diam\u00e8tre de la tige : 22 mm<\/li>\n<li>Poids : <strong>580 g<\/strong> par lot de 260 cm<\/li>\n<\/ul>\n<p><strong>Nous r\u00e9alisons d\u2019autres dimensions sur demande. <\/strong><\/p>\n<p>Nous r\u00e9alisons \u00e9galement des sardines, des cordes paracordes et des b\u00e2ches en plus des tiges. Consultez le lien suivant :<br \/>\n<span style=\"color: #ff6600;\"><strong><a style=\"color: #ff6600;\" href=\"https:\/\/metal-badge.ch\/fr\/product\/43673\/sardine-en-titane-6-pieces\/\">\u00e9galement des sardines<\/a><\/strong><\/span><br \/>\n<span style=\"color: #ff6600;\"><a style=\"color: #ff6600;\" href=\"https:\/\/metal-badge.ch\/fr\/product\/43654\/corde-paracord-olive\/\"><strong>cordes paracordes<\/strong><\/a><\/span><br \/>\n<span style=\"color: #ff6600;\"><strong><a style=\"color: #ff6600;\" href=\"https:\/\/metal-badge.ch\/fr\/product\/43664\/bache-en-pu-couleur-camouflage-bache-camouflage-3-x-260-m\/\">b\u00e2ches<\/a><\/strong><\/span><\/p>\n","protected":false},"excerpt":{"rendered":"<p>Tiges de tente solides et r\u00e9sistants pour auvents, toits de protection, tente de cuisine, etc.<\/p>\n<p>Tiges de tente de grande qualit\u00e9 en aluminium \u00e9lox\u00e9. Disponibles avec diff\u00e9rents diam\u00e8tres et longueurs. Les \u00e9l\u00e9ments de tiges de tente sont jointes avec un ruban en caoutchouc interne et sont simplement raccord\u00e9s. Les tiges peuvent \u00eatre raccourcies de 38 cm par un arr\u00eat dans la hauteur, \u00e0 distance d\u2019env. 7 cm. La longueur totale des tiges jointes est de 2,60 m et de 2,22 m raccourcie. Une pointe en acier est viss\u00e9e en bas de la tige et tient m\u00eame sur un sol dur. Une pointe de 5 cm de longue est appos\u00e9e en haut. La pointe peut donc \u00eatre introduite facilement dans une b\u00e2che de tente. Nous r\u00e9alisons deux dimensions diff\u00e9rentes.<\/p>\n","protected":false},"featured_media":43676,"comment_status":"open","ping_status":"closed","template":"","meta":{"inline_featured_image":false},"product_brand":[],"product_cat":[1347,1435,2457],"product_tag":[1769,1777,1773],"class_list":{"0":"post-43681","1":"product","2":"type-product","3":"status-publish","4":"has-post-thumbnail","6":"product_cat-accessoires-militaires-de-chasse","7":"product_cat-camping-voyage","8":"product_cat-mat-de-tente-et-piquets-de-tente","9":"product_tag-army-survival-fr","10":"product_tag-camping-voyage","11":"product_tag-chasse-peche","13":"first","14":"instock","15":"taxable","16":"shipping-taxable","17":"purchasable","18":"product-type-simple"},"_links":{"self":[{"href":"https:\/\/metal-badge.ch\/fr\/wp-json\/wp\/v2\/product\/43681","targetHints":{"allow":["GET"]}}],"collection":[{"href":"https:\/\/metal-badge.ch\/fr\/wp-json\/wp\/v2\/product"}],"about":[{"href":"https:\/\/metal-badge.ch\/fr\/wp-json\/wp\/v2\/types\/product"}],"replies":[{"embeddable":true,"href":"https:\/\/metal-badge.ch\/fr\/wp-json\/wp\/v2\/comments?post=43681"}],"wp:featuredmedia":[{"embeddable":true,"href":"https:\/\/metal-badge.ch\/fr\/wp-json\/wp\/v2\/media\/43676"}],"wp:attachment":[{"href":"https:\/\/metal-badge.ch\/fr\/wp-json\/wp\/v2\/media?parent=43681"}],"wp:term":[{"taxonomy":"product_brand","embeddable":true,"href":"https:\/\/metal-badge.ch\/fr\/wp-json\/wp\/v2\/product_brand?post=43681"},{"taxonomy":"product_cat","embeddable":true,"href":"https:\/\/metal-badge.ch\/fr\/wp-json\/wp\/v2\/product_cat?post=43681"},{"taxonomy":"product_tag","embeddable":true,"href":"https:\/\/metal-badge.ch\/fr\/wp-json\/wp\/v2\/product_tag?post=43681"}],"curies":[{"name":"wp","href":"https:\/\/api.w.org\/{rel}","templated":true}]}}