{"id":43673,"date":"2018-02-16T15:15:29","date_gmt":"2018-02-16T15:15:29","guid":{"rendered":"https:\/\/shop.metal-badge.ch\/?product=sardine-en-titane-6-pieces"},"modified":"2023-09-20T01:38:36","modified_gmt":"2023-09-19T23:38:36","slug":"sardine-en-titane-6-pieces","status":"publish","type":"product","link":"https:\/\/metal-badge.ch\/fr\/product\/43673\/sardine-en-titane-6-pieces\/","title":{"rendered":"Sardine en titane, 6 pi\u00e8ces"},"content":{"rendered":"<p>Fabriqu\u00e9es en titane massif, cette sardine l\u00e9g\u00e8re peut \u00eatre plant\u00e9e facilement dans les sols les plus durs. Peut ensuite \u00eatre retir\u00e9e \u00e0 l\u2019aide de la boucle appos\u00e9e.<\/p>\n<p><strong>Informations du produit : <\/strong><\/p>\n<ul>\n<li>6 pi\u00e8ces par emballage, sac inclus<\/li>\n<li>Poids :&nbsp; 52 g \/ pi\u00e8ce&nbsp;<\/li>\n<li>Longueur : 24 cm<\/li>\n<li>Diam\u00e8tre : 8 mm<\/li>\n<li>Couleur : argent\u00e9.<\/li>\n<li>Prix : par pi\u00e8ce 12,80<\/li>\n<\/ul>\n<p>Nous r\u00e9alisons \u00e9galement des tiges de tentes, des cordes paracordes et des b\u00e2ches en plus des piquets. Consultez le lien suivant:<br \/>\n<span style=\"color: #ff6600;\"><strong><a style=\"color: #ff6600;\" href=\"https:\/\/metal-badge.ch\/fr\/product\/43654\/corde-paracord-olive\/\">cordes paracordes<\/a><\/strong><\/span><br \/>\n<span style=\"color: #ff6600;\"><strong><a style=\"color: #ff6600;\" href=\"https:\/\/metal-badge.ch\/fr\/product\/43664\/bache-en-pu-couleur-camouflage-bache-camouflage-3-x-260-m\/\">b\u00e2ches<\/a><\/strong><\/span><br \/>\n<span style=\"color: #ff6600;\"><strong><a style=\"color: #ff6600;\" href=\"https:\/\/metal-badge.ch\/fr\/product\/43681\/tiges-de-tente-en-aluminium-eloxe-2\/\">tiges<\/a><\/strong><\/span><\/p>\n","protected":false},"excerpt":{"rendered":"<p>Fabriqu\u00e9es en titane massif, cette sardine l\u00e9g\u00e8re peut \u00eatre plant\u00e9e facilement dans les sols les plus durs. Peut ensuite \u00eatre retir\u00e9e \u00e0 l\u2019aide de la boucle appos\u00e9e.<\/p>\n<p>&nbsp;<\/p>\n","protected":false},"featured_media":88585,"comment_status":"open","ping_status":"closed","template":"","meta":{"inline_featured_image":false},"product_brand":[],"product_cat":[1347,1435,2457],"product_tag":[1769,1777,1773],"class_list":{"0":"post-43673","1":"product","2":"type-product","3":"status-publish","4":"has-post-thumbnail","6":"product_cat-accessoires-militaires-de-chasse","7":"product_cat-camping-voyage","8":"product_cat-mat-de-tente-et-piquets-de-tente","9":"product_tag-army-survival-fr","10":"product_tag-camping-voyage","11":"product_tag-chasse-peche","13":"first","14":"instock","15":"taxable","16":"shipping-taxable","17":"purchasable","18":"product-type-simple"},"_links":{"self":[{"href":"https:\/\/metal-badge.ch\/fr\/wp-json\/wp\/v2\/product\/43673","targetHints":{"allow":["GET"]}}],"collection":[{"href":"https:\/\/metal-badge.ch\/fr\/wp-json\/wp\/v2\/product"}],"about":[{"href":"https:\/\/metal-badge.ch\/fr\/wp-json\/wp\/v2\/types\/product"}],"replies":[{"embeddable":true,"href":"https:\/\/metal-badge.ch\/fr\/wp-json\/wp\/v2\/comments?post=43673"}],"wp:featuredmedia":[{"embeddable":true,"href":"https:\/\/metal-badge.ch\/fr\/wp-json\/wp\/v2\/media\/88585"}],"wp:attachment":[{"href":"https:\/\/metal-badge.ch\/fr\/wp-json\/wp\/v2\/media?parent=43673"}],"wp:term":[{"taxonomy":"product_brand","embeddable":true,"href":"https:\/\/metal-badge.ch\/fr\/wp-json\/wp\/v2\/product_brand?post=43673"},{"taxonomy":"product_cat","embeddable":true,"href":"https:\/\/metal-badge.ch\/fr\/wp-json\/wp\/v2\/product_cat?post=43673"},{"taxonomy":"product_tag","embeddable":true,"href":"https:\/\/metal-badge.ch\/fr\/wp-json\/wp\/v2\/product_tag?post=43673"}],"curies":[{"name":"wp","href":"https:\/\/api.w.org\/{rel}","templated":true}]}}