{"id":43664,"date":"2018-02-16T15:05:54","date_gmt":"2018-02-16T15:05:54","guid":{"rendered":"https:\/\/shop.metal-badge.ch\/?product=bache-en-pu-couleur-camouflage-bache-camouflage-3-x-260-m"},"modified":"2021-07-13T08:46:09","modified_gmt":"2021-07-13T06:46:09","slug":"bache-en-pu-couleur-camouflage-bache-camouflage-3-x-260-m","status":"publish","type":"product","link":"https:\/\/metal-badge.ch\/fr\/product\/43664\/bache-en-pu-couleur-camouflage-bache-camouflage-3-x-260-m\/","title":{"rendered":"B\u00e2che en PU, couleur camouflage, b\u00e2che camouflage, 3 x 2,60 m"},"content":{"rendered":"<p>En mati\u00e8re PU antid\u00e9chirable, couleur camouflage, avec 24 \u0153illets \/bagues inoxydables en aluminium de 15 mm. Cette b\u00e2che utilisable de fa\u00e7on universelle tr\u00e8s r\u00e9sistante, absolument \u00e9tanche et r\u00e9sistante aux intemp\u00e9ries, est id\u00e9ale pour le camping, l\u2019ext\u00e9rieur, la protection contre le soleil, les tentes d\u2019urgence, et pour recouvrir des tas de bois, des machines, des voitures, des meubles de jardin et autres. La b\u00e2che de protection est \u00e9galement r\u00e9sistante aux moisissures et peut \u00eatre nettoy\u00e9e facilement.&nbsp;&nbsp;<\/p>\n<p><strong>Informations du produit :<\/strong><\/p>\n<ul>\n<li>Utilisable de fa\u00e7on universelle<\/li>\n<li>Avec 24 \u0153illets<\/li>\n<li>Coins renforc\u00e9s<\/li>\n<li>Mati\u00e8re : PE Tarp 100 g \/m2, couleur camouflage<\/li>\n<li>Couleur&nbsp;: Couleur camouflage arm\u00e9e<\/li>\n<li>Dimensions : 3m x 2.60 m<\/li>\n<li>Tr\u00e8s r\u00e9sistante aux d\u00e9chirures et r\u00e9sistante<\/li>\n<li>Bords renforc\u00e9s avec une sangle mobile cousue<\/li>\n<li>\u00c9tanche et r\u00e9sistante aux intemp\u00e9ries<\/li>\n<li>R\u00e9sistante aux UV<\/li>\n<li>Lavable<\/li>\n<\/ul>\n<p>\u00c0 partir de 20 b\u00e2ches, nous pouvons r\u00e9aliser d&rsquo;autres dimensions sur demande.<\/p>\n<p>Nous r\u00e9alisons \u00e9galement des tiges de tentes, des cordes paracordes et des sardines en plus des b\u00e2ches Consultez le lien suivant:<br \/>\n<a href=\"https:\/\/metal-badge.ch\/fr\/product\/43673\/sardine-en-titane-6-pieces\/\"><span style=\"color: #ff6600;\"><strong>\u00e9galement des sardines<\/strong><\/span><\/a><br \/>\n<a href=\"https:\/\/metal-badge.ch\/fr\/product\/43654\/corde-paracord-olive\/\"><span style=\"color: #ff6600;\"><strong>cordes paracordes<\/strong><\/span><\/a><br \/>\n<a href=\"https:\/\/metal-badge.ch\/fr\/product\/43681\/tiges-de-tente-en-aluminium-eloxe-2\/\"><span style=\"color: #ff6600;\"><strong>tiges<\/strong><\/span><\/a><\/p>\n","protected":false},"excerpt":{"rendered":"<p>En mati\u00e8re PU antid\u00e9chirable, couleur camouflage, avec 24 \u0153illets \/bagues inoxydables en aluminium de 15 mm. Cette b\u00e2che utilisable de fa\u00e7on universelle tr\u00e8s r\u00e9sistante, absolument \u00e9tanche et r\u00e9sistante aux intemp\u00e9ries, est id\u00e9ale pour le camping, l\u2019ext\u00e9rieur, la protection contre le soleil, les tentes d\u2019urgence, et pour recouvrir des tas de bois, des machines, des voitures, des meubles de jardin et autres. La b\u00e2che de protection est \u00e9galement r\u00e9sistante aux moisissures et peut \u00eatre nettoy\u00e9e facilement.&nbsp;&nbsp;<\/p>\n","protected":false},"featured_media":55825,"comment_status":"open","ping_status":"closed","template":"","meta":{"inline_featured_image":false},"product_brand":[],"product_cat":[1347,1690,1435],"product_tag":[1769,1777,1773,1765],"class_list":{"0":"post-43664","1":"product","2":"type-product","3":"status-publish","4":"has-post-thumbnail","6":"product_cat-accessoires-militaires-de-chasse","7":"product_cat-baches-et-housses-de-protection","8":"product_cat-camping-voyage","9":"product_tag-army-survival-fr","10":"product_tag-camping-voyage","11":"product_tag-chasse-peche","12":"product_tag-sport-outdoor-fr","14":"first","15":"instock","16":"taxable","17":"shipping-taxable","18":"purchasable","19":"product-type-simple"},"_links":{"self":[{"href":"https:\/\/metal-badge.ch\/fr\/wp-json\/wp\/v2\/product\/43664","targetHints":{"allow":["GET"]}}],"collection":[{"href":"https:\/\/metal-badge.ch\/fr\/wp-json\/wp\/v2\/product"}],"about":[{"href":"https:\/\/metal-badge.ch\/fr\/wp-json\/wp\/v2\/types\/product"}],"replies":[{"embeddable":true,"href":"https:\/\/metal-badge.ch\/fr\/wp-json\/wp\/v2\/comments?post=43664"}],"wp:featuredmedia":[{"embeddable":true,"href":"https:\/\/metal-badge.ch\/fr\/wp-json\/wp\/v2\/media\/55825"}],"wp:attachment":[{"href":"https:\/\/metal-badge.ch\/fr\/wp-json\/wp\/v2\/media?parent=43664"}],"wp:term":[{"taxonomy":"product_brand","embeddable":true,"href":"https:\/\/metal-badge.ch\/fr\/wp-json\/wp\/v2\/product_brand?post=43664"},{"taxonomy":"product_cat","embeddable":true,"href":"https:\/\/metal-badge.ch\/fr\/wp-json\/wp\/v2\/product_cat?post=43664"},{"taxonomy":"product_tag","embeddable":true,"href":"https:\/\/metal-badge.ch\/fr\/wp-json\/wp\/v2\/product_tag?post=43664"}],"curies":[{"name":"wp","href":"https:\/\/api.w.org\/{rel}","templated":true}]}}