{"id":43654,"date":"2018-02-16T14:46:52","date_gmt":"2018-02-16T14:46:52","guid":{"rendered":"https:\/\/shop.metal-badge.ch\/?product=corde-paracord-olive"},"modified":"2021-07-13T07:29:15","modified_gmt":"2021-07-13T05:29:15","slug":"corde-paracord-olive","status":"publish","type":"product","link":"https:\/\/metal-badge.ch\/fr\/product\/43654\/corde-paracord-olive\/","title":{"rendered":"Corde Paracord olive"},"content":{"rendered":"<p>Corde tress\u00e9e en polypropyl\u00e8ne (PP) 100 % fil de propyl\u00e8ne multifilaire Les cordes en PP sont tr\u00e8s appr\u00e9ci\u00e9es pour leur faible poids, leur flottabilit\u00e9, leur r\u00e9sistance aux intemp\u00e9ries, leur r\u00e9sistance \u00e9lev\u00e9e \u00e0 la rupture, leur excellente facult\u00e9 de nouage et leurs possibilit\u00e9s d&rsquo;application universelles. Ils ont une surface brillante, soyeuse et stable ronde et sont inodores, souples et faciles \u00e0 tisser. Le polypropyl\u00e8ne a une bonne r\u00e9sistance chimique \u00e0 l&rsquo;essence, au diesel, \u00e0 l&rsquo;huile lubrifiante et aux lessives alcalines.&nbsp;<\/p>\n<p><strong>Informations du produit : <\/strong><\/p>\n<ul>\n<li>Longueur : 3 m\u00e8tres et 7 m\u00e8tres<\/li>\n<li>Couleur : olive<\/li>\n<li>Diam\u00e8tre : 6 mm<\/li>\n<li>Prix : Pi\u00e8ce de 3 m CHF 7.-<\/li>\n<li>Prix : Pi\u00e8ce de 7 m CHF 15.-&nbsp;<\/li>\n<\/ul>\n<p><strong>Nous r\u00e9alisons d\u2019autres dimensions sur demande. <\/strong><\/p>\n<p>Nous r\u00e9alisons \u00e9galement des sardines, des tiges de tente et des b\u00e2ches avec les cordes Paracord. Consultez le lien suivant :<br \/>\n<span style=\"color: #ff6600;\"><strong><a style=\"color: #ff6600;\" href=\"https:\/\/metal-badge.ch\/fr\/product\/43673\/sardine-en-titane-6-pieces\/\">\u00e9galement des sardines<\/a><\/strong><\/span><br \/>\n<span style=\"color: #ff6600;\"><strong><a style=\"color: #ff6600;\" href=\"https:\/\/metal-badge.ch\/fr\/product\/43654\/corde-paracord-olive\/\">cordes paracordes<\/a><\/strong><\/span><br \/>\n<strong><span style=\"color: #ff6600;\"><a style=\"color: #ff6600;\" href=\"https:\/\/metal-badge.ch\/fr\/product\/43664\/bache-en-pu-couleur-camouflage-bache-camouflage-3-x-260-m\/\">b\u00e2ches<\/a><\/span><\/strong><br \/>\n<span style=\"color: #ff6600;\"><strong><a style=\"color: #ff6600;\" href=\"https:\/\/metal-badge.ch\/fr\/product\/43681\/tiges-de-tente-en-aluminium-eloxe-2\/\">tiges<\/a><\/strong><\/span><\/p>\n","protected":false},"excerpt":{"rendered":"<p>Corde tress\u00e9e en polypropyl\u00e8ne (PP) 100 % fil de propyl\u00e8ne multifilaire Les cordes en PP sont tr\u00e8s appr\u00e9ci\u00e9es pour leur faible poids, leur flottabilit\u00e9, leur r\u00e9sistance aux intemp\u00e9ries, leur r\u00e9sistance \u00e9lev\u00e9e \u00e0 la rupture, leur excellente facult\u00e9 de nouage et leurs possibilit\u00e9s d&rsquo;application universelles. Ils ont une surface brillante, soyeuse et stable ronde et sont inodores, souples et faciles \u00e0 tisser. Le polypropyl\u00e8ne a une bonne r\u00e9sistance chimique \u00e0 l&rsquo;essence, au diesel, \u00e0 l&rsquo;huile lubrifiante et aux lessives alcalines.&nbsp;<\/p>\n","protected":false},"featured_media":55816,"comment_status":"open","ping_status":"closed","template":"","meta":{"inline_featured_image":false},"product_brand":[],"product_cat":[1347,1435,1678],"product_tag":[1769,1777,1773,1765],"class_list":{"0":"post-43654","1":"product","2":"type-product","3":"status-publish","4":"has-post-thumbnail","6":"product_cat-accessoires-militaires-de-chasse","7":"product_cat-camping-voyage","8":"product_cat-cordes-securite","9":"product_tag-army-survival-fr","10":"product_tag-camping-voyage","11":"product_tag-chasse-peche","12":"product_tag-sport-outdoor-fr","14":"first","15":"instock","16":"taxable","17":"shipping-taxable","18":"purchasable","19":"product-type-simple"},"_links":{"self":[{"href":"https:\/\/metal-badge.ch\/fr\/wp-json\/wp\/v2\/product\/43654","targetHints":{"allow":["GET"]}}],"collection":[{"href":"https:\/\/metal-badge.ch\/fr\/wp-json\/wp\/v2\/product"}],"about":[{"href":"https:\/\/metal-badge.ch\/fr\/wp-json\/wp\/v2\/types\/product"}],"replies":[{"embeddable":true,"href":"https:\/\/metal-badge.ch\/fr\/wp-json\/wp\/v2\/comments?post=43654"}],"wp:featuredmedia":[{"embeddable":true,"href":"https:\/\/metal-badge.ch\/fr\/wp-json\/wp\/v2\/media\/55816"}],"wp:attachment":[{"href":"https:\/\/metal-badge.ch\/fr\/wp-json\/wp\/v2\/media?parent=43654"}],"wp:term":[{"taxonomy":"product_brand","embeddable":true,"href":"https:\/\/metal-badge.ch\/fr\/wp-json\/wp\/v2\/product_brand?post=43654"},{"taxonomy":"product_cat","embeddable":true,"href":"https:\/\/metal-badge.ch\/fr\/wp-json\/wp\/v2\/product_cat?post=43654"},{"taxonomy":"product_tag","embeddable":true,"href":"https:\/\/metal-badge.ch\/fr\/wp-json\/wp\/v2\/product_tag?post=43654"}],"curies":[{"name":"wp","href":"https:\/\/api.w.org\/{rel}","templated":true}]}}