{"id":43648,"date":"2018-02-16T12:01:50","date_gmt":"2018-02-16T12:01:50","guid":{"rendered":"https:\/\/shop.metal-badge.ch\/?product=sac-pour-photographe-en-nylon-ripstop-fonctionnel-pour-equipement-photo-et-video-bp-1603"},"modified":"2020-08-02T03:27:52","modified_gmt":"2020-08-02T03:27:52","slug":"sac-pour-photographe-en-nylon-ripstop-fonctionnel-pour-equipement-photo-et-video-bp-1603","status":"publish","type":"product","link":"https:\/\/metal-badge.ch\/fr\/product\/43648\/sac-pour-photographe-en-nylon-ripstop-fonctionnel-pour-equipement-photo-et-video-bp-1603\/","title":{"rendered":"Sac pour photographe en nylon ripstop fonctionnel pour \u00e9quipement photo et vid\u00e9o BP 1603"},"content":{"rendered":"<p>Ce sac pour appareil photo robuste et imperm\u00e9able en nylon noir ripstop est imbattable en rapport qualit\u00e9-prix. Le sac de l&rsquo;appareil photo est \u00e9quip\u00e9 de trois goujons en caoutchouc antid\u00e9rapants sur la face inf\u00e9rieure qui offrent une excellente protection sur les terrains accident\u00e9s. Le sac est \u00e9galement \u00e9quip\u00e9 de deux sangles robustes en nylon au bas du sac pour l&rsquo;enfiler sur le ch\u00e2ssis d&rsquo;une valise \u00e0 roulettes. Le compartiment ext\u00e9rieur lat\u00e9ral peut \u00eatre utiliser comme espace de rangement ou \u00eatre \u00e9galement suspendu \u00e0 une valise \u00e0 roulettes en ouvrant la fermeture \u00e9clair. Voir les photos. Pour le transport, ce sac pour appareil photo est \u00e9quip\u00e9 d&rsquo;une bandouli\u00e8re confortable et rembourr\u00e9e, qui peut \u00eatre enlev\u00e9e par deux attaches m\u00e9talliques robustes. La bandouli\u00e8re peut \u00eatre rallong\u00e9e jusqu&rsquo;\u00e0 1,6 m\u00e8tre. De plus, le sac est \u00e9quip\u00e9 de poign\u00e9es robustes et rembourr\u00e9es \u00e0 droite et \u00e0 gauche.<\/p>\n<p>Le couvercle est \u00e9galement \u00e9quip\u00e9 d&rsquo;une poign\u00e9e de transport rembourr\u00e9e robuste et large ainsi que d&rsquo;une double fermeture \u00e0 glissi\u00e8re avec dragonne en plastique et d&rsquo;une fermeture rapide en plastique. Le second compartiment ext\u00e9rieur spacieux avec fermeture \u00e9clair sur le pourtour comprend \u00e0 l&rsquo;int\u00e9rieur deux compartiments en filet et diff\u00e9rentes poches pour cartes, stylos et accessoires divers. La poche principale elle-m\u00eame peut \u00eatre divis\u00e9e en plusieurs compartiments \u00e0 l&rsquo;aide de 5 diviseurs r\u00e9glables. Les coussinets \u00e0 velcro sont tr\u00e8s solides et faciles \u00e0 poser. Ainsi, la cam\u00e9ra et les objectifs sont rembourr\u00e9s dans les compartiments et prot\u00e9g\u00e9s contre les chocs et les dommages.<br \/>\n\u00a0<\/p>\n<p><strong>Description du produit\u00a0:<\/strong><br \/>\nCouleur : noir<br \/>\nPoids : 1460 g.<br \/>\nVolume : 20 litres<br \/>\nMati\u00e8re : Nylon Ripstop<br \/>\nBandouli\u00e8re rembourr\u00e9e amovible<br \/>\nPoign\u00e9e de transport solide<br \/>\nDimensions du sac : Hauteur 28 cm \/ Longueur 48 cm \/ Largeur 33 cm<br \/>\nCurseur de fermeture \u00e9clair en T<br \/>\nS\u00e9paration individuelle, au moins 5 rembourrages avec velcro pour 6 compartiments<br \/>\ns\u00e9parateurs en velours amovibles, anti-d\u00e9chirures et rembourr\u00e9s<\/p>\n","protected":false},"excerpt":{"rendered":"<p>Ce sac pour appareil photo robuste et imperm\u00e9able en nylon noir ripstop est imbattable en rapport qualit\u00e9-prix. Le sac de l&rsquo;appareil photo est \u00e9quip\u00e9 de trois goujons en caoutchouc antid\u00e9rapants sur la face inf\u00e9rieure qui offrent une excellente protection sur les terrains accident\u00e9s. Le sac est \u00e9galement \u00e9quip\u00e9 de deux sangles robustes en nylon au [&hellip;]<\/p>\n","protected":false},"featured_media":88587,"comment_status":"open","ping_status":"closed","template":"","meta":{"inline_featured_image":false},"product_brand":[],"product_cat":[1435,1059,1815],"product_tag":[1769,1777,1773,1765],"class_list":{"0":"post-43648","1":"product","2":"type-product","3":"status-publish","4":"has-post-thumbnail","6":"product_cat-camping-voyage","7":"product_cat-sacs","8":"product_cat-sacs-de-transport-de-voyage","9":"product_tag-army-survival-fr","10":"product_tag-camping-voyage","11":"product_tag-chasse-peche","12":"product_tag-sport-outdoor-fr","14":"first","15":"instock","16":"taxable","17":"shipping-taxable","18":"purchasable","19":"product-type-simple"},"_links":{"self":[{"href":"https:\/\/metal-badge.ch\/fr\/wp-json\/wp\/v2\/product\/43648","targetHints":{"allow":["GET"]}}],"collection":[{"href":"https:\/\/metal-badge.ch\/fr\/wp-json\/wp\/v2\/product"}],"about":[{"href":"https:\/\/metal-badge.ch\/fr\/wp-json\/wp\/v2\/types\/product"}],"replies":[{"embeddable":true,"href":"https:\/\/metal-badge.ch\/fr\/wp-json\/wp\/v2\/comments?post=43648"}],"wp:featuredmedia":[{"embeddable":true,"href":"https:\/\/metal-badge.ch\/fr\/wp-json\/wp\/v2\/media\/88587"}],"wp:attachment":[{"href":"https:\/\/metal-badge.ch\/fr\/wp-json\/wp\/v2\/media?parent=43648"}],"wp:term":[{"taxonomy":"product_brand","embeddable":true,"href":"https:\/\/metal-badge.ch\/fr\/wp-json\/wp\/v2\/product_brand?post=43648"},{"taxonomy":"product_cat","embeddable":true,"href":"https:\/\/metal-badge.ch\/fr\/wp-json\/wp\/v2\/product_cat?post=43648"},{"taxonomy":"product_tag","embeddable":true,"href":"https:\/\/metal-badge.ch\/fr\/wp-json\/wp\/v2\/product_tag?post=43648"}],"curies":[{"name":"wp","href":"https:\/\/api.w.org\/{rel}","templated":true}]}}