{"id":43637,"date":"2018-02-16T11:50:14","date_gmt":"2018-02-16T11:50:14","guid":{"rendered":"https:\/\/shop.metal-badge.ch\/?product=sac-a-dos-photographe-nylon-ripstop-bp-1602-indepman"},"modified":"2018-02-16T12:02:58","modified_gmt":"2018-02-16T12:02:58","slug":"sac-a-dos-photographe-nylon-ripstop-bp-1602-indepman","status":"publish","type":"product","link":"https:\/\/metal-badge.ch\/fr\/product\/43637\/sac-a-dos-photographe-nylon-ripstop-bp-1602-indepman\/","title":{"rendered":"Sac \u00e0 dos photographe nylon Ripstop BP 1602 INDEPMAN"},"content":{"rendered":"<p>Beaucoup d\u2019espace de stockage et de compartiments annexes pour les accessoires.<\/p>\n<p>Grand confort de port et s\u00e9paration int\u00e9rieure individuelle. Ce sac \u00e0 dos pour photographe ne fait pas que vous laisser agencer librement votre espace int\u00e9rieur. Il peut \u00e9galement s&rsquo;adapter \u00e0 vos besoins actuels. Une tenue parfaite et un confort exceptionnel gr\u00e2ce \u00e0 un syst\u00e8me de portage sophistiqu\u00e9 et un dos respirant. Ce sac \u00e0 dos est \u00e9quip\u00e9 d&rsquo;une bandouli\u00e8re r\u00e9glable individuellement et tr\u00e8s confortable avec boucle \u00e0 pression et d&rsquo;une ceinture transversale r\u00e9glable lat\u00e9ralement avec fermeture rapide. Gr\u00e2ce aux deux sangles, le poids peut ainsi \u00eatre r\u00e9parti uniform\u00e9ment sur tout le corps. Il permet \u00e9galement de saisir rapidement l\u2019appareil photo. Vous pouvez donc faire pivoter le sac \u00e0 dos vers l&rsquo;avant confortablement si n\u00e9cessaire.<\/p>\n<p>La partie sup\u00e9rieure du sac \u00e0 dos offre beaucoup d&rsquo;espace pour les effets personnels, mais peut \u00e9galement \u00eatre fix\u00e9 au compartiment principal s&rsquo;il y a plus d&rsquo;accessoires. Il peut \u00eatre adapt\u00e9 \u00e0 tout \u00e9quipement avec 6 cloisons solides \u00e0 velcro. En outre, il y a une sangle en nylon avec fermeture \u00e0 l&rsquo;ext\u00e9rieur du sac \u00e0 dos, ainsi qu&rsquo;un support cach\u00e9 sous le sac \u00e0 dos pour fixer des tr\u00e9pieds. A l&rsquo;ext\u00e9rieur, il y a aussi une poche en mailles. Les syst\u00e8mes de poches innovants avec diff\u00e9rentes fermetures \u00e9clair facilitent l&rsquo;acc\u00e8s rapide \u00e0 la cam\u00e9ra. La livraison comprend \u00e9galement une housse de protection contre la pluie. Un autre avantage de ce sac \u00e0 dos est pr\u00e9sent\u00e9 par les deux poign\u00e9es solides de transport en haut et sur le c\u00f4t\u00e9 qui permettent de porter ce sac dans diff\u00e9rentes positions confortablement, par le haut ou le c\u00f4t\u00e9.<br \/>\n\u00a0<\/p>\n<p><strong>Description du produit\u00a0:<\/strong><br \/>\nCouleur : noir int\u00e9rieur rouge<br \/>\nPoids :\u00a0 850 g.<br \/>\nVolume : 15 litres<br \/>\nMati\u00e8re : Nylon ripstop<br \/>\nDos respirant<br \/>\nLa bandouli\u00e8re peut \u00eatre ajust\u00e9e et allong\u00e9e<br \/>\nDeux poign\u00e9es de transport solides en haut et sur le c\u00f4t\u00e9<br \/>\nDimensions du sac \u00e0 dos : hauteur 45cm \/ profondeur 20 cm \/ largeur 26 cm<br \/>\ndiff\u00e9rentes fermetures \u00e9clair pour acc\u00e8s rapide \u00e0 la cam\u00e9ra<br \/>\n2x compartiments en maille avec fermeture \u00e9clair \u00e0 l\u2019int\u00e9rieur<br \/>\nR\u00e9partition int\u00e9rieur individuelle, au moins 6 rembourrages avec velcro pour 8 compartiments<br \/>\ns\u00e9parateurs amovibles en velours, anti-d\u00e9chirures et rembourr\u00e9s<br \/>\nBande en nylon avec fermeture et autre bande avec velcro<\/p>\n","protected":false},"excerpt":{"rendered":"<p>Beaucoup d\u2019espace de stockage et de compartiments annexes pour les accessoires. Grand confort de port et s\u00e9paration int\u00e9rieure individuelle. Ce sac \u00e0 dos pour photographe ne fait pas que vous laisser agencer librement votre espace int\u00e9rieur. Il peut \u00e9galement s&rsquo;adapter \u00e0 vos besoins actuels. Une tenue parfaite et un confort exceptionnel gr\u00e2ce \u00e0 un syst\u00e8me [&hellip;]<\/p>\n","protected":false},"featured_media":88589,"comment_status":"open","ping_status":"closed","template":"","meta":{"inline_featured_image":false},"product_brand":[],"product_cat":[1435,1059,1255,1815],"product_tag":[1769,1777,1773,1765],"class_list":{"0":"post-43637","1":"product","2":"type-product","3":"status-publish","4":"has-post-thumbnail","6":"product_cat-camping-voyage","7":"product_cat-sacs","8":"product_cat-sacs-a-dos-et-systemes-de-boisson","9":"product_cat-sacs-de-transport-de-voyage","10":"product_tag-army-survival-fr","11":"product_tag-camping-voyage","12":"product_tag-chasse-peche","13":"product_tag-sport-outdoor-fr","15":"first","16":"instock","17":"taxable","18":"shipping-taxable","19":"purchasable","20":"product-type-simple"},"_links":{"self":[{"href":"https:\/\/metal-badge.ch\/fr\/wp-json\/wp\/v2\/product\/43637","targetHints":{"allow":["GET"]}}],"collection":[{"href":"https:\/\/metal-badge.ch\/fr\/wp-json\/wp\/v2\/product"}],"about":[{"href":"https:\/\/metal-badge.ch\/fr\/wp-json\/wp\/v2\/types\/product"}],"replies":[{"embeddable":true,"href":"https:\/\/metal-badge.ch\/fr\/wp-json\/wp\/v2\/comments?post=43637"}],"wp:featuredmedia":[{"embeddable":true,"href":"https:\/\/metal-badge.ch\/fr\/wp-json\/wp\/v2\/media\/88589"}],"wp:attachment":[{"href":"https:\/\/metal-badge.ch\/fr\/wp-json\/wp\/v2\/media?parent=43637"}],"wp:term":[{"taxonomy":"product_brand","embeddable":true,"href":"https:\/\/metal-badge.ch\/fr\/wp-json\/wp\/v2\/product_brand?post=43637"},{"taxonomy":"product_cat","embeddable":true,"href":"https:\/\/metal-badge.ch\/fr\/wp-json\/wp\/v2\/product_cat?post=43637"},{"taxonomy":"product_tag","embeddable":true,"href":"https:\/\/metal-badge.ch\/fr\/wp-json\/wp\/v2\/product_tag?post=43637"}],"curies":[{"name":"wp","href":"https:\/\/api.w.org\/{rel}","templated":true}]}}