{"id":43626,"date":"2018-02-16T11:30:15","date_gmt":"2018-02-16T11:30:15","guid":{"rendered":"https:\/\/shop.metal-badge.ch\/?product=sac-a-dos-photographe-nylon-ripstop-bp-1601-indepman"},"modified":"2018-02-16T11:30:48","modified_gmt":"2018-02-16T11:30:48","slug":"sac-a-dos-photographe-nylon-ripstop-bp-1601-indepman","status":"publish","type":"product","link":"https:\/\/metal-badge.ch\/fr\/product\/43626\/sac-a-dos-photographe-nylon-ripstop-bp-1601-indepman\/","title":{"rendered":"Sac \u00e0 dos photographe nylon Ripstop BP 1601 INDEPMAN"},"content":{"rendered":"<p><strong>Sac \u00e0 dos photographe nylon Ripstop BP 1601 INDEPMAN<\/strong><\/p>\n<p>Sac \u00e0 dos professionnel pour photographe sportif avec une coupe parfaite et un confort exceptionnel gr\u00e2ce \u00e0 un syst\u00e8me de portage sophistiqu\u00e9 et un dos respirant. Les bretelles peuvent \u00eatre ajust\u00e9es et rallong\u00e9es en cons\u00e9quence. Le sac \u00e0 dos est \u00e9galement \u00e9quip\u00e9 d&rsquo;une poign\u00e9e de transport. Con\u00e7u pour les terrains exigeants, le sac \u00e0 dos BP 1601 offre une protection fiable pour les \u00e9quipements sensibles et un acc\u00e8s rapide et intelligent \u00e0 tous les \u00e9quipements. Prot\u00e9gez votre mat\u00e9riel photo et vid\u00e9o contre l&rsquo;eau, la poussi\u00e8re, le sable et les autres influences ext\u00e9rieures ! Ce sac \u00e0 dos est fabriqu\u00e9 en nylon ripstop. Les 6 rembourrages int\u00e9rieurs peuvent \u00eatre dispos\u00e9s individuellement par Velcro. Jusqu\u2019\u00e0 7 compartiments rembourr\u00e9s sont donc \u00e0 votre disposition. Ils offrent beaucoup de place pour la cam\u00e9ra, les objectifs et les accessoires.<\/p>\n<p>De plus, \u00e0 l&rsquo;int\u00e9rieur du rabat, vous trouverez deux compartiments maill\u00e9s \u00e0 fermeture \u00e9clair pour le petit mat\u00e9riel comme les batteries, les cartes m\u00e9moires, les stylets et diff\u00e9rents accessoires. Le sac est ferm\u00e9 avec deux fermeture \u00e9clair sur tout le pourtour. Le sac est \u00e9galement muni d\u2019un compartiment ext\u00e9rieur de 24 x 22 cm avec fermeture \u00e9clair. Sur le c\u00f4t\u00e9, le sac \u00e0 dos comporte un compartiment \u00e0 mailles et des supports en nylon pour tr\u00e9pied, etc.\u00a0<\/p>\n<p>\n<strong>Description du produit\u00a0:<\/strong><br \/>\nCouleur : noir int\u00e9rieur vert<br \/>\nPoids :\u00a0 500 g.\u00a0<br \/>\nVolume : 10 litres\u00a0<br \/>\nMati\u00e8re : Nylon ripstop<br \/>\nDos respirant<br \/>\nLes bretelles peuvent \u00eatre ajust\u00e9es et allong\u00e9es<br \/>\nPoign\u00e9e de transport solide<br \/>\nDimensions du sac \u00e0 dos : Hauteur 34 cm \/ Profondeur 16 cm \/ Largeur 26 cm<br \/>\n2x fermeture \u00e9clair sur tout le pourtour<br \/>\nGrand compartiment ext\u00e9rieur<br \/>\nS\u00e9paration individuelle, au moins 6 rembourrages avec velcro pour 7 compartiments<br \/>\ns\u00e9parateurs en velours amovibles, anti-d\u00e9chirures et rembourr\u00e9s<br \/>\n\u00a0<\/p>\n","protected":false},"excerpt":{"rendered":"<p>Sac \u00e0 dos photographe nylon Ripstop BP 1601 INDEPMAN Sac \u00e0 dos professionnel pour photographe sportif avec une coupe parfaite et un confort exceptionnel gr\u00e2ce \u00e0 un syst\u00e8me de portage sophistiqu\u00e9 et un dos respirant. Les bretelles peuvent \u00eatre ajust\u00e9es et rallong\u00e9es en cons\u00e9quence. Le sac \u00e0 dos est \u00e9galement \u00e9quip\u00e9 d&rsquo;une poign\u00e9e de transport. [&hellip;]<\/p>\n","protected":false},"featured_media":88591,"comment_status":"open","ping_status":"closed","template":"","meta":{"inline_featured_image":false},"product_brand":[],"product_cat":[1435,1059,1255,1815],"product_tag":[1769,1777,1773,1765],"class_list":{"0":"post-43626","1":"product","2":"type-product","3":"status-publish","4":"has-post-thumbnail","6":"product_cat-camping-voyage","7":"product_cat-sacs","8":"product_cat-sacs-a-dos-et-systemes-de-boisson","9":"product_cat-sacs-de-transport-de-voyage","10":"product_tag-army-survival-fr","11":"product_tag-camping-voyage","12":"product_tag-chasse-peche","13":"product_tag-sport-outdoor-fr","15":"first","16":"instock","17":"taxable","18":"shipping-taxable","19":"purchasable","20":"product-type-simple"},"_links":{"self":[{"href":"https:\/\/metal-badge.ch\/fr\/wp-json\/wp\/v2\/product\/43626","targetHints":{"allow":["GET"]}}],"collection":[{"href":"https:\/\/metal-badge.ch\/fr\/wp-json\/wp\/v2\/product"}],"about":[{"href":"https:\/\/metal-badge.ch\/fr\/wp-json\/wp\/v2\/types\/product"}],"replies":[{"embeddable":true,"href":"https:\/\/metal-badge.ch\/fr\/wp-json\/wp\/v2\/comments?post=43626"}],"wp:featuredmedia":[{"embeddable":true,"href":"https:\/\/metal-badge.ch\/fr\/wp-json\/wp\/v2\/media\/88591"}],"wp:attachment":[{"href":"https:\/\/metal-badge.ch\/fr\/wp-json\/wp\/v2\/media?parent=43626"}],"wp:term":[{"taxonomy":"product_brand","embeddable":true,"href":"https:\/\/metal-badge.ch\/fr\/wp-json\/wp\/v2\/product_brand?post=43626"},{"taxonomy":"product_cat","embeddable":true,"href":"https:\/\/metal-badge.ch\/fr\/wp-json\/wp\/v2\/product_cat?post=43626"},{"taxonomy":"product_tag","embeddable":true,"href":"https:\/\/metal-badge.ch\/fr\/wp-json\/wp\/v2\/product_tag?post=43626"}],"curies":[{"name":"wp","href":"https:\/\/api.w.org\/{rel}","templated":true}]}}