{"id":43569,"date":"2018-02-15T17:52:37","date_gmt":"2018-02-15T17:52:37","guid":{"rendered":"https:\/\/shop.metal-badge.ch\/?product=lampe-streamlight-tactique-ls-f2-del-noir-80-lumen"},"modified":"2022-01-12T18:28:59","modified_gmt":"2022-01-12T17:28:59","slug":"lampe-streamlight-tactique-ls-f2-del-noir-80-lumen","status":"publish","type":"product","link":"https:\/\/metal-badge.ch\/fr\/product\/43569\/lampe-streamlight-tactique-ls-f2-del-noir-80-lumen\/","title":{"rendered":"Lampe Streamlight tactique LS-F2 DEL noir 80 lumen"},"content":{"rendered":"<p>Ce spot fabriqu\u00e9 en plastique r\u00e9sistant aux chocs est construit pour les armes \u00e0 feu manuelles compactes et mini. Il est \u00e9galement adapt\u00e9 sur la plupart des grandes armes \u00e0 feu \u00e0 rails qui se trouvent sur le march\u00e9. L\u2019alimentation \u00e9lectrique se fait par une batterie 9V rechargeable ou 3 batteries 1\/3N, ou 6 piles LR44. La batterie de 9V est comprise. Dur\u00e9e d\u2019autonomie de la batterie de 2 \u00e0 3 heures sans interruption jusqu\u2019\u00e0 une puissance lumineuse de 10 %.<\/p>\n<p><strong>Informations du produit :<\/strong><\/p>\n<ul>\n<li>Lampe tactique 80 lumen LS-F2<\/li>\n<li>Dur\u00e9e d\u2019autonomie de la batterie : 2 \u00e0 3 heures sans interruption jusqu\u2019\u00e0 une puissance lumineuse de 10 %<\/li>\n<li>Fixation et d\u00e9tachement rapide sur le c\u00f4t\u00e9 de l\u2019arme<\/li>\n<li>Montage simple en quelques secondes<\/li>\n<li>Couleur : noir<\/li>\n<li>Poids : 38 g<\/li>\n<li>R\u00e9sistant \u00e0 l\u2019eau<\/li>\n<li>Dimensions : Longueur 54 mm \/ largeur : 38 mm \/<\/li>\n<li>hauteur : 34.5 mm<\/li>\n<li>Temp\u00e9rature d\u2019utilisation :&nbsp; -40\u00b0 C \u00e0 + 60\u00b0 C<\/li>\n<li>Construction en plastique technique anti-coups avec capuchon d&rsquo;extr\u00e9mit\u00e9 r\u00e9sistant en aluminium \u00e9lox\u00e9 :<\/li>\n<li>Boutons adapt\u00e9s pour gauchers et droitiers \/ Interrupteur \u00e0 maintenir appuy\u00e9 pour allumer \/\u00e9teindre<\/li>\n<li>Alimentation : 1 batterie au lithium 9 V comprise dans la livraison<\/li>\n<li>\u00c9galement adapt\u00e9 : 6 piles LR 44 ou 3 batteries 1\/3N<\/li>\n<li>Compatible avec la plupart des armes \u00e0 feu \u00e0 rails disponibles sur le march\u00e9<\/li>\n<\/ul>\n<p><strong>En suppl\u00e9ment, nous offrons des kits d&rsquo;adaptation pour le montage sur une grande vari\u00e9t\u00e9 d&rsquo;armes.<\/strong><\/p>\n","protected":false},"excerpt":{"rendered":"<p>Ce spot fabriqu\u00e9 en plastique r\u00e9sistant aux chocs est construit pour les armes \u00e0 feu manuelles compactes et mini. Il est \u00e9galement adapt\u00e9 sur la plupart des grandes armes \u00e0 feu \u00e0 rails qui se trouvent sur le march\u00e9. L\u2019alimentation \u00e9lectrique se fait par une batterie 9V rechargeable ou 3 batteries 1\/3N, ou 6 piles LR44. La batterie de 9V est comprise. Dur\u00e9e d\u2019autonomie de la batterie de 2 \u00e0 3 heures sans interruption jusqu\u2019\u00e0 une puissance lumineuse de 10 %.<\/p>\n","protected":false},"featured_media":88611,"comment_status":"open","ping_status":"closed","template":"","meta":{"inline_featured_image":false},"product_brand":[],"product_cat":[1347,1343,1439],"product_tag":[1769,1773,1871,1765],"class_list":{"0":"post-43569","1":"product","2":"type-product","3":"status-publish","4":"has-post-thumbnail","6":"product_cat-accessoires-militaires-de-chasse","7":"product_cat-lampes-lampes-de-poche","8":"product_cat-lunettes-et-supports","9":"product_tag-army-survival-fr","10":"product_tag-chasse-peche","11":"product_tag-lampes-torche-fr","12":"product_tag-sport-outdoor-fr","14":"first","15":"instock","16":"taxable","17":"shipping-taxable","18":"purchasable","19":"product-type-simple"},"_links":{"self":[{"href":"https:\/\/metal-badge.ch\/fr\/wp-json\/wp\/v2\/product\/43569","targetHints":{"allow":["GET"]}}],"collection":[{"href":"https:\/\/metal-badge.ch\/fr\/wp-json\/wp\/v2\/product"}],"about":[{"href":"https:\/\/metal-badge.ch\/fr\/wp-json\/wp\/v2\/types\/product"}],"replies":[{"embeddable":true,"href":"https:\/\/metal-badge.ch\/fr\/wp-json\/wp\/v2\/comments?post=43569"}],"wp:featuredmedia":[{"embeddable":true,"href":"https:\/\/metal-badge.ch\/fr\/wp-json\/wp\/v2\/media\/88611"}],"wp:attachment":[{"href":"https:\/\/metal-badge.ch\/fr\/wp-json\/wp\/v2\/media?parent=43569"}],"wp:term":[{"taxonomy":"product_brand","embeddable":true,"href":"https:\/\/metal-badge.ch\/fr\/wp-json\/wp\/v2\/product_brand?post=43569"},{"taxonomy":"product_cat","embeddable":true,"href":"https:\/\/metal-badge.ch\/fr\/wp-json\/wp\/v2\/product_cat?post=43569"},{"taxonomy":"product_tag","embeddable":true,"href":"https:\/\/metal-badge.ch\/fr\/wp-json\/wp\/v2\/product_tag?post=43569"}],"curies":[{"name":"wp","href":"https:\/\/api.w.org\/{rel}","templated":true}]}}