{"id":43558,"date":"2018-02-15T17:24:14","date_gmt":"2018-02-15T17:24:14","guid":{"rendered":"https:\/\/shop.metal-badge.ch\/?product=lampe-streamlight-tactique-ls-f1-del-noir-225-lumen"},"modified":"2022-01-12T18:39:52","modified_gmt":"2022-01-12T17:39:52","slug":"lampe-streamlight-tactique-ls-f1-del-noir-225-lumen","status":"publish","type":"product","link":"https:\/\/metal-badge.ch\/fr\/product\/43558\/lampe-streamlight-tactique-ls-f1-del-noir-225-lumen\/","title":{"rendered":"Lampe Streamlight tactique LS-F1 DEL noir 225 lumen"},"content":{"rendered":"<p>Cette lampe tactique fabriqu\u00e9e en plastique r\u00e9sistant aux chocs est construite pour les armes \u00e0 feu manuelles compactes et mini. Il y a deux fonctions, avec r\u00e9glage sur lumi\u00e8re compl\u00e8te ou lumi\u00e8re troboscopique.&nbsp;&nbsp;&nbsp;&nbsp;&nbsp;&nbsp;&nbsp;&nbsp;<br \/>\nCelle-ci est \u00e9galement adapt\u00e9e \u00e0 la plupart des grandes armes \u00e0 feu \u00e0 rails qui se trouvent sur le march\u00e9. L&rsquo;alimentation \u00e9lectrique est r\u00e9alis\u00e9e par 2 batteries au lithium CR123A. Les batteries sont comprises. Dur\u00e9e d\u2019autonomie de la batterie jusqu\u2019\u00e0 3 heures sans interruption jusqu\u2019\u00e0 une puissance lumineuse de 10 %.<\/p>\n<p><strong>Informations du produit :<\/strong><\/p>\n<ul>\n<li>Lampe tactique 225 lumen LS-F1<\/li>\n<li>Source de lumi\u00e8re Cree Q5<\/li>\n<li>Dur\u00e9e d\u2019autonomie de la batterie : 3 heures sans interruption jusqu\u2019\u00e0 une puissance lumineuse de 10 %<\/li>\n<li>Fixation et d\u00e9tachement rapide sur le c\u00f4t\u00e9 de l\u2019arme<\/li>\n<li>Montage simple \/ rail Picatinny<\/li>\n<li>Couleur : noir<\/li>\n<li>Poids : 108 g<\/li>\n<li>Faisceau lumineux blanc puissant<\/li>\n<li>Fonctions : Lumi\u00e8re compl\u00e8te ou stroboscopique<\/li>\n<li>Luminosit\u00e9 maximale pour la recherche dans des pi\u00e8ces ou des cours<\/li>\n<li>R\u00e9sistant \u00e0 l\u2019eau<\/li>\n<li>Dimensions : Longueur 85 mm \/ largeur : 35 mm \/ hauteur : 34 mm<\/li>\n<li>Temp\u00e9rature d\u2019utilisation :&nbsp; -40\u00b0 C \u00e0 + 65\u00b0 C<\/li>\n<li>Mati\u00e8re : En plastique technique anti-chocs et aluminium<\/li>\n<li>Boutons adapt\u00e9s pour gauchers et droitiers \/ Interrupteur \u00e0 maintenir appuy\u00e9 pour allumer \/\u00e9teindre<\/li>\n<li>Alimentation : 2 batteries au lithium CR 123 A comprises<\/li>\n<li>Compatible avec la plupart des armes \u00e0 feu \u00e0 rails disponibles sur le march\u00e9<\/li>\n<\/ul>\n<p><strong>En suppl\u00e9ment, nous offrons des kits d&rsquo;adaptation pour le montage sur une grande vari\u00e9t\u00e9 d&rsquo;armes.<\/strong><\/p>\n","protected":false},"excerpt":{"rendered":"<p>Cette lampe tactique fabriqu\u00e9e en plastique r\u00e9sistant aux chocs est construite pour les armes \u00e0 feu manuelles compactes et mini. Il y a deux fonctions, avec r\u00e9glage sur lumi\u00e8re compl\u00e8te ou lumi\u00e8re troboscopique.&nbsp;&nbsp;&nbsp;&nbsp;&nbsp;&nbsp;&nbsp;&nbsp; Celle-ci est \u00e9galement adapt\u00e9e \u00e0 la plupart des grandes armes \u00e0 feu \u00e0 rails qui se trouvent sur le march\u00e9. L&rsquo;alimentation \u00e9lectrique [&hellip;]<\/p>\n","protected":false},"featured_media":88613,"comment_status":"open","ping_status":"closed","template":"","meta":{"inline_featured_image":false},"product_brand":[],"product_cat":[1347,1343,1439],"product_tag":[1769,1773,1871,1765],"class_list":{"0":"post-43558","1":"product","2":"type-product","3":"status-publish","4":"has-post-thumbnail","6":"product_cat-accessoires-militaires-de-chasse","7":"product_cat-lampes-lampes-de-poche","8":"product_cat-lunettes-et-supports","9":"product_tag-army-survival-fr","10":"product_tag-chasse-peche","11":"product_tag-lampes-torche-fr","12":"product_tag-sport-outdoor-fr","14":"first","15":"instock","16":"taxable","17":"shipping-taxable","18":"purchasable","19":"product-type-simple"},"_links":{"self":[{"href":"https:\/\/metal-badge.ch\/fr\/wp-json\/wp\/v2\/product\/43558","targetHints":{"allow":["GET"]}}],"collection":[{"href":"https:\/\/metal-badge.ch\/fr\/wp-json\/wp\/v2\/product"}],"about":[{"href":"https:\/\/metal-badge.ch\/fr\/wp-json\/wp\/v2\/types\/product"}],"replies":[{"embeddable":true,"href":"https:\/\/metal-badge.ch\/fr\/wp-json\/wp\/v2\/comments?post=43558"}],"wp:featuredmedia":[{"embeddable":true,"href":"https:\/\/metal-badge.ch\/fr\/wp-json\/wp\/v2\/media\/88613"}],"wp:attachment":[{"href":"https:\/\/metal-badge.ch\/fr\/wp-json\/wp\/v2\/media?parent=43558"}],"wp:term":[{"taxonomy":"product_brand","embeddable":true,"href":"https:\/\/metal-badge.ch\/fr\/wp-json\/wp\/v2\/product_brand?post=43558"},{"taxonomy":"product_cat","embeddable":true,"href":"https:\/\/metal-badge.ch\/fr\/wp-json\/wp\/v2\/product_cat?post=43558"},{"taxonomy":"product_tag","embeddable":true,"href":"https:\/\/metal-badge.ch\/fr\/wp-json\/wp\/v2\/product_tag?post=43558"}],"curies":[{"name":"wp","href":"https:\/\/api.w.org\/{rel}","templated":true}]}}