{"id":43465,"date":"2018-02-15T11:48:52","date_gmt":"2018-02-15T11:48:52","guid":{"rendered":"https:\/\/shop.metal-badge.ch\/?product=gant-tactique-m-pact-brun"},"modified":"2020-08-02T03:26:13","modified_gmt":"2020-08-02T03:26:13","slug":"gant-tactique-m-pact-brun","status":"publish","type":"product","link":"https:\/\/metal-badge.ch\/fr\/product\/43465\/gant-tactique-m-pact-brun\/","title":{"rendered":"Gant tactique M-Pact brun"},"content":{"rendered":"<p>Le gant M-Pact est un gant polyvalent de la s\u00e9rie Tactical et offre une double protection pour la main. Les rev\u00eatements en caoutchouc autour des articulations et des doigts prot\u00e8gent ces parties de mani\u00e8re fiable. Quant \u00e0 la protection de la surface int\u00e9rieure du gant et la bonne prise en main, ce gant comporte des zones rembourr\u00e9es. Les pointes des pouces et des index sont renforc\u00e9es mais offrent tout de m\u00eame un bon toucher. La fermeture velcro au poignet optimise la tenue au poignet. Nous proposons diff\u00e9rentes tailles, voir tableau ci-dessous.<\/p>\n<p><strong>Informations du produit :<\/strong><br \/>\nR\u00e9glage facile et de qualit\u00e9<br \/>\nCouleur : brun\/noir<br \/>\nMati\u00e8re : int\u00e9rieur des mains : 58 % cuir Amara<br \/>\nMati\u00e8re : Mat\u00e9riau de rev\u00eatement du dos des mains avec 27 % de polyester Forway 15% de rev\u00eatement en caoutchouc<br \/>\nInt\u00e9rieur : Doublage en polyester<br \/>\nPoids : 112 g la paire<br \/>\nTailles : Disponible de 7 \u00e0 12, voir tableau ci-dessous<br \/>\n\u00a0<\/p>\n<p><img decoding=\"async\" src=\"https:\/\/metal-badge.ch\/wp-content\/uploads\/2021\/04\/size_table_einsatzhandschuhe.jpg\" style=\"height:auto; width:100%\" alt=\"\"><\/p>\n","protected":false},"excerpt":{"rendered":"<p>Le gant M-Pact est un gant polyvalent de la s\u00e9rie Tactical et offre une double protection pour la main. Les rev\u00eatements en caoutchouc autour des articulations et des doigts prot\u00e8gent ces parties de mani\u00e8re fiable. Quant \u00e0 la protection de la surface int\u00e9rieure du gant et la bonne prise en main, ce gant comporte des [&hellip;]<\/p>\n","protected":false},"featured_media":88659,"comment_status":"open","ping_status":"closed","template":"","meta":{"inline_featured_image":false},"product_brand":[],"product_cat":[1347,1643],"product_tag":[1769,1773,1781,1765],"class_list":{"0":"post-43465","1":"product","2":"type-product","3":"status-publish","4":"has-post-thumbnail","6":"product_cat-accessoires-militaires-de-chasse","7":"product_cat-gants-gants-dintervention","8":"product_tag-army-survival-fr","9":"product_tag-chasse-peche","10":"product_tag-police-securite","11":"product_tag-sport-outdoor-fr","13":"first","14":"instock","15":"taxable","16":"shipping-taxable","17":"purchasable","18":"product-type-simple"},"_links":{"self":[{"href":"https:\/\/metal-badge.ch\/fr\/wp-json\/wp\/v2\/product\/43465","targetHints":{"allow":["GET"]}}],"collection":[{"href":"https:\/\/metal-badge.ch\/fr\/wp-json\/wp\/v2\/product"}],"about":[{"href":"https:\/\/metal-badge.ch\/fr\/wp-json\/wp\/v2\/types\/product"}],"replies":[{"embeddable":true,"href":"https:\/\/metal-badge.ch\/fr\/wp-json\/wp\/v2\/comments?post=43465"}],"wp:featuredmedia":[{"embeddable":true,"href":"https:\/\/metal-badge.ch\/fr\/wp-json\/wp\/v2\/media\/88659"}],"wp:attachment":[{"href":"https:\/\/metal-badge.ch\/fr\/wp-json\/wp\/v2\/media?parent=43465"}],"wp:term":[{"taxonomy":"product_brand","embeddable":true,"href":"https:\/\/metal-badge.ch\/fr\/wp-json\/wp\/v2\/product_brand?post=43465"},{"taxonomy":"product_cat","embeddable":true,"href":"https:\/\/metal-badge.ch\/fr\/wp-json\/wp\/v2\/product_cat?post=43465"},{"taxonomy":"product_tag","embeddable":true,"href":"https:\/\/metal-badge.ch\/fr\/wp-json\/wp\/v2\/product_tag?post=43465"}],"curies":[{"name":"wp","href":"https:\/\/api.w.org\/{rel}","templated":true}]}}