{"id":43460,"date":"2018-02-15T11:24:13","date_gmt":"2018-02-15T11:24:13","guid":{"rendered":"https:\/\/shop.metal-badge.ch\/?product=gants-de-chasse-couleur-camouflage-sl-063"},"modified":"2018-02-15T11:59:16","modified_gmt":"2018-02-15T11:59:16","slug":"gants-de-chasse-couleur-camouflage-sl-063","status":"publish","type":"product","link":"https:\/\/metal-badge.ch\/fr\/product\/43460\/gants-de-chasse-couleur-camouflage-sl-063\/","title":{"rendered":"Gants de chasse couleur camouflage SL-063"},"content":{"rendered":"<p>Ces gants de chasse avec rev\u00eatement flexible et 85\u00a0% de softshell sont fournis en couleur camouflage. Les gants ont une excellente forme, et gr\u00e2ce aux picots en caoutchouc sur le doigt qui tire et le rev\u00eatement en cuir \u00e0 l\u2019int\u00e9rieur, ils assurent une tenue s\u00fbre et de qualit\u00e9. Ces gants sont respirants, coupe-vent et \u00e9tanches. Pour s&rsquo;adapter encore mieux \u00e0 vos mains, ils sont munis d\u2019un bord \u00e9lastique \u00e0 l&rsquo;arri\u00e8re. Nous proposons diff\u00e9rentes tailles, voir tableau ci-dessous.<br \/>\n\u00a0<\/p>\n<p><strong>Informations du produit :<\/strong><br \/>\nR\u00e9glage facile et de qualit\u00e9<br \/>\nLavable en machine<br \/>\nCouleur : Camouflage \/ noir<br \/>\nMati\u00e8re : 85 % Softshell 15 % doublure polyester et doigts de tir caoutchout\u00e9s des deux c\u00f4t\u00e9s<br \/>\navec rev\u00eatement en cuir sur la surface int\u00e9rieure<br \/>\nInt\u00e9rieur : Doublage en polyester<br \/>\nPoids : 75 g la paire<br \/>\nTailles : Disponible de 7 \u00e0 12, voir tableau ci-dessous<br \/>\n\u00a0<\/p>\n<p><img decoding=\"async\" src=\"https:\/\/metal-badge.ch\/wp-content\/uploads\/2021\/04\/size_table_einsatzhandschuhe.jpg\" style=\"height:auto; width:100%\" alt=\"\"><\/p>\n","protected":false},"excerpt":{"rendered":"<p>Ces gants de chasse avec rev\u00eatement flexible et 85\u00a0% de softshell sont fournis en couleur camouflage. Les gants ont une excellente forme, et gr\u00e2ce aux picots en caoutchouc sur le doigt qui tire et le rev\u00eatement en cuir \u00e0 l\u2019int\u00e9rieur, ils assurent une tenue s\u00fbre et de qualit\u00e9. Ces gants sont respirants, coupe-vent et \u00e9tanches. [&hellip;]<\/p>\n","protected":false},"featured_media":88661,"comment_status":"open","ping_status":"closed","template":"","meta":{"inline_featured_image":false},"product_brand":[],"product_cat":[1347,1643],"product_tag":[1769,1773,1781,1765],"class_list":{"0":"post-43460","1":"product","2":"type-product","3":"status-publish","4":"has-post-thumbnail","6":"product_cat-accessoires-militaires-de-chasse","7":"product_cat-gants-gants-dintervention","8":"product_tag-army-survival-fr","9":"product_tag-chasse-peche","10":"product_tag-police-securite","11":"product_tag-sport-outdoor-fr","13":"first","14":"instock","15":"taxable","16":"shipping-taxable","17":"purchasable","18":"product-type-simple"},"_links":{"self":[{"href":"https:\/\/metal-badge.ch\/fr\/wp-json\/wp\/v2\/product\/43460","targetHints":{"allow":["GET"]}}],"collection":[{"href":"https:\/\/metal-badge.ch\/fr\/wp-json\/wp\/v2\/product"}],"about":[{"href":"https:\/\/metal-badge.ch\/fr\/wp-json\/wp\/v2\/types\/product"}],"replies":[{"embeddable":true,"href":"https:\/\/metal-badge.ch\/fr\/wp-json\/wp\/v2\/comments?post=43460"}],"wp:featuredmedia":[{"embeddable":true,"href":"https:\/\/metal-badge.ch\/fr\/wp-json\/wp\/v2\/media\/88661"}],"wp:attachment":[{"href":"https:\/\/metal-badge.ch\/fr\/wp-json\/wp\/v2\/media?parent=43460"}],"wp:term":[{"taxonomy":"product_brand","embeddable":true,"href":"https:\/\/metal-badge.ch\/fr\/wp-json\/wp\/v2\/product_brand?post=43460"},{"taxonomy":"product_cat","embeddable":true,"href":"https:\/\/metal-badge.ch\/fr\/wp-json\/wp\/v2\/product_cat?post=43460"},{"taxonomy":"product_tag","embeddable":true,"href":"https:\/\/metal-badge.ch\/fr\/wp-json\/wp\/v2\/product_tag?post=43460"}],"curies":[{"name":"wp","href":"https:\/\/api.w.org\/{rel}","templated":true}]}}