{"id":43450,"date":"2018-02-15T10:48:03","date_gmt":"2018-02-15T10:48:03","guid":{"rendered":"https:\/\/shop.metal-badge.ch\/?product=gants-de-chasse-couleur-camouflage-sl-043"},"modified":"2020-08-02T03:26:00","modified_gmt":"2020-08-02T03:26:00","slug":"gants-de-chasse-couleur-camouflage-sl-043","status":"publish","type":"product","link":"https:\/\/metal-badge.ch\/fr\/product\/43450\/gants-de-chasse-couleur-camouflage-sl-043\/","title":{"rendered":"Gants de chasse couleur camouflage SL-043"},"content":{"rendered":"<p>Les gants camouflage sont l\u00e9gers et fins ; ils ont un motif de camouflage arbre v\u00e9ritable. Les gants ont une excellente forme, et gr\u00e2ce aux picots en caoutchouc \u00e0 l\u2019int\u00e9rieur, ils assurent une tenue s\u00fbre et de qualit\u00e9. Pour s&rsquo;adapter encore mieux \u00e0 vos mains, ils sont munis d\u2019un \u00e9lastique \u00e0 l&rsquo;arri\u00e8re. Les gants sont r\u00e9alis\u00e9s en mati\u00e8re softshell avec un doublage en polyester \u00e0 l\u2019int\u00e9rieur. Nous proposons diff\u00e9rentes tailles, voir tableau ci-dessous.<br \/>\n\u00a0<\/p>\n<p><strong>Informations du produit :<\/strong><br \/>\nR\u00e9glage facile et de qualit\u00e9<br \/>\nCouleur : Camouflage arbre v\u00e9ritable \/ noir<br \/>\nMati\u00e8re : 96 % softshell 4 % doublage en polyester et surface int\u00e9rieure caoutchout\u00e9e pour une prise en main s\u00fbre<br \/>\nInt\u00e9rieur : Doublage en polyester<br \/>\nPoids : 65 g la paire<br \/>\nTailles : Disponible de 7 \u00e0 12, voir tableau ci-dessous<\/p>\n<p><img decoding=\"async\" src=\"https:\/\/metal-badge.ch\/wp-content\/uploads\/2021\/04\/size_table_einsatzhandschuhe.jpg\" style=\"height:auto; width:100%\" alt=\"\"><\/p>\n","protected":false},"excerpt":{"rendered":"<p>Les gants camouflage sont l\u00e9gers et fins ; ils ont un motif de camouflage arbre v\u00e9ritable. Les gants ont une excellente forme, et gr\u00e2ce aux picots en caoutchouc \u00e0 l\u2019int\u00e9rieur, ils assurent une tenue s\u00fbre et de qualit\u00e9. Pour s&rsquo;adapter encore mieux \u00e0 vos mains, ils sont munis d\u2019un \u00e9lastique \u00e0 l&rsquo;arri\u00e8re. Les gants sont [&hellip;]<\/p>\n","protected":false},"featured_media":88665,"comment_status":"open","ping_status":"closed","template":"","meta":{"inline_featured_image":false},"product_brand":[],"product_cat":[1347,1643],"product_tag":[1769,1773,1781,1765],"class_list":{"0":"post-43450","1":"product","2":"type-product","3":"status-publish","4":"has-post-thumbnail","6":"product_cat-accessoires-militaires-de-chasse","7":"product_cat-gants-gants-dintervention","8":"product_tag-army-survival-fr","9":"product_tag-chasse-peche","10":"product_tag-police-securite","11":"product_tag-sport-outdoor-fr","13":"first","14":"instock","15":"taxable","16":"shipping-taxable","17":"purchasable","18":"product-type-simple"},"_links":{"self":[{"href":"https:\/\/metal-badge.ch\/fr\/wp-json\/wp\/v2\/product\/43450","targetHints":{"allow":["GET"]}}],"collection":[{"href":"https:\/\/metal-badge.ch\/fr\/wp-json\/wp\/v2\/product"}],"about":[{"href":"https:\/\/metal-badge.ch\/fr\/wp-json\/wp\/v2\/types\/product"}],"replies":[{"embeddable":true,"href":"https:\/\/metal-badge.ch\/fr\/wp-json\/wp\/v2\/comments?post=43450"}],"wp:featuredmedia":[{"embeddable":true,"href":"https:\/\/metal-badge.ch\/fr\/wp-json\/wp\/v2\/media\/88665"}],"wp:attachment":[{"href":"https:\/\/metal-badge.ch\/fr\/wp-json\/wp\/v2\/media?parent=43450"}],"wp:term":[{"taxonomy":"product_brand","embeddable":true,"href":"https:\/\/metal-badge.ch\/fr\/wp-json\/wp\/v2\/product_brand?post=43450"},{"taxonomy":"product_cat","embeddable":true,"href":"https:\/\/metal-badge.ch\/fr\/wp-json\/wp\/v2\/product_cat?post=43450"},{"taxonomy":"product_tag","embeddable":true,"href":"https:\/\/metal-badge.ch\/fr\/wp-json\/wp\/v2\/product_tag?post=43450"}],"curies":[{"name":"wp","href":"https:\/\/api.w.org\/{rel}","templated":true}]}}