{"id":43445,"date":"2018-02-15T10:37:27","date_gmt":"2018-02-15T10:37:27","guid":{"rendered":"https:\/\/shop.metal-badge.ch\/?product=gants-de-chasse-en-neoprene-nn-053"},"modified":"2018-02-15T23:08:01","modified_gmt":"2018-02-15T23:08:01","slug":"gants-de-chasse-en-neoprene-nn-053","status":"publish","type":"product","link":"https:\/\/metal-badge.ch\/fr\/product\/43445\/gants-de-chasse-en-neoprene-nn-053\/","title":{"rendered":"Gants de chasse en n\u00e9opr\u00e8ne NN-053"},"content":{"rendered":"<p>Ces gants de chasse en <strong>n\u00e9opr\u00e8ne<\/strong> tiennent leurs promesses. Ces gants ont une apparence discr\u00e8te dans une couleur olive. Les gants confortables en mat\u00e9riel n\u00e9opr\u00e8ne sont cependant tr\u00e8s robustes et antid\u00e9rapants. Les doigts fonctionnels des deux c\u00f4t\u00e9s pour tirer peuvent \u00eatre fix\u00e9s par velcro. Les fermetures velcro suppl\u00e9mentaires optimisent l&rsquo;ajustement au poignet. Bon ajustement garanti. Nous proposons diff\u00e9rentes tailles.<br \/>\n\u00a0<\/p>\n<p><strong>Informations du produit :<\/strong><br \/>\nLes doigts fonctionnels des deux c\u00f4t\u00e9s pour tirer peuvent \u00eatre fix\u00e9s par velcro.<br \/>\nR\u00e9glage facile et de qualit\u00e9<br \/>\nCouleur : Vert olive<br \/>\nMati\u00e8re : 90 % n\u00e9opr\u00e8ne, 10 % polyester<br \/>\nPoids : 90 g la paire<br \/>\nLes fermetures velcro suppl\u00e9mentaires optimisent l&rsquo;ajustement au poignet.<br \/>\nTailles : Disponible de 7 \u00e0 12, voir tableau ci-dessous<br \/>\n\u00a0<\/p>\n<p><img decoding=\"async\" src=\"https:\/\/metal-badge.ch\/wp-content\/uploads\/2021\/04\/size_table_einsatzhandschuhe.jpg\" style=\"height:auto; width:100%\" alt=\"\"><\/p>\n","protected":false},"excerpt":{"rendered":"<p>Ces gants de chasse en n\u00e9opr\u00e8ne tiennent leurs promesses. Ces gants ont une apparence discr\u00e8te dans une couleur olive. Les gants confortables en mat\u00e9riel n\u00e9opr\u00e8ne sont cependant tr\u00e8s robustes et antid\u00e9rapants. Les doigts fonctionnels des deux c\u00f4t\u00e9s pour tirer peuvent \u00eatre fix\u00e9s par velcro. Les fermetures velcro suppl\u00e9mentaires optimisent l&rsquo;ajustement au poignet. Bon ajustement garanti. [&hellip;]<\/p>\n","protected":false},"featured_media":88667,"comment_status":"open","ping_status":"closed","template":"","meta":{"inline_featured_image":false},"product_brand":[],"product_cat":[1347,1643],"product_tag":[1769,1773,1781,1765],"class_list":{"0":"post-43445","1":"product","2":"type-product","3":"status-publish","4":"has-post-thumbnail","6":"product_cat-accessoires-militaires-de-chasse","7":"product_cat-gants-gants-dintervention","8":"product_tag-army-survival-fr","9":"product_tag-chasse-peche","10":"product_tag-police-securite","11":"product_tag-sport-outdoor-fr","13":"first","14":"instock","15":"taxable","16":"shipping-taxable","17":"purchasable","18":"product-type-simple"},"_links":{"self":[{"href":"https:\/\/metal-badge.ch\/fr\/wp-json\/wp\/v2\/product\/43445","targetHints":{"allow":["GET"]}}],"collection":[{"href":"https:\/\/metal-badge.ch\/fr\/wp-json\/wp\/v2\/product"}],"about":[{"href":"https:\/\/metal-badge.ch\/fr\/wp-json\/wp\/v2\/types\/product"}],"replies":[{"embeddable":true,"href":"https:\/\/metal-badge.ch\/fr\/wp-json\/wp\/v2\/comments?post=43445"}],"wp:featuredmedia":[{"embeddable":true,"href":"https:\/\/metal-badge.ch\/fr\/wp-json\/wp\/v2\/media\/88667"}],"wp:attachment":[{"href":"https:\/\/metal-badge.ch\/fr\/wp-json\/wp\/v2\/media?parent=43445"}],"wp:term":[{"taxonomy":"product_brand","embeddable":true,"href":"https:\/\/metal-badge.ch\/fr\/wp-json\/wp\/v2\/product_brand?post=43445"},{"taxonomy":"product_cat","embeddable":true,"href":"https:\/\/metal-badge.ch\/fr\/wp-json\/wp\/v2\/product_cat?post=43445"},{"taxonomy":"product_tag","embeddable":true,"href":"https:\/\/metal-badge.ch\/fr\/wp-json\/wp\/v2\/product_tag?post=43445"}],"curies":[{"name":"wp","href":"https:\/\/api.w.org\/{rel}","templated":true}]}}