{"id":43439,"date":"2018-02-15T10:27:47","date_gmt":"2018-02-15T10:27:47","guid":{"rendered":"https:\/\/shop.metal-badge.ch\/?product=gants-couleur-olive-lr-fs-064"},"modified":"2020-08-02T03:25:51","modified_gmt":"2020-08-02T03:25:51","slug":"gants-couleur-olive-lr-fs-064","status":"publish","type":"product","link":"https:\/\/metal-badge.ch\/fr\/product\/43439\/gants-couleur-olive-lr-fs-064\/","title":{"rendered":"Gants couleur olive LR-FS-064"},"content":{"rendered":"<p>Ces gants en cuir de ch\u00e8vre et en polaire sont tr\u00e8s l\u00e9gers et s&rsquo;adaptent parfaitement \u00e0 la main. Le cuir de ch\u00e8vre du c\u00f4t\u00e9 de la paume de la main n&rsquo;est pas trop \u00e9pais ; ce gant est donc id\u00e9al pour chasser et offre une bonne prise en main La polaire moelleuse en tant que mati\u00e8re sup\u00e9rieure tient bien chaud. Pour s&rsquo;adapter encore mieux \u00e0 vos mains, ils sont munis d\u2019un bord \u00e9lastique noir et large \u00e0 l&rsquo;arri\u00e8re. Nous proposons diff\u00e9rentes tailles, voir tableau ci-dessous.<br \/>\n\u00a0<\/p>\n<p><strong>Informations du produit :<\/strong><br \/>\nAjustement facile et excellent<br \/>\nBord noir de 4,5 cm de large<br \/>\nCouleur : olive\/noir<br \/>\nMati\u00e8re : 60 % cuir de ch\u00e8vre 40 % polaire<br \/>\nAvec garniture en cuir \u00e0 l\u2019int\u00e9rieur<br \/>\nPoids : 56 g la paire<br \/>\nTailles : Disponible de 7 \u00e0 12, voir tableau ci-dessous<br \/>\n\u00a0<\/p>\n<p><img decoding=\"async\" src=\"https:\/\/metal-badge.ch\/wp-content\/uploads\/2021\/04\/size_table_einsatzhandschuhe.jpg\" style=\"height:auto; width:100%\" alt=\"\"><\/p>\n","protected":false},"excerpt":{"rendered":"<p>Ces gants en cuir de ch\u00e8vre et en polaire sont tr\u00e8s l\u00e9gers et s&rsquo;adaptent parfaitement \u00e0 la main. Le cuir de ch\u00e8vre du c\u00f4t\u00e9 de la paume de la main n&rsquo;est pas trop \u00e9pais ; ce gant est donc id\u00e9al pour chasser et offre une bonne prise en main La polaire moelleuse en tant que [&hellip;]<\/p>\n","protected":false},"featured_media":88669,"comment_status":"open","ping_status":"closed","template":"","meta":{"inline_featured_image":false},"product_brand":[],"product_cat":[1347,1643],"product_tag":[1769,1773,1781,1765],"class_list":{"0":"post-43439","1":"product","2":"type-product","3":"status-publish","4":"has-post-thumbnail","6":"product_cat-accessoires-militaires-de-chasse","7":"product_cat-gants-gants-dintervention","8":"product_tag-army-survival-fr","9":"product_tag-chasse-peche","10":"product_tag-police-securite","11":"product_tag-sport-outdoor-fr","13":"first","14":"instock","15":"taxable","16":"shipping-taxable","17":"purchasable","18":"product-type-simple"},"_links":{"self":[{"href":"https:\/\/metal-badge.ch\/fr\/wp-json\/wp\/v2\/product\/43439","targetHints":{"allow":["GET"]}}],"collection":[{"href":"https:\/\/metal-badge.ch\/fr\/wp-json\/wp\/v2\/product"}],"about":[{"href":"https:\/\/metal-badge.ch\/fr\/wp-json\/wp\/v2\/types\/product"}],"replies":[{"embeddable":true,"href":"https:\/\/metal-badge.ch\/fr\/wp-json\/wp\/v2\/comments?post=43439"}],"wp:featuredmedia":[{"embeddable":true,"href":"https:\/\/metal-badge.ch\/fr\/wp-json\/wp\/v2\/media\/88669"}],"wp:attachment":[{"href":"https:\/\/metal-badge.ch\/fr\/wp-json\/wp\/v2\/media?parent=43439"}],"wp:term":[{"taxonomy":"product_brand","embeddable":true,"href":"https:\/\/metal-badge.ch\/fr\/wp-json\/wp\/v2\/product_brand?post=43439"},{"taxonomy":"product_cat","embeddable":true,"href":"https:\/\/metal-badge.ch\/fr\/wp-json\/wp\/v2\/product_cat?post=43439"},{"taxonomy":"product_tag","embeddable":true,"href":"https:\/\/metal-badge.ch\/fr\/wp-json\/wp\/v2\/product_tag?post=43439"}],"curies":[{"name":"wp","href":"https:\/\/api.w.org\/{rel}","templated":true}]}}