{"id":43434,"date":"2018-02-14T14:41:03","date_gmt":"2018-02-14T14:41:03","guid":{"rendered":"https:\/\/shop.metal-badge.ch\/?product=gants-de-chasse-couleur-camouflage-lr-fs-043"},"modified":"2020-08-02T03:25:47","modified_gmt":"2020-08-02T03:25:47","slug":"gants-de-chasse-couleur-camouflage-lr-fs-043","status":"publish","type":"product","link":"https:\/\/metal-badge.ch\/fr\/product\/43434\/gants-de-chasse-couleur-camouflage-lr-fs-043\/","title":{"rendered":"Gants de chasse couleur camouflage LR-FS-043"},"content":{"rendered":"<p>Ces gants l\u00e9gers et fins sont fournis avec un motif camouflage en polaire en polyester respirante et cuir de ch\u00e8vre noir. Les gants ont une excellente forme, et le cuir de ch\u00e8vre \u00e9lastique assure une tenue s\u00fbre et de qualit\u00e9 \u00e0 l\u2019int\u00e9rieur des gants. Les fermetures velcro optimisent l&rsquo;ajustement au poignet. Nous proposons diff\u00e9rentes tailles, voir tableau ci-dessous.<br \/>\n\u00a0<\/p>\n<p><strong>Informations du produit : <\/strong><br \/>\nR\u00e9glage facile et de qualit\u00e9<br \/>\nCouleur : Camouflage \/ noir<br \/>\nMati\u00e8re : 35 % polaire polyester et 65 % cuir de ch\u00e8vre<br \/>\nInt\u00e9rieur : rembourrage chaud en polyester<br \/>\nPoids : 72 g la paire<br \/>\nTailles : Disponible de 7 \u00e0 12, voir tableau ci-dessous<\/p>\n<p><img decoding=\"async\" src=\"https:\/\/metal-badge.ch\/wp-content\/uploads\/2021\/04\/size_table_einsatzhandschuhe.jpg\" style=\"height:auto; width:100%\" alt=\"\"><\/p>\n","protected":false},"excerpt":{"rendered":"<p>Ces gants l\u00e9gers et fins sont fournis avec un motif camouflage en polaire en polyester respirante et cuir de ch\u00e8vre noir. Les gants ont une excellente forme, et le cuir de ch\u00e8vre \u00e9lastique assure une tenue s\u00fbre et de qualit\u00e9 \u00e0 l\u2019int\u00e9rieur des gants. Les fermetures velcro optimisent l&rsquo;ajustement au poignet. Nous proposons diff\u00e9rentes tailles, [&hellip;]<\/p>\n","protected":false},"featured_media":88671,"comment_status":"open","ping_status":"closed","template":"","meta":{"inline_featured_image":false},"product_brand":[],"product_cat":[1347,1643],"product_tag":[1769,1773,1781,1765],"class_list":{"0":"post-43434","1":"product","2":"type-product","3":"status-publish","4":"has-post-thumbnail","6":"product_cat-accessoires-militaires-de-chasse","7":"product_cat-gants-gants-dintervention","8":"product_tag-army-survival-fr","9":"product_tag-chasse-peche","10":"product_tag-police-securite","11":"product_tag-sport-outdoor-fr","13":"first","14":"instock","15":"taxable","16":"shipping-taxable","17":"purchasable","18":"product-type-simple"},"_links":{"self":[{"href":"https:\/\/metal-badge.ch\/fr\/wp-json\/wp\/v2\/product\/43434","targetHints":{"allow":["GET"]}}],"collection":[{"href":"https:\/\/metal-badge.ch\/fr\/wp-json\/wp\/v2\/product"}],"about":[{"href":"https:\/\/metal-badge.ch\/fr\/wp-json\/wp\/v2\/types\/product"}],"replies":[{"embeddable":true,"href":"https:\/\/metal-badge.ch\/fr\/wp-json\/wp\/v2\/comments?post=43434"}],"wp:featuredmedia":[{"embeddable":true,"href":"https:\/\/metal-badge.ch\/fr\/wp-json\/wp\/v2\/media\/88671"}],"wp:attachment":[{"href":"https:\/\/metal-badge.ch\/fr\/wp-json\/wp\/v2\/media?parent=43434"}],"wp:term":[{"taxonomy":"product_brand","embeddable":true,"href":"https:\/\/metal-badge.ch\/fr\/wp-json\/wp\/v2\/product_brand?post=43434"},{"taxonomy":"product_cat","embeddable":true,"href":"https:\/\/metal-badge.ch\/fr\/wp-json\/wp\/v2\/product_cat?post=43434"},{"taxonomy":"product_tag","embeddable":true,"href":"https:\/\/metal-badge.ch\/fr\/wp-json\/wp\/v2\/product_tag?post=43434"}],"curies":[{"name":"wp","href":"https:\/\/api.w.org\/{rel}","templated":true}]}}